{"id":595,"date":"2023-12-06T11:55:01","date_gmt":"2023-12-06T10:55:01","guid":{"rendered":"\/?post_type=product&#038;p=595"},"modified":"2026-04-16T07:33:14","modified_gmt":"2026-04-16T06:33:14","slug":"podklada-poziomujaca","status":"publish","type":"product","link":"https:\/\/axkid.com\/pl\/product\/podklada-poziomujaca\/","title":{"rendered":"Podk\u0142ada poziomuj\u0105ca"},"content":{"rendered":"<p>Podk\u0142ada poziomuj\u0105ca, zaprojektowana i skonstruowana tak, aby fotelik samochodowy skierowany ty\u0142em do kierunku jazdy delikatnie odchyli\u0107 do ty\u0142u, zapewniaj\u0105c dziecku wi\u0119kszy komfort i bezpiecze\u0144stwo. Podk\u0142adka \u015bci\u015ble przylega do spodu fotelika samochodowego skierowanego ty\u0142em do kierunku jazdy i siedzenia samochodu. Wa\u017cne jest, aby fotelik samochodowy nie by\u0142 pochylony bardziej ni\u017c oko\u0142o 37 stopni. Podk\u0142ada poziomuj\u0105ca do regulacji k\u0105ta jest kompatybilna ze wszystkimi naszymi fotelikami samochodowymi skierowanymi ty\u0142em do kierunku jazdy, montowanymi za pomoc\u0105 pas\u00f3w.<\/p>\n","protected":false},"excerpt":{"rendered":"<p>Podk\u0142adka poziomuj\u0105ca, zaprojektowany i skonstruowany tak, aby fotelik samochodowy skierowany ty\u0142em do kierunku jazdy delikatnie odchyla\u0142 si\u0119 do ty\u0142u, zapewniaj\u0105c dziecku wi\u0119kszy komfort i bezpiecze\u0144stwo.<\/p>\n","protected":false},"featured_media":801,"comment_status":"open","ping_status":"closed","template":"","meta":{"_acf_changed":false,"_seopress_robots_primary_cat":"none","_seopress_titles_title":"Podk\u0142adka poziomuj\u0105ca | Axkid","_seopress_titles_desc":"Nadaje fotelikowi samochodowemu lepsze nachylenie i sprawia, \u017ce \u200b\u200bjest on wygodniejszy dla Twojego dziecka.","_seopress_robots_index":"","content-type":"","_relevanssi_hide_post":"","_relevanssi_hide_content":"","_relevanssi_pin_for_all":"","_relevanssi_pin_keywords":"","_relevanssi_unpin_keywords":"","_relevanssi_related_keywords":"","_relevanssi_related_include_ids":"","_relevanssi_related_exclude_ids":"","_relevanssi_related_no_append":"","_relevanssi_related_not_related":"","_relevanssi_related_posts":"","_relevanssi_noindex_reason":"","editor_notices":[]},"product_brand":[],"product_cat":[17],"product_tag":[63],"class_list":{"0":"post-595","1":"product","2":"type-product","3":"status-publish","4":"has-post-thumbnail","6":"product_cat-akcesoria","7":"product_tag-installation-accessories","9":"first","10":"instock","11":"taxable","12":"shipping-taxable","13":"purchasable","14":"product-type-simple"},"bundled_by":[],"bundle_stock_status":"instock","bundle_stock_quantity":1,"bundle_virtual":false,"bundle_layout":"","bundle_add_to_cart_form_location":"","bundle_editable_in_cart":false,"bundle_sold_individually_context":"","bundle_item_grouping":"","bundle_min_size":"","bundle_max_size":"","bundle_price":[],"bundled_items":[],"bundle_sell_ids":[],"acf":[],"jetpack_sharing_enabled":true,"_links":{"self":[{"href":"https:\/\/axkid.com\/pl\/wp-json\/wp\/v2\/product\/595","targetHints":{"allow":["GET"]}}],"collection":[{"href":"https:\/\/axkid.com\/pl\/wp-json\/wp\/v2\/product"}],"about":[{"href":"https:\/\/axkid.com\/pl\/wp-json\/wp\/v2\/types\/product"}],"replies":[{"embeddable":true,"href":"https:\/\/axkid.com\/pl\/wp-json\/wp\/v2\/comments?post=595"}],"wp:featuredmedia":[{"embeddable":true,"href":"https:\/\/axkid.com\/pl\/wp-json\/wp\/v2\/media\/801"}],"wp:attachment":[{"href":"https:\/\/axkid.com\/pl\/wp-json\/wp\/v2\/media?parent=595"}],"wp:term":[{"taxonomy":"product_brand","embeddable":true,"href":"https:\/\/axkid.com\/pl\/wp-json\/wp\/v2\/product_brand?post=595"},{"taxonomy":"product_cat","embeddable":true,"href":"https:\/\/axkid.com\/pl\/wp-json\/wp\/v2\/product_cat?post=595"},{"taxonomy":"product_tag","embeddable":true,"href":"https:\/\/axkid.com\/pl\/wp-json\/wp\/v2\/product_tag?post=595"}],"curies":[{"name":"wp","href":"https:\/\/api.w.org\/{rel}","templated":true}]}}