{"id":617,"date":"2023-11-24T12:39:40","date_gmt":"2023-11-24T11:39:40","guid":{"rendered":"\/?post_type=product&#038;p=617"},"modified":"2025-11-03T11:36:18","modified_gmt":"2025-11-03T10:36:18","slug":"move","status":"publish","type":"product","link":"https:\/\/axkid.com\/pl\/product\/move\/","title":{"rendered":"Move"},"content":{"rendered":"<p><strong>Przyst\u0119pny cenowo i bezpieczny<\/strong> &#8211; Jeden z najta\u0144szych i najbezpieczniejszych fotelik\u00f3w samochodowych skierowanych ty\u0142em do kierunku jazdy na rynku<\/p>\n<p><strong>Przetestowany Plus<\/strong> &#8211; Zda\u0142 najtrudniejszy na \u015bwiecie test zderzeniowy, Plus Test, do 25 kg<\/p>\n<p><strong>Przed\u0142u\u017cone podr\u00f3\u017cowanie ty\u0142em do kierunku jazdy<\/strong> &#8211; Przestronny fotelik, a jednocze\u015bnie kompaktowa konstrukcja, kt\u00f3ra mo\u017ce by\u0107 u\u017cywana do 25 kg i 125 cm<\/p>\n<p><strong>\u0141atwy do przenoszenia mi\u0119dzy samochodami<\/strong> &#8211; AxkidMove wa\u017cy mniej ni\u017c 10 kg, dlatego jest \u0142atwy do przenoszenia mi\u0119dzy samochodami<\/p>\n<h3>Przestronny i niedrogi fotelik z wbudowanym szwedzkim DNA bezpiecze\u0144stwa<\/h3>\n<p>Je\u015bli szukasz fotelika, kt\u00f3ry zapewnia maksymalne bezpiecze\u0144stwo w przyst\u0119pnej cenie, AxkidMove jest fotelikiem dla Ciebie. AxkidMove zosta\u0142 opracowany na podstawie popularnego fotelika Minikid2 i ma takie same sztywne wymagania dotycz\u0105ce bezpiecze\u0144stwa, obs\u0142ugi i komfortu. Move jest Plus-Testowany do 25 kg i zosta\u0142 nagrodzony przez firm\u0119 ubezpieczeniow\u0105 Folksam2019 jako \u201eDobry wyb\u00f3r\u201d.<\/p>\n<h3>Chroni Twoje dziecko ze wszystkich stron<\/h3>\n<p>W przypadku kolizji, siedzenie ty\u0142em do kierunku jazdy jest do pi\u0119ciu razy bezpieczniejsze dla dzieci ni\u017c siedzenie przodem do kierunku jazdy, poniewa\u017c si\u0142y zderzenia s\u0105 roz\u0142o\u017cone bardziej r\u00f3wnomiernie, a szyja jest lepiej chroniona w foteliku samochodowym skierowanym ty\u0142em do kierunku jazdy. W przeciwie\u0144stwie do wielu konkurent\u00f3w w tym samym przedziale cenowym, Axkid Move zosta\u0142 opracowany od pocz\u0105tku do u\u017cytku wy\u0142\u0105cznie ty\u0142em do kierunku jazdy. Oznacza to, \u017ce Move jest bardzo bezpiecznym fotelikiem samochodowym, a jednocze\u015bnie przestronnym i wygodnym dla Twojego dziecka a\u017c do 6-7 roku \u017cycia (ok. 125 cm i 25 kg).<\/p>\n<p>Wiele fotelik\u00f3w w tej samej kategorii cenowej co Axkid Move nie ma nowoczesnych system\u00f3w ochrony przed uderzeniami bocznymi, mimo \u017ce 25% wszystkich powa\u017cnych wypadk\u00f3w ma miejsce z boku lub z przodu pod k\u0105tem bocznym. AxkidMove jest wyposa\u017cony w innowacyjn\u0105 technologi\u0119 Axkid Side Impact Protection (ASIP), kt\u00f3ra zosta\u0142a opracowana we wsp\u00f3\u0142pracy z najbardziej uznanym na \u015bwiecie instytutem test\u00f3w zderzeniowych \u2013 ADAC w Niemczech. Podczas zderzenia ASIP tworzy ochronn\u0105 stref\u0119 deformacji i r\u00f3wnomierniej rozk\u0142ada si\u0142y zderzenia, zmniejszaj\u0105c tym samym ryzyko powa\u017cnych obra\u017ce\u0144.<\/p>\n<p>Aby mie\u0107 pewno\u015b\u0107, \u017ce Twoje dziecko siedzi bezpiecznie i wygodnie w foteliku, AxkidMove jest wyposa\u017cony w 5-punktowe pasy bezpiecze\u0144stwa (ramiona, biodra, klamra), kt\u00f3re rozk\u0142adaj\u0105 si\u0142y zderzenia w przypadku zderzenia, zmniejszaj\u0105c tym samym obci\u0105\u017cenie pojedynczej ko\u0144czyny.<\/p>\n<h3>Przyst\u0119pny cenowo zwyci\u0119zca testu<\/h3>\n<p>Axkid Move zosta\u0142 nagrodzony nagrod\u0105 \u201eGood Choice\u201d przez Folksam (wiod\u0105c\u0105 szwedzk\u0105 firm\u0119 ubezpieczeniow\u0105) i przeszed\u0142 Plus-Test do 25 kg. Oznacza to, \u017ce Axkid Move jest jednym z najbezpieczniejszych fotelik\u00f3w dost\u0119pnych na rynku. Plus-test to opcjonalny szwedzki test zderzeniowy, kt\u00f3ry jest uwa\u017cany za najtrudniejszy test zderzeniowy na \u015bwiecie, w kt\u00f3rym fotelik jest nara\u017cony na wi\u0119ksz\u0105 pr\u0119dko\u015b\u0107, kr\u00f3tsz\u0105 drog\u0119 hamowania i dok\u0142adniej ni\u017c w innych testach mierzy obci\u0105\u017cenia szyi manekina testowego. Jak dot\u0105d \u017caden fotelik skierowany do przodu nie przeszed\u0142 testu Plus.<\/p>\n<h3>Przestronne i wygodne siedzisko<\/h3>\n<p>Axkid Move to przestronne i wygodne siedzisko, w kt\u00f3rym dzieci mog\u0105 podr\u00f3\u017cowa\u0107 do ok. 125 cm. Siedzisko ma kompaktow\u0105 konstrukcj\u0119 i mo\u017cna je zamontowa\u0107 zar\u00f3wno w ma\u0142ych, jak i du\u017cych samochodach. Siedzenie ma 2 pozycje odchylenia, co pozwala na uzyskanie wygodnej i bezpiecznej pozycji. Je\u015bli potrzebne jest wi\u0119ksze odchylenie, nasz klin do regulacji k\u0105ta jest dobrym dodatkiem.<\/p>\n<h3>\u015awiatowy lider w dziedzinie bezpiecze\u0144stwa ze Szwecji<\/h3>\n<p>Axkid Move jest wyposa\u017cony w najwy\u017cszej jako\u015bci uprz\u0105\u017c i system bezpiecze\u0144stwa od szwedzkiego dostawcy technologii Holmbergs\u00ae. Ka\u017cdy element, od klamry do paska, jest testowany ponad normami, aby zapewni\u0107 najwy\u017csz\u0105 jako\u015b\u0107 i wydajno\u015b\u0107, kt\u00f3ra wyr\u00f3\u017cnia \u015bwiatowego lidera<\/p>\n<h3>\u0141atwiejsza codzienno\u015b\u0107 w ruchu<\/h3>\n<p>AxkidMove wa\u017cy mniej ni\u017c 10 kg, dlatego jest \u0142atwy do przenoszenia mi\u0119dzy samochodami i jest dostarczany z zestawem pas\u00f3w mocuj\u0105cych. Je\u015bli planujesz regularnie przenosi\u0107 Axkid Move mi\u0119dzy samochodami, mo\u017cesz chcie\u0107 kupi\u0107 drugi (zapasowy) zestaw pas\u00f3w mocuj\u0105cych Axkid Move, aby wst\u0119pnie zamontowa\u0107 go w drugim samochodzie, co u\u0142atwi i przyspieszy przenoszenie. Elastyczny pokrowiec na siedzenie jest wykonany z nietoksycznych materia\u0142\u00f3w, \u0142atwy do zdj\u0119cia i mo\u017cna go pra\u0107 w pralce w temperaturze 30 stopni, co znacznie u\u0142atwia codzienne obowi\u0105zki rodzica.<\/p>\n<h3>Fakty Axkid Move:<\/h3>\n<p>Typ: Fotelik samochodowy skierowany ty\u0142em do kierunku jazdy (rozszerzony)<br \/>\nMonta\u017c: Mocowanie pasem<br \/>\nZatwierdzona waga dziecka: do 25 kg<br \/>\nZatwierdzona d\u0142ugo\u015b\u0107 dziecka: do ok. 125 cm<br \/>\nCertyfikat: ECE R44\/04<br \/>\nTestowane w Plus: Tak, do 25 kg<\/p>\n<p>W zestawie pasy mocuj\u0105ce i ASIP<\/p>\n","protected":false},"excerpt":{"rendered":"<p>Axkid Move posiada certyfikat Plus Test i jest wyposa\u017cony w nasz\u0105 zaawansowan\u0105 ochron\u0119 przed uderzeniami bocznymi (ASIP), opracowan\u0105 we wsp\u00f3\u0142pracy z ADAC w celu zapewnienia kompleksowej ochrony. Posiada prosty system mocowania z podw\u00f3jnymi pasami mocuj\u0105cymi i nog\u0105 regulowan\u0105 pod k\u0105tem, dzi\u0119ki czemu instalacja jest bezpieczna i prosta<\/p>\n","protected":false},"featured_media":4678,"comment_status":"open","ping_status":"closed","template":"","meta":{"_acf_changed":false,"_seopress_robots_primary_cat":"none","_seopress_titles_title":"Axkid Move | Fotelik samochodowy skierowany ty\u0142em do kierunku jazdy | 9-25 kg | Axkid","_seopress_titles_desc":"Jeden z najbardziej przyst\u0119pnych cenowo i najbezpieczniejszych przed\u0142u\u017conych fotelik\u00f3w samochodowych skierowanych ty\u0142em do kierunku jazdy na rynku. Przeszed\u0142 najtrudniejszy na \u015bwiecie test zderzeniowy do 25 kg. Wyposa\u017cony w ASIP.","_seopress_robots_index":"","content-type":"","_relevanssi_hide_post":"","_relevanssi_hide_content":"","_relevanssi_pin_for_all":"","_relevanssi_pin_keywords":"","_relevanssi_unpin_keywords":"","_relevanssi_related_keywords":"","_relevanssi_related_include_ids":"","_relevanssi_related_exclude_ids":"","_relevanssi_related_no_append":"","_relevanssi_related_not_related":"","_relevanssi_related_posts":"","_relevanssi_noindex_reason":"","editor_notices":[]},"product_brand":[],"product_cat":[80,412,18],"product_tag":[71],"class_list":{"0":"post-617","1":"product","2":"type-product","3":"status-publish","4":"has-post-thumbnail","6":"product_cat-foteliki-samochodowe-tylem-do-kierunku-jazdy","7":"product_cat-outlet","8":"product_cat-wszystkie-foteliki-samochodowe","9":"product_tag-rf-car-seats","11":"first","12":"outofstock","13":"taxable","14":"shipping-taxable","15":"purchasable","16":"product-type-variable","17":"has-default-attributes"},"bundled_by":[],"bundle_stock_status":"outofstock","bundle_stock_quantity":null,"bundle_virtual":false,"bundle_layout":"","bundle_add_to_cart_form_location":"","bundle_editable_in_cart":false,"bundle_sold_individually_context":"","bundle_item_grouping":"","bundle_min_size":"","bundle_max_size":"","bundle_price":[],"bundled_items":[],"bundle_sell_ids":[],"acf":[],"jetpack_sharing_enabled":true,"_links":{"self":[{"href":"https:\/\/axkid.com\/pl\/wp-json\/wp\/v2\/product\/617","targetHints":{"allow":["GET"]}}],"collection":[{"href":"https:\/\/axkid.com\/pl\/wp-json\/wp\/v2\/product"}],"about":[{"href":"https:\/\/axkid.com\/pl\/wp-json\/wp\/v2\/types\/product"}],"replies":[{"embeddable":true,"href":"https:\/\/axkid.com\/pl\/wp-json\/wp\/v2\/comments?post=617"}],"wp:featuredmedia":[{"embeddable":true,"href":"https:\/\/axkid.com\/pl\/wp-json\/wp\/v2\/media\/4678"}],"wp:attachment":[{"href":"https:\/\/axkid.com\/pl\/wp-json\/wp\/v2\/media?parent=617"}],"wp:term":[{"taxonomy":"product_brand","embeddable":true,"href":"https:\/\/axkid.com\/pl\/wp-json\/wp\/v2\/product_brand?post=617"},{"taxonomy":"product_cat","embeddable":true,"href":"https:\/\/axkid.com\/pl\/wp-json\/wp\/v2\/product_cat?post=617"},{"taxonomy":"product_tag","embeddable":true,"href":"https:\/\/axkid.com\/pl\/wp-json\/wp\/v2\/product_tag?post=617"}],"curies":[{"name":"wp","href":"https:\/\/api.w.org\/{rel}","templated":true}]}}