{"id":635,"date":"2019-09-12T09:01:04","date_gmt":"2019-09-12T08:01:04","guid":{"rendered":"\/?post_type=product&#038;p=635"},"modified":"2026-04-16T07:33:04","modified_gmt":"2026-04-16T06:33:04","slug":"petle-mocujace","status":"publish","type":"product","link":"https:\/\/axkid.com\/pl\/product\/petle-mocujace\/","title":{"rendered":"P\u0119tle mocuj\u0105ce"},"content":{"rendered":"<p>P\u0119tle mocuj\u0105ce Axkids zosta\u0142y zaprojektowane tak, aby upro\u015bci\u0107 instalacj\u0119 fotelika samochodowego w poje\u017adzie. W ka\u017cdym opakowaniu znajduj\u0105 si\u0119 dwie p\u0119tle mocuj\u0105ce.<\/p>\n","protected":false},"excerpt":{"rendered":"<p>P\u0119tle mocuj\u0105ce Axkids zosta\u0142y zaprojektowane w celu uproszczenia instalacji fotelika samochodowego ty\u0142em do kierunku jazdy w poje\u017adzie. W ka\u017cdym opakowaniu znajduj\u0105 si\u0119 dwie p\u0119tle mocuj\u0105ce.<\/p>\n","protected":false},"featured_media":825,"comment_status":"open","ping_status":"closed","template":"","meta":{"_acf_changed":false,"_seopress_robots_primary_cat":"none","_seopress_titles_title":"Axkid p\u0119tle mocuj\u0105ce| Car seat accessories | Axkid","_seopress_titles_desc":"P\u0119tle upraszczaj\u0105 monta\u017c fotelika samochodowego w poje\u017adzie. \u0141atwe mocowanie napinaczy Axkid Minikid bez konieczno\u015bci stosowania dodatkowych pas\u00f3w mocuj\u0105cych","_seopress_robots_index":"","content-type":"","_relevanssi_hide_post":"","_relevanssi_hide_content":"","_relevanssi_pin_for_all":"","_relevanssi_pin_keywords":"","_relevanssi_unpin_keywords":"","_relevanssi_related_keywords":"","_relevanssi_related_include_ids":"","_relevanssi_related_exclude_ids":"","_relevanssi_related_no_append":"","_relevanssi_related_not_related":"","_relevanssi_related_posts":"","_relevanssi_noindex_reason":"","editor_notices":[]},"product_brand":[],"product_cat":[17,438],"product_tag":[63],"class_list":{"0":"post-635","1":"product","2":"type-product","3":"status-publish","4":"has-post-thumbnail","6":"product_cat-akcesoria","7":"product_cat-pasy-mocujace-i-petle-mocujace","8":"product_tag-akcesoria-montazowe","10":"first","11":"onbackorder","12":"taxable","13":"shipping-taxable","14":"purchasable","15":"product-type-simple"},"bundled_by":[],"bundle_stock_status":"onbackorder","bundle_stock_quantity":0,"bundle_virtual":false,"bundle_layout":"","bundle_add_to_cart_form_location":"","bundle_editable_in_cart":false,"bundle_sold_individually_context":"","bundle_item_grouping":"","bundle_min_size":"","bundle_max_size":"","bundle_price":[],"bundled_items":[],"bundle_sell_ids":[],"acf":[],"jetpack_sharing_enabled":true,"_links":{"self":[{"href":"https:\/\/axkid.com\/pl\/wp-json\/wp\/v2\/product\/635","targetHints":{"allow":["GET"]}}],"collection":[{"href":"https:\/\/axkid.com\/pl\/wp-json\/wp\/v2\/product"}],"about":[{"href":"https:\/\/axkid.com\/pl\/wp-json\/wp\/v2\/types\/product"}],"replies":[{"embeddable":true,"href":"https:\/\/axkid.com\/pl\/wp-json\/wp\/v2\/comments?post=635"}],"wp:featuredmedia":[{"embeddable":true,"href":"https:\/\/axkid.com\/pl\/wp-json\/wp\/v2\/media\/825"}],"wp:attachment":[{"href":"https:\/\/axkid.com\/pl\/wp-json\/wp\/v2\/media?parent=635"}],"wp:term":[{"taxonomy":"product_brand","embeddable":true,"href":"https:\/\/axkid.com\/pl\/wp-json\/wp\/v2\/product_brand?post=635"},{"taxonomy":"product_cat","embeddable":true,"href":"https:\/\/axkid.com\/pl\/wp-json\/wp\/v2\/product_cat?post=635"},{"taxonomy":"product_tag","embeddable":true,"href":"https:\/\/axkid.com\/pl\/wp-json\/wp\/v2\/product_tag?post=635"}],"curies":[{"name":"wp","href":"https:\/\/api.w.org\/{rel}","templated":true}]}}