{"id":71087,"date":"2025-04-22T08:10:10","date_gmt":"2025-04-22T07:10:10","guid":{"rendered":"https:\/\/axkid.com\/?post_type=product&#038;p=71087"},"modified":"2026-05-08T09:16:10","modified_gmt":"2026-05-08T08:16:10","slug":"seat-protector-premium-3-in-1-rear-facing","status":"publish","type":"product","link":"https:\/\/axkid.com\/pl\/product\/seat-protector-premium-3-in-1-rear-facing\/","title":{"rendered":"Seat Protector: Premium 3-in-1 Rear-facing"},"content":{"rendered":"","protected":false},"excerpt":{"rendered":"<p>Ochraniacz na siedzenie, kt\u00f3ry przeszed\u0142 testy zderzeniowe, mo\u017cna go stosowa\u0107 z fotelikami samochodowymi dla dzieci skierowanymi ty\u0142em i przodem do kierunku jazdy. Najlepsze rozwi\u0105zanie do ochrony wn\u0119trza samochodu przy jednoczesnym zwi\u0119kszeniu bezpiecze\u0144stwa dzi\u0119ki technologii antypo\u015blizgowej. Zbudowany, aby przetrwa\u0107 ca\u0142e dzieci\u0144stwo i przetestowany w testach zderzeniowych z tabletem, aby zapewni\u0107 bezpiecze\u0144stwo dziecka w ka\u017cdej przygodzie.<\/p>\n","protected":false},"featured_media":3700000779444,"comment_status":"open","ping_status":"closed","template":"","meta":{"_acf_changed":false,"_seopress_robots_primary_cat":"none","_seopress_titles_title":"Axkid - mata 3w1 Premium","_seopress_titles_desc":"","_seopress_robots_index":"","content-type":"","_relevanssi_hide_post":"","_relevanssi_hide_content":"","_relevanssi_pin_for_all":"","_relevanssi_pin_keywords":"","_relevanssi_unpin_keywords":"","_relevanssi_related_keywords":"","_relevanssi_related_include_ids":"","_relevanssi_related_exclude_ids":"","_relevanssi_related_no_append":"","_relevanssi_related_not_related":"","_relevanssi_related_posts":"","_relevanssi_noindex_reason":"","editor_notices":[]},"product_brand":[],"product_cat":[17,436],"product_tag":[],"class_list":{"0":"post-71087","1":"product","2":"type-product","3":"status-publish","4":"has-post-thumbnail","6":"product_cat-akcesoria","7":"product_cat-ochraniacze-i-akcesoria-do-przechowywania","9":"first","10":"instock","11":"taxable","12":"shipping-taxable","13":"purchasable","14":"product-type-simple"},"bundled_by":[],"bundle_stock_status":"instock","bundle_stock_quantity":27,"bundle_virtual":false,"bundle_layout":"","bundle_add_to_cart_form_location":"","bundle_editable_in_cart":false,"bundle_sold_individually_context":"","bundle_item_grouping":"","bundle_min_size":"","bundle_max_size":"","bundle_price":[],"bundled_items":[],"bundle_sell_ids":[],"acf":[],"jetpack_sharing_enabled":true,"_links":{"self":[{"href":"https:\/\/axkid.com\/pl\/wp-json\/wp\/v2\/product\/71087","targetHints":{"allow":["GET"]}}],"collection":[{"href":"https:\/\/axkid.com\/pl\/wp-json\/wp\/v2\/product"}],"about":[{"href":"https:\/\/axkid.com\/pl\/wp-json\/wp\/v2\/types\/product"}],"replies":[{"embeddable":true,"href":"https:\/\/axkid.com\/pl\/wp-json\/wp\/v2\/comments?post=71087"}],"wp:featuredmedia":[{"embeddable":true,"href":"https:\/\/axkid.com\/pl\/wp-json\/"}],"wp:attachment":[{"href":"https:\/\/axkid.com\/pl\/wp-json\/wp\/v2\/media?parent=71087"}],"wp:term":[{"taxonomy":"product_brand","embeddable":true,"href":"https:\/\/axkid.com\/pl\/wp-json\/wp\/v2\/product_brand?post=71087"},{"taxonomy":"product_cat","embeddable":true,"href":"https:\/\/axkid.com\/pl\/wp-json\/wp\/v2\/product_cat?post=71087"},{"taxonomy":"product_tag","embeddable":true,"href":"https:\/\/axkid.com\/pl\/wp-json\/wp\/v2\/product_tag?post=71087"}],"curies":[{"name":"wp","href":"https:\/\/api.w.org\/{rel}","templated":true}]}}