{"id":630,"date":"2023-12-09T08:56:55","date_gmt":"2023-12-09T07:56:55","guid":{"rendered":"\/?post_type=product&#038;p=630"},"modified":"2025-10-29T21:52:31","modified_gmt":"2025-10-29T20:52:31","slug":"correia-de-fixacao","status":"publish","type":"product","link":"https:\/\/axkid.com\/pt\/product\/correia-de-fixacao\/","title":{"rendered":"Correia de fixa\u00e7\u00e3o"},"content":{"rendered":"<p>Concebido para instalar cadeiras auto viradas para tr\u00e1s em ve\u00edculos sem presilhas de fixa\u00e7\u00e3o ou que necessitem de um alcance adicional. Cada embalagem inclui duas correias. Compat\u00edvel com os modelos Axkid Minikid.<\/p>\n","protected":false},"excerpt":{"rendered":"<p>Correia de extens\u00e3o para instala\u00e7\u00e3o virada para tr\u00e1s quando n\u00e3o existem presilhas de fixa\u00e7\u00e3o ou \u00e9 necess\u00e1rio um alcance adicional. Duas em cada embalagem.<\/p>\n","protected":false},"featured_media":802,"comment_status":"open","ping_status":"closed","template":"","meta":{"_acf_changed":false,"_seopress_robots_primary_cat":"438","_seopress_titles_title":"Axkid Tether Straps | Car Seat Accessories | Axkid","_seopress_titles_desc":"Extension straps or tether straps which helps with installation of Axkid Minikid.","_seopress_robots_index":"","content-type":"","_relevanssi_hide_post":"","_relevanssi_hide_content":"","_relevanssi_pin_for_all":"","_relevanssi_pin_keywords":"","_relevanssi_unpin_keywords":"","_relevanssi_related_keywords":"","_relevanssi_related_include_ids":"","_relevanssi_related_exclude_ids":"","_relevanssi_related_no_append":"","_relevanssi_related_not_related":"","_relevanssi_related_posts":"","_relevanssi_noindex_reason":"","editor_notices":[]},"product_brand":[],"product_cat":[17,438],"product_tag":[63],"class_list":{"0":"post-630","1":"product","2":"type-product","3":"status-publish","4":"has-post-thumbnail","6":"product_cat-acessorios","7":"product_cat-correias-de-fixacao-e-argolas-de-encaixe","8":"product_tag-installation-accessories","10":"first","11":"instock","12":"taxable","13":"shipping-taxable","14":"purchasable","15":"product-type-simple"},"bundled_by":["2695"],"bundle_stock_status":"instock","bundle_stock_quantity":5,"bundle_virtual":false,"bundle_layout":"","bundle_add_to_cart_form_location":"","bundle_editable_in_cart":false,"bundle_sold_individually_context":"","bundle_item_grouping":"","bundle_min_size":"","bundle_max_size":"","bundle_price":[],"bundled_items":[],"bundle_sell_ids":[],"acf":[],"_links":{"self":[{"href":"https:\/\/axkid.com\/pt\/wp-json\/wp\/v2\/product\/630","targetHints":{"allow":["GET"]}}],"collection":[{"href":"https:\/\/axkid.com\/pt\/wp-json\/wp\/v2\/product"}],"about":[{"href":"https:\/\/axkid.com\/pt\/wp-json\/wp\/v2\/types\/product"}],"replies":[{"embeddable":true,"href":"https:\/\/axkid.com\/pt\/wp-json\/wp\/v2\/comments?post=630"}],"wp:featuredmedia":[{"embeddable":true,"href":"https:\/\/axkid.com\/pt\/wp-json\/wp\/v2\/media\/802"}],"wp:attachment":[{"href":"https:\/\/axkid.com\/pt\/wp-json\/wp\/v2\/media?parent=630"}],"wp:term":[{"taxonomy":"product_brand","embeddable":true,"href":"https:\/\/axkid.com\/pt\/wp-json\/wp\/v2\/product_brand?post=630"},{"taxonomy":"product_cat","embeddable":true,"href":"https:\/\/axkid.com\/pt\/wp-json\/wp\/v2\/product_cat?post=630"},{"taxonomy":"product_tag","embeddable":true,"href":"https:\/\/axkid.com\/pt\/wp-json\/wp\/v2\/product_tag?post=630"}],"curies":[{"name":"wp","href":"https:\/\/api.w.org\/{rel}","templated":true}]}}