{"id":73031,"date":"2024-09-02T14:50:15","date_gmt":"2024-09-02T13:50:15","guid":{"rendered":"https:\/\/axkid.com\/?post_type=product&#038;p=73031"},"modified":"2026-02-01T20:54:08","modified_gmt":"2026-02-01T19:54:08","slug":"placa-axkid-bebe-a-bordo","status":"publish","type":"product","link":"https:\/\/axkid.com\/pt\/product\/placa-axkid-bebe-a-bordo\/","title":{"rendered":"Placa Axkid \u201cBeb\u00e9 a Bordo\u201d"},"content":{"rendered":"","protected":false},"excerpt":{"rendered":"<p>Sinaliza\u00e7\u00e3o \u00abBeb\u00e9 a bordo\u00bb para alertar outros condutores. Em caso de colis\u00e3o, os profissionais de sa\u00fade podem facilmente detetar se um carro transporta crian\u00e7as e dar prioridade \u00e0 assist\u00eancia m\u00e9dica. Fabricado com materiais de alta qualidade, numa cor viva e apelativa. Como b\u00f3nus, contribui para divulgar as vantagens de seguran\u00e7a das cadeiras viradas para tr\u00e1s.<\/p>\n","protected":false},"featured_media":3700000779437,"comment_status":"open","ping_status":"closed","template":"","meta":{"_acf_changed":false,"_seopress_robots_primary_cat":"17","_seopress_titles_title":"","_seopress_titles_desc":"","_seopress_robots_index":"","_seopress_analysis_target_kw":"","content-type":"","_relevanssi_hide_post":"","_relevanssi_hide_content":"","_relevanssi_pin_for_all":"","_relevanssi_pin_keywords":"","_relevanssi_unpin_keywords":"","_relevanssi_related_keywords":"","_relevanssi_related_include_ids":"","_relevanssi_related_exclude_ids":"","_relevanssi_related_no_append":"","_relevanssi_related_not_related":"","_relevanssi_related_posts":"","_relevanssi_noindex_reason":"","editor_notices":[]},"product_brand":[],"product_cat":[17],"product_tag":[],"class_list":{"0":"post-73031","1":"product","2":"type-product","3":"status-publish","4":"has-post-thumbnail","6":"product_cat-acessorios","8":"first","9":"instock","10":"taxable","11":"shipping-taxable","12":"purchasable","13":"product-type-simple"},"bundled_by":[],"bundle_stock_status":"instock","bundle_stock_quantity":24,"bundle_virtual":false,"bundle_layout":"","bundle_add_to_cart_form_location":"","bundle_editable_in_cart":false,"bundle_sold_individually_context":"","bundle_item_grouping":"","bundle_min_size":"","bundle_max_size":"","bundle_price":[],"bundled_items":[],"bundle_sell_ids":[],"acf":[],"_links":{"self":[{"href":"https:\/\/axkid.com\/pt\/wp-json\/wp\/v2\/product\/73031","targetHints":{"allow":["GET"]}}],"collection":[{"href":"https:\/\/axkid.com\/pt\/wp-json\/wp\/v2\/product"}],"about":[{"href":"https:\/\/axkid.com\/pt\/wp-json\/wp\/v2\/types\/product"}],"replies":[{"embeddable":true,"href":"https:\/\/axkid.com\/pt\/wp-json\/wp\/v2\/comments?post=73031"}],"wp:featuredmedia":[{"embeddable":true,"href":"https:\/\/axkid.com\/pt\/wp-json\/"}],"wp:attachment":[{"href":"https:\/\/axkid.com\/pt\/wp-json\/wp\/v2\/media?parent=73031"}],"wp:term":[{"taxonomy":"product_brand","embeddable":true,"href":"https:\/\/axkid.com\/pt\/wp-json\/wp\/v2\/product_brand?post=73031"},{"taxonomy":"product_cat","embeddable":true,"href":"https:\/\/axkid.com\/pt\/wp-json\/wp\/v2\/product_cat?post=73031"},{"taxonomy":"product_tag","embeddable":true,"href":"https:\/\/axkid.com\/pt\/wp-json\/wp\/v2\/product_tag?post=73031"}],"curies":[{"name":"wp","href":"https:\/\/api.w.org\/{rel}","templated":true}]}}