{"id":73893,"date":"2024-10-22T11:33:02","date_gmt":"2024-10-22T10:33:02","guid":{"rendered":"https:\/\/axkid.com\/?post_type=product&#038;p=73893"},"modified":"2025-10-17T13:25:34","modified_gmt":"2025-10-17T12:25:34","slug":"kit-de-seguranca-sueco-premium","status":"publish","type":"product","link":"https:\/\/axkid.com\/pt\/product\/kit-de-seguranca-sueco-premium\/","title":{"rendered":"Kit de Seguran\u00e7a Sueco Premium"},"content":{"rendered":"","protected":false},"excerpt":{"rendered":"<p>Acess\u00f3rios para cadeiras auto testados contra colis\u00f5es e concebidos para durar. O Kit de Seguran\u00e7a Sueco Premium inclui acess\u00f3rios fabricados com materiais dur\u00e1veis e de alta qualidade.<\/p>\n<ul>\n<li>O Kit de Seguran\u00e7a Sueco Premium \u00e9 composto por:<\/li>\n<li>Protetor de assento: Premium 3 em 1 virado para tr\u00e1s<\/li>\n<li>Espelho para cadeira auto &#8211; LED<\/li>\n<li>P\u00e1ra-s\u00f3is para janelas do carro &#8211; El\u00e1sticos (conjunto de 3)<\/li>\n<\/ul>\n","protected":false},"featured_media":3700000845195,"comment_status":"open","ping_status":"closed","template":"","meta":{"_acf_changed":false,"_seopress_robots_primary_cat":"434","_seopress_titles_title":"","_seopress_titles_desc":"","_seopress_robots_index":"","content-type":"","_relevanssi_hide_post":"","_relevanssi_hide_content":"","_relevanssi_pin_for_all":"","_relevanssi_pin_keywords":"","_relevanssi_unpin_keywords":"","_relevanssi_related_keywords":"","_relevanssi_related_include_ids":"","_relevanssi_related_exclude_ids":"","_relevanssi_related_no_append":"","_relevanssi_related_not_related":"","_relevanssi_related_posts":"","_relevanssi_noindex_reason":"","editor_notices":[]},"product_brand":[],"product_cat":[17,434,437],"product_tag":[],"class_list":{"0":"post-73893","1":"product","2":"type-product","3":"status-publish","4":"has-post-thumbnail","6":"product_cat-acessorios","7":"product_cat-capas-para-cadeiras-auto","8":"product_cat-para-sois","10":"first","11":"outofstock","12":"taxable","13":"shipping-taxable","14":"purchasable","15":"product-type-simple"},"bundled_by":[],"bundle_stock_status":"outofstock","bundle_stock_quantity":0,"bundle_virtual":false,"bundle_layout":"","bundle_add_to_cart_form_location":"","bundle_editable_in_cart":false,"bundle_sold_individually_context":"","bundle_item_grouping":"","bundle_min_size":"","bundle_max_size":"","bundle_price":[],"bundled_items":[],"bundle_sell_ids":[],"acf":[],"_links":{"self":[{"href":"https:\/\/axkid.com\/pt\/wp-json\/wp\/v2\/product\/73893","targetHints":{"allow":["GET"]}}],"collection":[{"href":"https:\/\/axkid.com\/pt\/wp-json\/wp\/v2\/product"}],"about":[{"href":"https:\/\/axkid.com\/pt\/wp-json\/wp\/v2\/types\/product"}],"replies":[{"embeddable":true,"href":"https:\/\/axkid.com\/pt\/wp-json\/wp\/v2\/comments?post=73893"}],"wp:featuredmedia":[{"embeddable":true,"href":"https:\/\/axkid.com\/pt\/wp-json\/"}],"wp:attachment":[{"href":"https:\/\/axkid.com\/pt\/wp-json\/wp\/v2\/media?parent=73893"}],"wp:term":[{"taxonomy":"product_brand","embeddable":true,"href":"https:\/\/axkid.com\/pt\/wp-json\/wp\/v2\/product_brand?post=73893"},{"taxonomy":"product_cat","embeddable":true,"href":"https:\/\/axkid.com\/pt\/wp-json\/wp\/v2\/product_cat?post=73893"},{"taxonomy":"product_tag","embeddable":true,"href":"https:\/\/axkid.com\/pt\/wp-json\/wp\/v2\/product_tag?post=73893"}],"curies":[{"name":"wp","href":"https:\/\/api.w.org\/{rel}","templated":true}]}}