{"id":851457,"date":"2026-04-24T14:19:36","date_gmt":"2026-04-24T13:19:36","guid":{"rendered":"https:\/\/axkid.com\/pt\/?post_type=product&#038;p=851457"},"modified":"2026-04-24T14:19:36","modified_gmt":"2026-04-24T13:19:36","slug":"bundle-zero-pro-base","status":"publish","type":"product","link":"https:\/\/axkid.com\/pt\/product\/bundle-zero-pro-base\/","title":{"rendered":"Bundle: Zero Pro + Base"},"content":{"rendered":"","protected":false},"excerpt":{"rendered":"<p>Zero Pro + Base \u00e9 um conjunto de cadeira auto para beb\u00e9 e base ISOFIX, concebido para viagens seguras e simples desde o primeiro dia. Ao combinar a leve Zero Pro com uma base ISOFIX rotativa, oferece instala\u00e7\u00e3o segura, fixa\u00e7\u00e3o com um clique e um manuseamento di\u00e1rio mais f\u00e1cil para fam\u00edlias com rec\u00e9m-nascidos. Adequada dos 40\u201387 cm e 0\u201313 kg, a Zero Pro possui certifica\u00e7\u00e3o R129 i-Size e foi desenvolvida para proteger os beb\u00e9s desde a primeira viagem para casa. <\/p>\n","protected":false},"featured_media":851476,"comment_status":"open","ping_status":"closed","template":"","meta":{"_acf_changed":false,"_seopress_robots_primary_cat":"597","_seopress_titles_title":"Zero Pro + Base | Cadeira Auto para Beb\u00e9 com ISOFIX | Axkid","_seopress_titles_desc":"Zero Pro + Base combina uma cadeira auto leve com uma base ISOFIX para viagens seguras e simples desde o primeiro dia.","_seopress_robots_index":"","content-type":"","_relevanssi_hide_post":"","_relevanssi_hide_content":"","_relevanssi_pin_for_all":"","_relevanssi_pin_keywords":"","_relevanssi_unpin_keywords":"","_relevanssi_related_keywords":"","_relevanssi_related_include_ids":"","_relevanssi_related_exclude_ids":"","_relevanssi_related_no_append":"","_relevanssi_related_not_related":"","_relevanssi_related_posts":"","_relevanssi_noindex_reason":"","editor_notices":[]},"product_brand":[],"product_cat":[597,599],"product_tag":[],"class_list":{"0":"post-851457","1":"product","2":"type-product","3":"status-publish","4":"has-post-thumbnail","6":"product_cat-car-seats","7":"product_cat-bundles","9":"first","10":"onbackorder","11":"sale","12":"taxable","13":"shipping-taxable","14":"purchasable","15":"product-type-bundle"},"bundled_by":[],"bundle_stock_status":"instock","bundle_stock_quantity":"","bundle_virtual":false,"bundle_layout":"default","bundle_add_to_cart_form_location":"default","bundle_editable_in_cart":false,"bundle_sold_individually_context":"product","bundle_item_grouping":"parent","bundle_min_size":"","bundle_max_size":"","bundle_price":{"price":{"min":{"incl_tax":"150","excl_tax":"120"},"max":{"incl_tax":"150","excl_tax":"120"}},"regular_price":{"min":{"incl_tax":"199","excl_tax":"159.2"},"max":{"incl_tax":"199","excl_tax":"159.2"}}},"bundled_items":[{"bundled_item_id":29,"product_id":851477,"menu_order":1,"quantity_min":1,"quantity_max":1,"quantity_default":1,"priced_individually":true,"shipped_individually":false,"override_title":false,"title":"Zero base","override_description":false,"description":"","optional":false,"hide_thumbnail":false,"discount":"24.623116","override_variations":false,"allowed_variations":[],"override_default_variation_attributes":false,"default_variation_attributes":[],"single_product_visibility":"visible","cart_visibility":"visible","order_visibility":"visible","single_product_price_visibility":"visible","cart_price_visibility":"visible","order_price_visibility":"visible","stock_status":"on_backorder"}],"bundle_sell_ids":[],"acf":[],"_links":{"self":[{"href":"https:\/\/axkid.com\/pt\/wp-json\/wp\/v2\/product\/851457","targetHints":{"allow":["GET"]}}],"collection":[{"href":"https:\/\/axkid.com\/pt\/wp-json\/wp\/v2\/product"}],"about":[{"href":"https:\/\/axkid.com\/pt\/wp-json\/wp\/v2\/types\/product"}],"replies":[{"embeddable":true,"href":"https:\/\/axkid.com\/pt\/wp-json\/wp\/v2\/comments?post=851457"}],"wp:featuredmedia":[{"embeddable":true,"href":"https:\/\/axkid.com\/pt\/wp-json\/wp\/v2\/media\/851476"}],"wp:attachment":[{"href":"https:\/\/axkid.com\/pt\/wp-json\/wp\/v2\/media?parent=851457"}],"wp:term":[{"taxonomy":"product_brand","embeddable":true,"href":"https:\/\/axkid.com\/pt\/wp-json\/wp\/v2\/product_brand?post=851457"},{"taxonomy":"product_cat","embeddable":true,"href":"https:\/\/axkid.com\/pt\/wp-json\/wp\/v2\/product_cat?post=851457"},{"taxonomy":"product_tag","embeddable":true,"href":"https:\/\/axkid.com\/pt\/wp-json\/wp\/v2\/product_tag?post=851457"}],"curies":[{"name":"wp","href":"https:\/\/api.w.org\/{rel}","templated":true}]}}