{"id":851477,"date":"2026-04-24T14:17:44","date_gmt":"2026-04-24T13:17:44","guid":{"rendered":"https:\/\/axkid.com\/pt\/?post_type=product&#038;p=851477"},"modified":"2026-04-24T14:17:44","modified_gmt":"2026-04-24T13:17:44","slug":"zero-base","status":"publish","type":"product","link":"https:\/\/axkid.com\/pt\/product\/zero-base\/","title":{"rendered":"Zero base"},"content":{"rendered":"","protected":false},"excerpt":{"rendered":"<p>A Base Zero foi concebida para uma utiliza\u00e7\u00e3o di\u00e1ria segura e intuitiva com a Zero Pro. Com conectores ISOFIX, perna de apoio extens\u00edvel e indicadores de seguran\u00e7a claros, ajuda a garantir uma instala\u00e7\u00e3o segura desde o primeiro momento. A fixa\u00e7\u00e3o com um clique e a rota\u00e7\u00e3o de 180\u00b0 tornam a utiliza\u00e7\u00e3o di\u00e1ria mais simples. <\/p>\n","protected":false},"featured_media":851479,"comment_status":"open","ping_status":"closed","template":"","meta":{"_acf_changed":false,"_seopress_robots_primary_cat":"597","_seopress_titles_title":"","_seopress_titles_desc":"","_seopress_robots_index":"","content-type":"","_relevanssi_hide_post":"","_relevanssi_hide_content":"","_relevanssi_pin_for_all":"","_relevanssi_pin_keywords":"","_relevanssi_unpin_keywords":"","_relevanssi_related_keywords":"","_relevanssi_related_include_ids":"","_relevanssi_related_exclude_ids":"","_relevanssi_related_no_append":"","_relevanssi_related_not_related":"","_relevanssi_related_posts":"","_relevanssi_noindex_reason":"","editor_notices":[]},"product_brand":[],"product_cat":[597,598],"product_tag":[],"class_list":{"0":"post-851477","1":"product","2":"type-product","3":"status-publish","4":"has-post-thumbnail","6":"product_cat-car-seats","7":"product_cat-newborn-and-baby-car-seats","9":"first","10":"onbackorder","11":"taxable","12":"shipping-taxable","13":"purchasable","14":"product-type-simple"},"bundled_by":["851457"],"bundle_stock_status":"onbackorder","bundle_stock_quantity":0,"bundle_virtual":false,"bundle_layout":"","bundle_add_to_cart_form_location":"","bundle_editable_in_cart":false,"bundle_sold_individually_context":"","bundle_item_grouping":"","bundle_min_size":"","bundle_max_size":"","bundle_price":[],"bundled_items":[],"bundle_sell_ids":[],"acf":[],"_links":{"self":[{"href":"https:\/\/axkid.com\/pt\/wp-json\/wp\/v2\/product\/851477","targetHints":{"allow":["GET"]}}],"collection":[{"href":"https:\/\/axkid.com\/pt\/wp-json\/wp\/v2\/product"}],"about":[{"href":"https:\/\/axkid.com\/pt\/wp-json\/wp\/v2\/types\/product"}],"replies":[{"embeddable":true,"href":"https:\/\/axkid.com\/pt\/wp-json\/wp\/v2\/comments?post=851477"}],"wp:featuredmedia":[{"embeddable":true,"href":"https:\/\/axkid.com\/pt\/wp-json\/wp\/v2\/media\/851479"}],"wp:attachment":[{"href":"https:\/\/axkid.com\/pt\/wp-json\/wp\/v2\/media?parent=851477"}],"wp:term":[{"taxonomy":"product_brand","embeddable":true,"href":"https:\/\/axkid.com\/pt\/wp-json\/wp\/v2\/product_brand?post=851477"},{"taxonomy":"product_cat","embeddable":true,"href":"https:\/\/axkid.com\/pt\/wp-json\/wp\/v2\/product_cat?post=851477"},{"taxonomy":"product_tag","embeddable":true,"href":"https:\/\/axkid.com\/pt\/wp-json\/wp\/v2\/product_tag?post=851477"}],"curies":[{"name":"wp","href":"https:\/\/api.w.org\/{rel}","templated":true}]}}