{"id":851485,"date":"2026-04-24T14:34:13","date_gmt":"2026-04-24T13:34:13","guid":{"rendered":"https:\/\/axkid.com\/pt\/?post_type=product&#038;p=851485"},"modified":"2026-04-24T14:37:12","modified_gmt":"2026-04-24T13:37:12","slug":"zero-pro","status":"publish","type":"product","link":"https:\/\/axkid.com\/pt\/product\/zero-pro\/","title":{"rendered":"Zero Pro"},"content":{"rendered":"","protected":false},"excerpt":{"rendered":"<p>Zero Pro \u00e9 uma cadeira auto para beb\u00e9 concebida para manter o seu rec\u00e9m-nascido seguro desde o primeiro dia. Leve e f\u00e1cil de transportar, foi pensada para proporcionar aos beb\u00e9s mais pequenos o suporte de que necessitam desde a primeira viagem para casa. Adequada dos 40 aos 87 cm e at\u00e9 aos 13 kg, a Zero Pro possui certifica\u00e7\u00e3o R129 i-Size e pode ser instalada com a Base Zero Pro ou com o cinto de seguran\u00e7a do ve\u00edculo. <\/p>\n","protected":false},"featured_media":851446,"comment_status":"open","ping_status":"closed","template":"","meta":{"_acf_changed":false,"_seopress_robots_primary_cat":"597","_seopress_titles_title":"Zero Pro cadeira auto para beb\u00e9 | Axkid","_seopress_titles_desc":"Zero Pro \u00e9 uma cadeira auto leve para beb\u00e9s desde o nascimento at\u00e9 aos 15 meses (40\u201387 cm, 0\u201313 kg).","_seopress_robots_index":"","content-type":"","_relevanssi_hide_post":"","_relevanssi_hide_content":"","_relevanssi_pin_for_all":"","_relevanssi_pin_keywords":"","_relevanssi_unpin_keywords":"","_relevanssi_related_keywords":"","_relevanssi_related_include_ids":"","_relevanssi_related_exclude_ids":"","_relevanssi_related_no_append":"","_relevanssi_related_not_related":"","_relevanssi_related_posts":"","_relevanssi_noindex_reason":"","editor_notices":[]},"product_brand":[],"product_cat":[597,598],"product_tag":[],"class_list":{"0":"post-851485","1":"product","2":"type-product","3":"status-publish","4":"has-post-thumbnail","6":"product_cat-car-seats","7":"product_cat-newborn-and-baby-car-seats","9":"first","10":"onbackorder","11":"taxable","12":"shipping-taxable","13":"purchasable","14":"product-type-variable","15":"has-default-attributes"},"bundled_by":[],"bundle_stock_status":"onbackorder","bundle_stock_quantity":null,"bundle_virtual":false,"bundle_layout":"","bundle_add_to_cart_form_location":"","bundle_editable_in_cart":false,"bundle_sold_individually_context":"","bundle_item_grouping":"","bundle_min_size":"","bundle_max_size":"","bundle_price":[],"bundled_items":[],"bundle_sell_ids":[],"acf":[],"_links":{"self":[{"href":"https:\/\/axkid.com\/pt\/wp-json\/wp\/v2\/product\/851485","targetHints":{"allow":["GET"]}}],"collection":[{"href":"https:\/\/axkid.com\/pt\/wp-json\/wp\/v2\/product"}],"about":[{"href":"https:\/\/axkid.com\/pt\/wp-json\/wp\/v2\/types\/product"}],"replies":[{"embeddable":true,"href":"https:\/\/axkid.com\/pt\/wp-json\/wp\/v2\/comments?post=851485"}],"wp:featuredmedia":[{"embeddable":true,"href":"https:\/\/axkid.com\/pt\/wp-json\/wp\/v2\/media\/851446"}],"wp:attachment":[{"href":"https:\/\/axkid.com\/pt\/wp-json\/wp\/v2\/media?parent=851485"}],"wp:term":[{"taxonomy":"product_brand","embeddable":true,"href":"https:\/\/axkid.com\/pt\/wp-json\/wp\/v2\/product_brand?post=851485"},{"taxonomy":"product_cat","embeddable":true,"href":"https:\/\/axkid.com\/pt\/wp-json\/wp\/v2\/product_cat?post=851485"},{"taxonomy":"product_tag","embeddable":true,"href":"https:\/\/axkid.com\/pt\/wp-json\/wp\/v2\/product_tag?post=851485"}],"curies":[{"name":"wp","href":"https:\/\/api.w.org\/{rel}","templated":true}]}}