{"id":25707,"date":"2024-09-22T14:29:18","date_gmt":"2024-09-22T13:29:18","guid":{"rendered":"https:\/\/axkid.com\/?post_type=product&#038;p=25707"},"modified":"2026-03-25T10:04:51","modified_gmt":"2026-03-25T09:04:51","slug":"one-plus-3","status":"publish","type":"product","link":"https:\/\/axkid.com\/si\/product\/one-plus-3\/","title":{"rendered":"One+ 3"},"content":{"rendered":"<p>Rear-facing car seats are proven to be the safest option for young children. However, their design and space constraints have made them less popular. That&#8217;s why we&#8217;ve introduced Axkid One\u2014an innovative solution that solves these challenges, for the safety of our children.<\/p>\n","protected":false},"excerpt":{"rendered":"<div class=\"product-intro__description\">\n<p><strong>Sedem let dogodiv\u0161\u010din v enem otro\u0161kem avtosede\u017eu.<\/strong> Za\u0161\u010dita va\u0161ega otroka v prometu \u0161e nikoli ni bila la\u017eja. Axkid One 3+ bo va\u0161ega otroka spremljal na vsaki dogodiv\u0161\u010dini od rojstva prvih sedem let \u017eivljenja, vse od rojstva do 125 cm otrokove vi\u0161ine. Pozabite na zapletene koncepte avtosede\u017eev in sprejmite lahkotno izku\u0161njo brez te\u017eav od samega za\u010detka. \u00a0 Edini sede\u017e <strong>ISOFIX s certifikatom Plus Test<\/strong> na trgu, ki omogo\u010da <strong>vo\u017enjo nasprotno smeri do 7. leta starosti<\/strong> (40\u2013125 cm\/23 kg). Varna namestitev v manj kot 30 sekundah. Nastavljiv <strong>prostor za noge <\/strong>po namestitvi <strong>do 30 cm.<\/strong><\/p>\n<\/div>\n","protected":false},"featured_media":3700000853103,"comment_status":"open","ping_status":"closed","template":"","meta":{"_acf_changed":false,"_seopress_robots_primary_cat":"none","_seopress_titles_title":"Otro\u0161ki avtosede\u017e AXKID ONE 3+ i-Size","_seopress_titles_desc":"Edini sede\u017e ISOFIX s certifikatom Plus Test na trgu, ki omogo\u010da vo\u017enjo nasprotno smeri do 7. leta starosti (40\u2013125 cm\/23 kg). V","_seopress_robots_index":"","content-type":"","_relevanssi_hide_post":"","_relevanssi_hide_content":"","_relevanssi_pin_for_all":"","_relevanssi_pin_keywords":"","_relevanssi_unpin_keywords":"","_relevanssi_related_keywords":"","_relevanssi_related_include_ids":"","_relevanssi_related_exclude_ids":"","_relevanssi_related_no_append":"","_relevanssi_related_not_related":"","_relevanssi_related_posts":"","_relevanssi_noindex_reason":"","editor_notices":[]},"product_brand":[],"product_cat":[79,531,80,18],"product_tag":[],"class_list":{"0":"post-25707","1":"product","2":"type-product","3":"status-publish","4":"has-post-thumbnail","6":"product_cat-newborn-and-baby-car-seats","7":"product_cat-malcek","8":"product_cat-rear-facing-car-seats","9":"product_cat-car-seats","11":"first","12":"instock","13":"taxable","14":"shipping-taxable","15":"purchasable","16":"product-type-variable","17":"has-default-attributes"},"bundled_by":[],"bundle_stock_status":"instock","bundle_stock_quantity":null,"bundle_virtual":false,"bundle_layout":"","bundle_add_to_cart_form_location":"","bundle_editable_in_cart":false,"bundle_sold_individually_context":"","bundle_item_grouping":"","bundle_min_size":"","bundle_max_size":"","bundle_price":[],"bundled_items":[],"bundle_sell_ids":[],"acf":[],"jetpack_sharing_enabled":true,"_links":{"self":[{"href":"https:\/\/axkid.com\/si\/wp-json\/wp\/v2\/product\/25707","targetHints":{"allow":["GET"]}}],"collection":[{"href":"https:\/\/axkid.com\/si\/wp-json\/wp\/v2\/product"}],"about":[{"href":"https:\/\/axkid.com\/si\/wp-json\/wp\/v2\/types\/product"}],"replies":[{"embeddable":true,"href":"https:\/\/axkid.com\/si\/wp-json\/wp\/v2\/comments?post=25707"}],"wp:featuredmedia":[{"embeddable":true,"href":"https:\/\/axkid.com\/si\/wp-json\/"}],"wp:attachment":[{"href":"https:\/\/axkid.com\/si\/wp-json\/wp\/v2\/media?parent=25707"}],"wp:term":[{"taxonomy":"product_brand","embeddable":true,"href":"https:\/\/axkid.com\/si\/wp-json\/wp\/v2\/product_brand?post=25707"},{"taxonomy":"product_cat","embeddable":true,"href":"https:\/\/axkid.com\/si\/wp-json\/wp\/v2\/product_cat?post=25707"},{"taxonomy":"product_tag","embeddable":true,"href":"https:\/\/axkid.com\/si\/wp-json\/wp\/v2\/product_tag?post=25707"}],"curies":[{"name":"wp","href":"https:\/\/api.w.org\/{rel}","templated":true}]}}