{"id":71087,"date":"2024-09-02T14:50:10","date_gmt":"2024-09-02T13:50:10","guid":{"rendered":"https:\/\/axkid.com\/?post_type=product&#038;p=71087"},"modified":"2026-05-08T09:16:18","modified_gmt":"2026-05-08T08:16:18","slug":"seat-protector-premium-3-in-1-rear-facing","status":"publish","type":"product","link":"https:\/\/axkid.com\/si\/product\/seat-protector-premium-3-in-1-rear-facing\/","title":{"rendered":"AXKID za\u0161\u010dita sede\u017ea Premium 3-v-1"},"content":{"rendered":"","protected":false},"excerpt":{"rendered":"<p>Za\u0161\u010dita sede\u017ea, preizku\u0161ena pri tr\u010denju, uporabna z otro\u0161kimi sede\u017ei, obrnjenimi nasprotno smeri vo\u017enje ali v smeri vo\u017enje. Vrhunska re\u0161itev za za\u0161\u010dito notranjosti va\u0161ega avtomobila, hkrati pa pove\u010da varnost s tehnologijo proti zdrsu. Izdelana tako, da zdr\u017ei vse otro\u0161tvo in preizku\u0161ena na testu tr\u010denja tudi s tabli\u010dnim ra\u010dunalnikom, da zagotovi otrokovo varnost na vsaki pustolov\u0161\u010dini.<\/p>\n","protected":false},"featured_media":3700000779444,"comment_status":"open","ping_status":"closed","template":"","meta":{"_acf_changed":false,"_seopress_robots_primary_cat":"none","_seopress_titles_title":"AXKID za\u0161\u010dita sede\u017ea Premium 3-v-1","_seopress_titles_desc":"Za\u0161\u010dita sede\u017ea, preizku\u0161ena pri tr\u010denju, uporabna z otro\u0161kimi sede\u017ei, obrnjenimi nasprotno smeri vo\u017enje ali v smeri vo\u017enje.","_seopress_robots_index":"","content-type":"","_relevanssi_hide_post":"","_relevanssi_hide_content":"","_relevanssi_pin_for_all":"","_relevanssi_pin_keywords":"","_relevanssi_unpin_keywords":"","_relevanssi_related_keywords":"","_relevanssi_related_include_ids":"","_relevanssi_related_exclude_ids":"","_relevanssi_related_no_append":"","_relevanssi_related_not_related":"","_relevanssi_related_posts":"","_relevanssi_noindex_reason":"","editor_notices":[]},"product_brand":[],"product_cat":[17,436],"product_tag":[],"class_list":{"0":"post-71087","1":"product","2":"type-product","3":"status-publish","4":"has-post-thumbnail","6":"product_cat-dodatki","7":"product_cat-seat-protector-storage","9":"first","10":"instock","11":"taxable","12":"shipping-taxable","13":"purchasable","14":"product-type-simple"},"bundled_by":[],"bundle_stock_status":"instock","bundle_stock_quantity":36,"bundle_virtual":false,"bundle_layout":"","bundle_add_to_cart_form_location":"","bundle_editable_in_cart":false,"bundle_sold_individually_context":"","bundle_item_grouping":"","bundle_min_size":"","bundle_max_size":"","bundle_price":[],"bundled_items":[],"bundle_sell_ids":[],"acf":[],"jetpack_sharing_enabled":true,"_links":{"self":[{"href":"https:\/\/axkid.com\/si\/wp-json\/wp\/v2\/product\/71087","targetHints":{"allow":["GET"]}}],"collection":[{"href":"https:\/\/axkid.com\/si\/wp-json\/wp\/v2\/product"}],"about":[{"href":"https:\/\/axkid.com\/si\/wp-json\/wp\/v2\/types\/product"}],"replies":[{"embeddable":true,"href":"https:\/\/axkid.com\/si\/wp-json\/wp\/v2\/comments?post=71087"}],"wp:featuredmedia":[{"embeddable":true,"href":"https:\/\/axkid.com\/si\/wp-json\/"}],"wp:attachment":[{"href":"https:\/\/axkid.com\/si\/wp-json\/wp\/v2\/media?parent=71087"}],"wp:term":[{"taxonomy":"product_brand","embeddable":true,"href":"https:\/\/axkid.com\/si\/wp-json\/wp\/v2\/product_brand?post=71087"},{"taxonomy":"product_cat","embeddable":true,"href":"https:\/\/axkid.com\/si\/wp-json\/wp\/v2\/product_cat?post=71087"},{"taxonomy":"product_tag","embeddable":true,"href":"https:\/\/axkid.com\/si\/wp-json\/wp\/v2\/product_tag?post=71087"}],"curies":[{"name":"wp","href":"https:\/\/api.w.org\/{rel}","templated":true}]}}