{"id":71385,"date":"2024-09-02T14:50:28","date_gmt":"2024-09-02T13:50:28","guid":{"rendered":"https:\/\/axkid.com\/?post_type=product&#038;p=71385"},"modified":"2025-11-21T15:50:22","modified_gmt":"2025-11-21T14:50:22","slug":"seat-protector-forward-anti-sub","status":"publish","type":"product","link":"https:\/\/axkid.com\/si\/product\/seat-protector-forward-anti-sub\/","title":{"rendered":"AXKID protizdrsna za\u0161\u010dita za sede\u017e Forward Anti-sub"},"content":{"rendered":"","protected":false},"excerpt":{"rendered":"<p>Zasnovana tako, da zagotovi, da otro\u0161ki avtosede\u017e ostane varno na sede\u017eu oz. klopi avtomobila, kar pove\u010da varnost in udobje va\u0161ega otroka, hkrati pa zagotavlja za\u0161\u010dito za notranjost va\u0161ega avtomobila. Zdru\u017eljiva z otro\u0161kimi avtosede\u017ei, name\u0161\u010denimi nasprotno smeri vo\u017enje ali v smeri vo\u017enje, zaradi \u010desar je vsestranski dodatek k varnostni opremi va\u0161ega avtomobila.<\/p>\n","protected":false},"featured_media":3700000779441,"comment_status":"open","ping_status":"closed","template":"","meta":{"_acf_changed":false,"_seopress_robots_primary_cat":"none","_seopress_titles_title":"AXKID protizdrsna za\u0161\u010dita za sede\u017e Forward Anti-sub","_seopress_titles_desc":"Zasnovana tako, da zagotovi, da otro\u0161ki avtosede\u017e ostane varno na sede\u017eu oz. klopi avtomobila, kar pove\u010da varnost in udobje va\u0161ega otroka","_seopress_robots_index":"","content-type":"","_relevanssi_hide_post":"","_relevanssi_hide_content":"","_relevanssi_pin_for_all":"","_relevanssi_pin_keywords":"","_relevanssi_unpin_keywords":"","_relevanssi_related_keywords":"","_relevanssi_related_include_ids":"","_relevanssi_related_exclude_ids":"","_relevanssi_related_no_append":"","_relevanssi_related_not_related":"","_relevanssi_related_posts":"","_relevanssi_noindex_reason":"","editor_notices":[]},"product_brand":[],"product_cat":[17,436],"product_tag":[],"class_list":{"0":"post-71385","1":"product","2":"type-product","3":"status-publish","4":"has-post-thumbnail","6":"product_cat-dodatki","7":"product_cat-seat-protector-storage","9":"first","10":"instock","11":"taxable","12":"shipping-taxable","13":"purchasable","14":"product-type-simple"},"bundled_by":[],"bundle_stock_status":"instock","bundle_stock_quantity":10,"bundle_virtual":false,"bundle_layout":"","bundle_add_to_cart_form_location":"","bundle_editable_in_cart":false,"bundle_sold_individually_context":"","bundle_item_grouping":"","bundle_min_size":"","bundle_max_size":"","bundle_price":[],"bundled_items":[],"bundle_sell_ids":[],"acf":[],"jetpack_sharing_enabled":true,"_links":{"self":[{"href":"https:\/\/axkid.com\/si\/wp-json\/wp\/v2\/product\/71385","targetHints":{"allow":["GET"]}}],"collection":[{"href":"https:\/\/axkid.com\/si\/wp-json\/wp\/v2\/product"}],"about":[{"href":"https:\/\/axkid.com\/si\/wp-json\/wp\/v2\/types\/product"}],"replies":[{"embeddable":true,"href":"https:\/\/axkid.com\/si\/wp-json\/wp\/v2\/comments?post=71385"}],"wp:featuredmedia":[{"embeddable":true,"href":"https:\/\/axkid.com\/si\/wp-json\/"}],"wp:attachment":[{"href":"https:\/\/axkid.com\/si\/wp-json\/wp\/v2\/media?parent=71385"}],"wp:term":[{"taxonomy":"product_brand","embeddable":true,"href":"https:\/\/axkid.com\/si\/wp-json\/wp\/v2\/product_brand?post=71385"},{"taxonomy":"product_cat","embeddable":true,"href":"https:\/\/axkid.com\/si\/wp-json\/wp\/v2\/product_cat?post=71385"},{"taxonomy":"product_tag","embeddable":true,"href":"https:\/\/axkid.com\/si\/wp-json\/wp\/v2\/product_tag?post=71385"}],"curies":[{"name":"wp","href":"https:\/\/api.w.org\/{rel}","templated":true}]}}