{"id":72807,"date":"2024-09-02T14:50:12","date_gmt":"2024-09-02T13:50:12","guid":{"rendered":"https:\/\/axkid.com\/?post_type=product&#038;p=72807"},"modified":"2026-02-11T16:08:33","modified_gmt":"2026-02-11T15:08:33","slug":"car-seat-protector-pad","status":"publish","type":"product","link":"https:\/\/axkid.com\/si\/product\/car-seat-protector-pad\/","title":{"rendered":"AXKID Za\u0161\u010ditna nepremo\u010dljiva podloga za otro\u0161ki avtosede\u017e"},"content":{"rendered":"","protected":false},"excerpt":{"rendered":"<p>Vodoodporna za\u0161\u010ditna podloga, testirana v tr\u010denju, z univerzalnim prileganjem za vse modele rearboard otro\u0161kih avtosede\u017eev Axkid. Podalj\u0161a \u017eivljenjsko dobo va\u0161ega avtosede\u017ea tako, da deluje kot \u0161\u010dit, ki varuje pred pu\u0161\u010danjem in teko\u010dino, ki se nabere med va\u0161imi dogodiv\u0161\u010dinami.<\/p>\n","protected":false},"featured_media":3700000779440,"comment_status":"open","ping_status":"closed","template":"","meta":{"_acf_changed":false,"_seopress_robots_primary_cat":"none","_seopress_titles_title":"AXKID Za\u0161\u010ditna nepremo\u010dljiva podloga za otro\u0161ki avtosede\u017e","_seopress_titles_desc":"Vodoodporna za\u0161\u010ditna podloga, testirana v tr\u010denju, z univerzalnim prileganjem za vse modele rearboard otro\u0161kih avtosede\u017eev Axkid.","_seopress_robots_index":"","content-type":"","_relevanssi_hide_post":"","_relevanssi_hide_content":"","_relevanssi_pin_for_all":"","_relevanssi_pin_keywords":"","_relevanssi_unpin_keywords":"","_relevanssi_related_keywords":"","_relevanssi_related_include_ids":"","_relevanssi_related_exclude_ids":"","_relevanssi_related_no_append":"","_relevanssi_related_not_related":"","_relevanssi_related_posts":"","_relevanssi_noindex_reason":"","editor_notices":[]},"product_brand":[],"product_cat":[17,434,435],"product_tag":[],"class_list":{"0":"post-72807","1":"product","2":"type-product","3":"status-publish","4":"has-post-thumbnail","6":"product_cat-dodatki","7":"product_cat-car-seat-covers","8":"product_cat-car-seat-inserts-pads","10":"first","11":"instock","12":"taxable","13":"shipping-taxable","14":"purchasable","15":"product-type-simple"},"bundled_by":[],"bundle_stock_status":"instock","bundle_stock_quantity":25,"bundle_virtual":false,"bundle_layout":"","bundle_add_to_cart_form_location":"","bundle_editable_in_cart":false,"bundle_sold_individually_context":"","bundle_item_grouping":"","bundle_min_size":"","bundle_max_size":"","bundle_price":[],"bundled_items":[],"bundle_sell_ids":[],"acf":[],"jetpack_sharing_enabled":true,"_links":{"self":[{"href":"https:\/\/axkid.com\/si\/wp-json\/wp\/v2\/product\/72807","targetHints":{"allow":["GET"]}}],"collection":[{"href":"https:\/\/axkid.com\/si\/wp-json\/wp\/v2\/product"}],"about":[{"href":"https:\/\/axkid.com\/si\/wp-json\/wp\/v2\/types\/product"}],"replies":[{"embeddable":true,"href":"https:\/\/axkid.com\/si\/wp-json\/wp\/v2\/comments?post=72807"}],"wp:featuredmedia":[{"embeddable":true,"href":"https:\/\/axkid.com\/si\/wp-json\/"}],"wp:attachment":[{"href":"https:\/\/axkid.com\/si\/wp-json\/wp\/v2\/media?parent=72807"}],"wp:term":[{"taxonomy":"product_brand","embeddable":true,"href":"https:\/\/axkid.com\/si\/wp-json\/wp\/v2\/product_brand?post=72807"},{"taxonomy":"product_cat","embeddable":true,"href":"https:\/\/axkid.com\/si\/wp-json\/wp\/v2\/product_cat?post=72807"},{"taxonomy":"product_tag","embeddable":true,"href":"https:\/\/axkid.com\/si\/wp-json\/wp\/v2\/product_tag?post=72807"}],"curies":[{"name":"wp","href":"https:\/\/api.w.org\/{rel}","templated":true}]}}