{"id":73893,"date":"2024-10-22T11:33:02","date_gmt":"2024-10-22T10:33:02","guid":{"rendered":"https:\/\/axkid.com\/?post_type=product&#038;p=73893"},"modified":"2025-05-26T06:32:00","modified_gmt":"2025-05-26T05:32:00","slug":"swedish-safety-kit-premium","status":"publish","type":"product","link":"https:\/\/axkid.com\/si\/product\/swedish-safety-kit-premium\/","title":{"rendered":"AXKID \u0161vedski varnostni komplet Premium"},"content":{"rendered":"","protected":false},"excerpt":{"rendered":"<p>Dodatki za avtomobilski sede\u017e, preizku\u0161eni v tr\u010denju, izdelani tako, da trajajo. Swedish Safety Kit Premium vklju\u010duje dodatke iz visokokakovostnih in trpe\u017enih materialov. <strong>\u0160vedski varnostni komplet Premium je sestavljen iz:<\/strong><\/p>\n<ul>\n<li>Za\u0161\u010dita sede\u017ea: Premium 3-v-1<\/li>\n<li>LED ogledalo za avtosede\u017e<\/li>\n<li>Sen\u010dniki za avtomobilska okna &#8211; raztegljivi (paket 3 kom)<\/li>\n<\/ul>\n","protected":false},"featured_media":3700000845195,"comment_status":"open","ping_status":"closed","template":"","meta":{"_acf_changed":false,"_seopress_robots_primary_cat":"none","_seopress_titles_title":"AXKID \u0161vedski varnostni komplet Premium","_seopress_titles_desc":"Dodatki za avtomobilski sede\u017e, preizku\u0161eni v tr\u010denju, izdelani tako, da trajajo. Swedish Safety Kit Premium vklju\u010duje dodatke iz visokokakovostnih materialov.","_seopress_robots_index":"","content-type":"","_relevanssi_hide_post":"","_relevanssi_hide_content":"","_relevanssi_pin_for_all":"","_relevanssi_pin_keywords":"","_relevanssi_unpin_keywords":"","_relevanssi_related_keywords":"","_relevanssi_related_include_ids":"","_relevanssi_related_exclude_ids":"","_relevanssi_related_no_append":"","_relevanssi_related_not_related":"","_relevanssi_related_posts":"","_relevanssi_noindex_reason":"","editor_notices":[]},"product_brand":[],"product_cat":[17,434,437],"product_tag":[],"class_list":{"0":"post-73893","1":"product","2":"type-product","3":"status-publish","4":"has-post-thumbnail","6":"product_cat-dodatki","7":"product_cat-car-seat-covers","8":"product_cat-sunshades","10":"first","11":"instock","12":"taxable","13":"shipping-taxable","14":"purchasable","15":"product-type-simple"},"bundled_by":[],"bundle_stock_status":"instock","bundle_stock_quantity":12,"bundle_virtual":false,"bundle_layout":"","bundle_add_to_cart_form_location":"","bundle_editable_in_cart":false,"bundle_sold_individually_context":"","bundle_item_grouping":"","bundle_min_size":"","bundle_max_size":"","bundle_price":[],"bundled_items":[],"bundle_sell_ids":[],"acf":[],"jetpack_sharing_enabled":true,"_links":{"self":[{"href":"https:\/\/axkid.com\/si\/wp-json\/wp\/v2\/product\/73893","targetHints":{"allow":["GET"]}}],"collection":[{"href":"https:\/\/axkid.com\/si\/wp-json\/wp\/v2\/product"}],"about":[{"href":"https:\/\/axkid.com\/si\/wp-json\/wp\/v2\/types\/product"}],"replies":[{"embeddable":true,"href":"https:\/\/axkid.com\/si\/wp-json\/wp\/v2\/comments?post=73893"}],"wp:featuredmedia":[{"embeddable":true,"href":"https:\/\/axkid.com\/si\/wp-json\/"}],"wp:attachment":[{"href":"https:\/\/axkid.com\/si\/wp-json\/wp\/v2\/media?parent=73893"}],"wp:term":[{"taxonomy":"product_brand","embeddable":true,"href":"https:\/\/axkid.com\/si\/wp-json\/wp\/v2\/product_brand?post=73893"},{"taxonomy":"product_cat","embeddable":true,"href":"https:\/\/axkid.com\/si\/wp-json\/wp\/v2\/product_cat?post=73893"},{"taxonomy":"product_tag","embeddable":true,"href":"https:\/\/axkid.com\/si\/wp-json\/wp\/v2\/product_tag?post=73893"}],"curies":[{"name":"wp","href":"https:\/\/api.w.org\/{rel}","templated":true}]}}