{"id":844957,"date":"2024-09-19T07:35:18","date_gmt":"2024-09-19T06:35:18","guid":{"rendered":"https:\/\/axkid.com\/?post_type=product&#038;p=844957"},"modified":"2025-11-07T17:09:28","modified_gmt":"2025-11-07T16:09:28","slug":"boostkid","status":"publish","type":"product","link":"https:\/\/axkid.com\/si\/product\/boostkid\/","title":{"rendered":"Boostkid"},"content":{"rendered":"","protected":false},"excerpt":{"rendered":"<p>Boostkid je varen in ergonomi\u010den jaha\u010d z naslonom za uporabo v smeri vo\u017enje, zasnovan za odra\u0161\u010dajo\u010de otroke. Idealen je kot sekundarni sede\u017e za kraj\u0161e poti. Ima <strong>nastavljivo vzglavje, oblazinjeno hrbti\u0161\u010de in stranska krila<\/strong>. Elegantna in lahka zasnova omogo\u010da enostavno rokovanje, trpe\u017een tekstil pa zagotavlja maksimalno udobje.<\/p>\n","protected":false},"featured_media":844996,"comment_status":"open","ping_status":"closed","template":"","meta":{"_acf_changed":false,"_seopress_robots_primary_cat":"none","_seopress_titles_title":"Otro\u0161ki avtosede\u017e AXKID Boostkid","_seopress_titles_desc":"Boostkid je varen in ergonomi\u010den jaha\u010d z naslonom za uporabo v smeri vo\u017enje, zasnovan za odra\u0161\u010dajo\u010de otroke. Idealen je kot sekundarni sede\u017e za kraj\u0161e poti.","_seopress_robots_index":"","_seopress_analysis_target_kw":"","content-type":"","_relevanssi_hide_post":"","_relevanssi_hide_content":"","_relevanssi_pin_for_all":"","_relevanssi_pin_keywords":"","_relevanssi_unpin_keywords":"","_relevanssi_related_keywords":"","_relevanssi_related_include_ids":"","_relevanssi_related_exclude_ids":"","_relevanssi_related_no_append":"","_relevanssi_related_not_related":"","_relevanssi_related_posts":"","_relevanssi_noindex_reason":"","editor_notices":[]},"product_brand":[],"product_cat":[81,532,18],"product_tag":[],"class_list":{"0":"post-844957","1":"product","2":"type-product","3":"status-publish","4":"has-post-thumbnail","6":"product_cat-booster-seats","7":"product_cat-otrok","8":"product_cat-car-seats","10":"first","11":"instock","12":"taxable","13":"shipping-taxable","14":"purchasable","15":"product-type-variable","16":"has-default-attributes"},"bundled_by":[],"bundle_stock_status":"instock","bundle_stock_quantity":null,"bundle_virtual":false,"bundle_layout":"","bundle_add_to_cart_form_location":"","bundle_editable_in_cart":false,"bundle_sold_individually_context":"","bundle_item_grouping":"","bundle_min_size":"","bundle_max_size":"","bundle_price":[],"bundled_items":[],"bundle_sell_ids":[],"acf":[],"jetpack_sharing_enabled":true,"_links":{"self":[{"href":"https:\/\/axkid.com\/si\/wp-json\/wp\/v2\/product\/844957","targetHints":{"allow":["GET"]}}],"collection":[{"href":"https:\/\/axkid.com\/si\/wp-json\/wp\/v2\/product"}],"about":[{"href":"https:\/\/axkid.com\/si\/wp-json\/wp\/v2\/types\/product"}],"replies":[{"embeddable":true,"href":"https:\/\/axkid.com\/si\/wp-json\/wp\/v2\/comments?post=844957"}],"wp:featuredmedia":[{"embeddable":true,"href":"https:\/\/axkid.com\/si\/wp-json\/wp\/v2\/media\/844996"}],"wp:attachment":[{"href":"https:\/\/axkid.com\/si\/wp-json\/wp\/v2\/media?parent=844957"}],"wp:term":[{"taxonomy":"product_brand","embeddable":true,"href":"https:\/\/axkid.com\/si\/wp-json\/wp\/v2\/product_brand?post=844957"},{"taxonomy":"product_cat","embeddable":true,"href":"https:\/\/axkid.com\/si\/wp-json\/wp\/v2\/product_cat?post=844957"},{"taxonomy":"product_tag","embeddable":true,"href":"https:\/\/axkid.com\/si\/wp-json\/wp\/v2\/product_tag?post=844957"}],"curies":[{"name":"wp","href":"https:\/\/api.w.org\/{rel}","templated":true}]}}