{"id":847715,"date":"2025-03-13T15:51:04","date_gmt":"2025-03-13T14:51:04","guid":{"rendered":"https:\/\/axkid.com\/si-2-0\/?post_type=product&#038;p=847715"},"modified":"2026-04-15T07:28:13","modified_gmt":"2026-04-15T06:28:13","slug":"minikid-4-max","status":"publish","type":"product","link":"https:\/\/axkid.com\/si\/product\/minikid-4-max\/","title":{"rendered":"Minikid 4 Max"},"content":{"rendered":"","protected":false},"excerpt":{"rendered":"<p>AXKID Minikid 4 MAX je izjemno varen in prostoren otro\u0161ki avtosede\u017e za potovanje <strong>nasprotno smeri vo\u017enje<\/strong> z mnogimi pametnimi funkcijami, zasnovan s <strong>\u0161vedsko varnostno<\/strong> miselnostjo. Z <strong>do 30 cm prostora za noge<\/strong>, dinami\u010dno tehnologijo vzglavnika in enostavno <strong>60-sekundno namestitvijo<\/strong> je Minikid 4 MAX funkcionalen in prilagodljiv potrebam va\u0161ega otroka, zaradi \u010desar je pravi dru\u017einski junak.<\/p>\n","protected":false},"featured_media":3700000853075,"comment_status":"open","ping_status":"closed","template":"","meta":{"_acf_changed":false,"_seopress_robots_primary_cat":"none","_seopress_titles_title":"Otro\u0161ki avtosede\u017e AXKID Minikid 4 MAX i-Size","_seopress_titles_desc":"Otro\u0161ki avtosede\u017e AXKID Minikid 4 MAX je izjemno varen in prostoren. Omogo\u010da resni\u010dno podalj\u0161ano vo\u017enjo nasprotno smeri vse do 125 cm oziroma do 36 kg.","_seopress_robots_index":"","content-type":"","_relevanssi_hide_post":"","_relevanssi_hide_content":"","_relevanssi_pin_for_all":"","_relevanssi_pin_keywords":"","_relevanssi_unpin_keywords":"","_relevanssi_related_keywords":"","_relevanssi_related_include_ids":"","_relevanssi_related_exclude_ids":"","_relevanssi_related_no_append":"","_relevanssi_related_not_related":"","_relevanssi_related_posts":"","_relevanssi_noindex_reason":"","editor_notices":[]},"product_brand":[],"product_cat":[531,80,18],"product_tag":[],"class_list":{"0":"post-847715","1":"product","2":"type-product","3":"status-publish","4":"has-post-thumbnail","6":"product_cat-malcek","7":"product_cat-rear-facing-car-seats","8":"product_cat-car-seats","10":"first","11":"instock","12":"taxable","13":"shipping-taxable","14":"purchasable","15":"product-type-variable","16":"has-default-attributes"},"bundled_by":[],"bundle_stock_status":"instock","bundle_stock_quantity":null,"bundle_virtual":false,"bundle_layout":"","bundle_add_to_cart_form_location":"","bundle_editable_in_cart":false,"bundle_sold_individually_context":"","bundle_item_grouping":"","bundle_min_size":"","bundle_max_size":"","bundle_price":[],"bundled_items":[],"bundle_sell_ids":[],"acf":[],"jetpack_sharing_enabled":true,"_links":{"self":[{"href":"https:\/\/axkid.com\/si\/wp-json\/wp\/v2\/product\/847715","targetHints":{"allow":["GET"]}}],"collection":[{"href":"https:\/\/axkid.com\/si\/wp-json\/wp\/v2\/product"}],"about":[{"href":"https:\/\/axkid.com\/si\/wp-json\/wp\/v2\/types\/product"}],"replies":[{"embeddable":true,"href":"https:\/\/axkid.com\/si\/wp-json\/wp\/v2\/comments?post=847715"}],"wp:featuredmedia":[{"embeddable":true,"href":"https:\/\/axkid.com\/si\/wp-json\/"}],"wp:attachment":[{"href":"https:\/\/axkid.com\/si\/wp-json\/wp\/v2\/media?parent=847715"}],"wp:term":[{"taxonomy":"product_brand","embeddable":true,"href":"https:\/\/axkid.com\/si\/wp-json\/wp\/v2\/product_brand?post=847715"},{"taxonomy":"product_cat","embeddable":true,"href":"https:\/\/axkid.com\/si\/wp-json\/wp\/v2\/product_cat?post=847715"},{"taxonomy":"product_tag","embeddable":true,"href":"https:\/\/axkid.com\/si\/wp-json\/wp\/v2\/product_tag?post=847715"}],"curies":[{"name":"wp","href":"https:\/\/api.w.org\/{rel}","templated":true}]}}