{"id":847756,"date":"2025-07-03T17:04:08","date_gmt":"2025-07-03T16:04:08","guid":{"rendered":"https:\/\/axkid.com\/si-2-0\/?post_type=product&#038;p=847756"},"modified":"2026-04-28T10:11:41","modified_gmt":"2026-04-28T09:11:41","slug":"up","status":"publish","type":"product","link":"https:\/\/axkid.com\/si\/product\/up\/","title":{"rendered":"Up"},"content":{"rendered":"","protected":false},"excerpt":{"rendered":"<p data-start=\"191\" data-end=\"589\"><strong data-start=\"191\" data-end=\"204\">Axkid Up\u2122<\/strong> je na\u0161 najbolj tehnolo\u0161ko dovr\u0161en jaha\u010d z visokim naslonjalom do zdaj. Primeren je za otroke od <strong data-start=\"301\" data-end=\"316\">4 do 12 let<\/strong> (<strong data-start=\"318\" data-end=\"343\">100\u2013150 cm \/ do 50 kg<\/strong>) in se zahvaljujo\u010d nastavljivemu sede\u017eu popolnoma prilagodi otrokovi rasti ter zagotovi pravilen polo\u017eaj varnostnega pasu.<br data-start=\"466\" data-end=\"469\" \/>Opremljen je s <strong data-start=\"484\" data-end=\"512\">trdnim jeklenim ogrodjem<\/strong> in <strong data-start=\"516\" data-end=\"540\">vgrajeno oporno nogo<\/strong> za dodatno stabilnost in ve\u010djo varnost v vozilu.<\/p>\n","protected":false},"featured_media":3700000853093,"comment_status":"open","ping_status":"closed","template":"","meta":{"_acf_changed":false,"_seopress_robots_primary_cat":"none","_seopress_titles_title":"Axkid Up - na\u0161 najbolj napreden avtosede\u017e z visokim naslonjalom","_seopress_titles_desc":"Axkid Up\u2122 je na\u0161 tehnolo\u0161ko najbolj dovr\u0161en jaha\u010d z visokim naslonjalom Primeren je za otroke od 4 do 12 let (100\u2013150 cm \/ do 50 kg)","_seopress_robots_index":"","content-type":"","_relevanssi_hide_post":"","_relevanssi_hide_content":"","_relevanssi_pin_for_all":"","_relevanssi_pin_keywords":"","_relevanssi_unpin_keywords":"","_relevanssi_related_keywords":"","_relevanssi_related_include_ids":"","_relevanssi_related_exclude_ids":"","_relevanssi_related_no_append":"","_relevanssi_related_not_related":"","_relevanssi_related_posts":"","_relevanssi_noindex_reason":"","editor_notices":[]},"product_brand":[],"product_cat":[81,532,18],"product_tag":[],"class_list":{"0":"post-847756","1":"product","2":"type-product","3":"status-publish","4":"has-post-thumbnail","6":"product_cat-booster-seats","7":"product_cat-otrok","8":"product_cat-car-seats","10":"first","11":"instock","12":"taxable","13":"shipping-taxable","14":"purchasable","15":"product-type-variable","16":"has-default-attributes"},"bundled_by":["848557"],"bundle_stock_status":"instock","bundle_stock_quantity":null,"bundle_virtual":false,"bundle_layout":"","bundle_add_to_cart_form_location":"","bundle_editable_in_cart":false,"bundle_sold_individually_context":"","bundle_item_grouping":"","bundle_min_size":"","bundle_max_size":"","bundle_price":[],"bundled_items":[],"bundle_sell_ids":[],"acf":[],"jetpack_sharing_enabled":true,"_links":{"self":[{"href":"https:\/\/axkid.com\/si\/wp-json\/wp\/v2\/product\/847756","targetHints":{"allow":["GET"]}}],"collection":[{"href":"https:\/\/axkid.com\/si\/wp-json\/wp\/v2\/product"}],"about":[{"href":"https:\/\/axkid.com\/si\/wp-json\/wp\/v2\/types\/product"}],"replies":[{"embeddable":true,"href":"https:\/\/axkid.com\/si\/wp-json\/wp\/v2\/comments?post=847756"}],"wp:featuredmedia":[{"embeddable":true,"href":"https:\/\/axkid.com\/si\/wp-json\/"}],"wp:attachment":[{"href":"https:\/\/axkid.com\/si\/wp-json\/wp\/v2\/media?parent=847756"}],"wp:term":[{"taxonomy":"product_brand","embeddable":true,"href":"https:\/\/axkid.com\/si\/wp-json\/wp\/v2\/product_brand?post=847756"},{"taxonomy":"product_cat","embeddable":true,"href":"https:\/\/axkid.com\/si\/wp-json\/wp\/v2\/product_cat?post=847756"},{"taxonomy":"product_tag","embeddable":true,"href":"https:\/\/axkid.com\/si\/wp-json\/wp\/v2\/product_tag?post=847756"}],"curies":[{"name":"wp","href":"https:\/\/api.w.org\/{rel}","templated":true}]}}