{"id":848559,"date":"2025-07-10T08:42:21","date_gmt":"2025-07-10T07:42:21","guid":{"rendered":"https:\/\/axkid.com\/si-2-0\/?post_type=product&#038;p=848559"},"modified":"2025-09-21T11:17:50","modified_gmt":"2025-09-21T10:17:50","slug":"torba-za-prenasanje-za-up","status":"publish","type":"product","link":"https:\/\/axkid.com\/si\/product\/torba-za-prenasanje-za-up\/","title":{"rendered":"Torba za prena\u0161anje za Up"},"content":{"rendered":"","protected":false},"excerpt":{"rendered":"<div class=\"product__description\">\n<div class=\"product-full-description always-visible\"><span style=\"vertical-align: inherit\"><span style=\"vertical-align: inherit\">Prilagojen tako, da se popolnoma prilega zlo\u017eenemu sede\u017eu <\/span><\/span><strong data-start=\"59\" data-end=\"72\"><span style=\"vertical-align: inherit\"><span style=\"vertical-align: inherit\">Axkid Up\u2122<\/span><\/span><\/strong><span style=\"vertical-align: inherit\"><span style=\"vertical-align: inherit\"> , torba omogo\u010da enostaven prenos v kompaktno posodo. <\/span><\/span><br data-start=\"131\" data-end=\"134\" \/><span style=\"vertical-align: inherit\"><span style=\"vertical-align: inherit\">Z mehko oblazinjenim za\u0161\u010ditnim slojem in vodoodporno zadrgo <\/span><\/span><strong data-start=\"194\" data-end=\"226\"><span style=\"vertical-align: inherit\"><span style=\"vertical-align: inherit\">torba za prena\u0161anje Axkid Up<\/span><\/span><\/strong><span style=\"vertical-align: inherit\"><span style=\"vertical-align: inherit\"> med transportom u\u010dinkovito varuje in \u0161\u010diti va\u0161 sede\u017e.<\/span><\/span><\/div>\n<\/div>\n","protected":false},"featured_media":832,"comment_status":"open","ping_status":"closed","template":"","meta":{"_acf_changed":false,"_seopress_robots_primary_cat":"none","_seopress_titles_title":"Torba za prena\u0161anje Axkid Up - Axkid","_seopress_titles_desc":"Prilagojena tako, da se popolnoma prilega zlo\u017eenemu sede\u017eu Axkid Up\u2122, omogo\u010da enostavno prena\u0161anje in kompaktno shranjevanje.","_seopress_robots_index":"","content-type":"","_relevanssi_hide_post":"","_relevanssi_hide_content":"","_relevanssi_pin_for_all":"","_relevanssi_pin_keywords":"","_relevanssi_unpin_keywords":"","_relevanssi_related_keywords":"","_relevanssi_related_include_ids":"","_relevanssi_related_exclude_ids":"","_relevanssi_related_no_append":"","_relevanssi_related_not_related":"","_relevanssi_related_posts":"","_relevanssi_noindex_reason":"","editor_notices":[]},"product_brand":[],"product_cat":[17,436],"product_tag":[94],"class_list":{"0":"post-848559","1":"product","2":"type-product","3":"status-publish","4":"has-post-thumbnail","6":"product_cat-dodatki","7":"product_cat-seat-protector-storage","8":"product_tag-accessories-comfort-and-protection","10":"first","11":"instock","12":"taxable","13":"shipping-taxable","14":"purchasable","15":"product-type-simple"},"bundled_by":["848557"],"bundle_stock_status":"instock","bundle_stock_quantity":null,"bundle_virtual":false,"bundle_layout":"","bundle_add_to_cart_form_location":"","bundle_editable_in_cart":false,"bundle_sold_individually_context":"","bundle_item_grouping":"","bundle_min_size":"","bundle_max_size":"","bundle_price":[],"bundled_items":[],"bundle_sell_ids":[],"acf":[],"jetpack_sharing_enabled":true,"_links":{"self":[{"href":"https:\/\/axkid.com\/si\/wp-json\/wp\/v2\/product\/848559","targetHints":{"allow":["GET"]}}],"collection":[{"href":"https:\/\/axkid.com\/si\/wp-json\/wp\/v2\/product"}],"about":[{"href":"https:\/\/axkid.com\/si\/wp-json\/wp\/v2\/types\/product"}],"replies":[{"embeddable":true,"href":"https:\/\/axkid.com\/si\/wp-json\/wp\/v2\/comments?post=848559"}],"wp:featuredmedia":[{"embeddable":true,"href":"https:\/\/axkid.com\/si\/wp-json\/wp\/v2\/media\/832"}],"wp:attachment":[{"href":"https:\/\/axkid.com\/si\/wp-json\/wp\/v2\/media?parent=848559"}],"wp:term":[{"taxonomy":"product_brand","embeddable":true,"href":"https:\/\/axkid.com\/si\/wp-json\/wp\/v2\/product_brand?post=848559"},{"taxonomy":"product_cat","embeddable":true,"href":"https:\/\/axkid.com\/si\/wp-json\/wp\/v2\/product_cat?post=848559"},{"taxonomy":"product_tag","embeddable":true,"href":"https:\/\/axkid.com\/si\/wp-json\/wp\/v2\/product_tag?post=848559"}],"curies":[{"name":"wp","href":"https:\/\/api.w.org\/{rel}","templated":true}]}}