{"id":848570,"date":"2025-07-11T13:49:58","date_gmt":"2025-07-11T12:49:58","guid":{"rendered":"https:\/\/axkid.com\/si-2-0\/?post_type=product&#038;p=848570"},"modified":"2025-12-14T22:44:57","modified_gmt":"2025-12-14T21:44:57","slug":"opora-za-noge-axkid-up","status":"publish","type":"product","link":"https:\/\/axkid.com\/si\/product\/opora-za-noge-axkid-up\/","title":{"rendered":"Opora za noge Axkid Up"},"content":{"rendered":"","protected":false},"excerpt":{"rendered":"<p data-start=\"49\" data-end=\"243\" data-is-last-node=\"\" data-is-only-node=\"\">Nastavljiva <strong data-start=\"61\" data-end=\"91\">opora za noge za Axkid Up\u2122<\/strong> nudi dodatno oporo nogam ter omogo\u010da udobnej\u0161i in bolj ergonomski sede\u010di polo\u017eaj. Poskrbite za ve\u010dje udobje na vsaki poti \u2013 ne glede na dol\u017eino vo\u017enje.<\/p>\n","protected":false},"featured_media":848573,"comment_status":"open","ping_status":"closed","template":"","meta":{"_acf_changed":false,"_seopress_robots_primary_cat":"none","_seopress_titles_title":"Opora za noge Axkid Up","_seopress_titles_desc":"Elevate your child\u2019s travel experience with the adjustable footrest for Axkid Up\u2122. The extra leg support provides a more comfortable and ergonomic seating","_seopress_robots_index":"","content-type":"","_relevanssi_hide_post":"","_relevanssi_hide_content":"","_relevanssi_pin_for_all":"","_relevanssi_pin_keywords":"","_relevanssi_unpin_keywords":"","_relevanssi_related_keywords":"","_relevanssi_related_include_ids":"","_relevanssi_related_exclude_ids":"","_relevanssi_related_no_append":"","_relevanssi_related_not_related":"","_relevanssi_related_posts":"","_relevanssi_noindex_reason":"","editor_notices":[]},"product_brand":[],"product_cat":[17,412,436],"product_tag":[],"class_list":{"0":"post-848570","1":"product","2":"type-product","3":"status-publish","4":"has-post-thumbnail","6":"product_cat-dodatki","7":"product_cat-outlet","8":"product_cat-seat-protector-storage","10":"first","11":"instock","12":"taxable","13":"shipping-taxable","14":"purchasable","15":"product-type-simple"},"bundled_by":["848557"],"bundle_stock_status":"instock","bundle_stock_quantity":null,"bundle_virtual":false,"bundle_layout":"","bundle_add_to_cart_form_location":"","bundle_editable_in_cart":false,"bundle_sold_individually_context":"","bundle_item_grouping":"","bundle_min_size":"","bundle_max_size":"","bundle_price":[],"bundled_items":[],"bundle_sell_ids":[],"acf":[],"jetpack_sharing_enabled":true,"_links":{"self":[{"href":"https:\/\/axkid.com\/si\/wp-json\/wp\/v2\/product\/848570","targetHints":{"allow":["GET"]}}],"collection":[{"href":"https:\/\/axkid.com\/si\/wp-json\/wp\/v2\/product"}],"about":[{"href":"https:\/\/axkid.com\/si\/wp-json\/wp\/v2\/types\/product"}],"replies":[{"embeddable":true,"href":"https:\/\/axkid.com\/si\/wp-json\/wp\/v2\/comments?post=848570"}],"wp:featuredmedia":[{"embeddable":true,"href":"https:\/\/axkid.com\/si\/wp-json\/wp\/v2\/media\/848573"}],"wp:attachment":[{"href":"https:\/\/axkid.com\/si\/wp-json\/wp\/v2\/media?parent=848570"}],"wp:term":[{"taxonomy":"product_brand","embeddable":true,"href":"https:\/\/axkid.com\/si\/wp-json\/wp\/v2\/product_brand?post=848570"},{"taxonomy":"product_cat","embeddable":true,"href":"https:\/\/axkid.com\/si\/wp-json\/wp\/v2\/product_cat?post=848570"},{"taxonomy":"product_tag","embeddable":true,"href":"https:\/\/axkid.com\/si\/wp-json\/wp\/v2\/product_tag?post=848570"}],"curies":[{"name":"wp","href":"https:\/\/api.w.org\/{rel}","templated":true}]}}