{"id":848738,"date":"2025-12-19T10:56:45","date_gmt":"2025-12-19T09:56:45","guid":{"rendered":"https:\/\/axkid.com\/si\/?post_type=product&#038;p=848738"},"modified":"2025-12-19T11:12:54","modified_gmt":"2025-12-19T10:12:54","slug":"poletna-prevleka-za-avtosedez-minikid-1-in-2-move-wolmax-in-spinkid","status":"publish","type":"product","link":"https:\/\/axkid.com\/si\/product\/poletna-prevleka-za-avtosedez-minikid-1-in-2-move-wolmax-in-spinkid\/","title":{"rendered":"Poletna prevleka za avtosede\u017e \u2013 Minikid 1 in 2, Move, Wolmax in Spinkid"},"content":{"rendered":"","protected":false},"excerpt":{"rendered":"<p>Preprosto se pritrdi \u010dez va\u0161 obstoje\u010di avtomobilski sede\u017e. Ta prevleka bo za\u0161\u010ditila va\u0161 avtomobilski sede\u017e in hkrati prepre\u010dila vro\u010dino. Izdelana iz okolju prijaznega materiala.<\/p>\n","protected":false},"featured_media":848744,"comment_status":"open","ping_status":"closed","template":"","meta":{"_acf_changed":false,"_seopress_robots_primary_cat":"none","_seopress_titles_title":"Poletna prevleka za avtosede\u017e \u2013 Minikid 1 in 2, Move, Wolmax in Spinkid","_seopress_titles_desc":"Preprosto se pritrdi \u010dez va\u0161 obstoje\u010di avtomobilski sede\u017e. Ta prevleka bo za\u0161\u010ditila va\u0161 avtomobilski sede\u017e in hkrati prepre\u010dila vro\u010dino. Izdelana iz okolju prijaznega materiala.","_seopress_robots_index":"","content-type":"","_relevanssi_hide_post":"","_relevanssi_hide_content":"","_relevanssi_pin_for_all":"","_relevanssi_pin_keywords":"","_relevanssi_unpin_keywords":"","_relevanssi_related_keywords":"","_relevanssi_related_include_ids":"","_relevanssi_related_exclude_ids":"","_relevanssi_related_no_append":"","_relevanssi_related_not_related":"","_relevanssi_related_posts":"","_relevanssi_noindex_reason":"","editor_notices":[]},"product_brand":[],"product_cat":[17,436],"product_tag":[],"class_list":{"0":"post-848738","1":"product","2":"type-product","3":"status-publish","4":"has-post-thumbnail","6":"product_cat-dodatki","7":"product_cat-seat-protector-storage","9":"first","10":"instock","11":"taxable","12":"shipping-taxable","13":"purchasable","14":"product-type-simple"},"bundled_by":[],"bundle_stock_status":"instock","bundle_stock_quantity":16,"bundle_virtual":false,"bundle_layout":"","bundle_add_to_cart_form_location":"","bundle_editable_in_cart":false,"bundle_sold_individually_context":"","bundle_item_grouping":"","bundle_min_size":"","bundle_max_size":"","bundle_price":[],"bundled_items":[],"bundle_sell_ids":[],"acf":[],"jetpack_sharing_enabled":true,"_links":{"self":[{"href":"https:\/\/axkid.com\/si\/wp-json\/wp\/v2\/product\/848738","targetHints":{"allow":["GET"]}}],"collection":[{"href":"https:\/\/axkid.com\/si\/wp-json\/wp\/v2\/product"}],"about":[{"href":"https:\/\/axkid.com\/si\/wp-json\/wp\/v2\/types\/product"}],"replies":[{"embeddable":true,"href":"https:\/\/axkid.com\/si\/wp-json\/wp\/v2\/comments?post=848738"}],"wp:featuredmedia":[{"embeddable":true,"href":"https:\/\/axkid.com\/si\/wp-json\/wp\/v2\/media\/848744"}],"wp:attachment":[{"href":"https:\/\/axkid.com\/si\/wp-json\/wp\/v2\/media?parent=848738"}],"wp:term":[{"taxonomy":"product_brand","embeddable":true,"href":"https:\/\/axkid.com\/si\/wp-json\/wp\/v2\/product_brand?post=848738"},{"taxonomy":"product_cat","embeddable":true,"href":"https:\/\/axkid.com\/si\/wp-json\/wp\/v2\/product_cat?post=848738"},{"taxonomy":"product_tag","embeddable":true,"href":"https:\/\/axkid.com\/si\/wp-json\/wp\/v2\/product_tag?post=848738"}],"curies":[{"name":"wp","href":"https:\/\/api.w.org\/{rel}","templated":true}]}}