{"id":1088153,"date":"2024-09-19T08:52:35","date_gmt":"2024-09-19T07:52:35","guid":{"rendered":"https:\/\/axkid.com\/sv\/?post_type=product&#038;p=1088153"},"modified":"2026-05-08T09:16:14","modified_gmt":"2026-05-08T08:16:14","slug":"bakatvant-sparkskydd-3-i-1-premium","status":"publish","type":"product","link":"https:\/\/axkid.com\/sv\/product\/bakatvant-sparkskydd-3-i-1-premium\/","title":{"rendered":"Bak\u00e5tv\u00e4nt Sparkskydd: 3-i-1 Premium"},"content":{"rendered":"","protected":false},"excerpt":{"rendered":"<p>Sparkskydd som passar b\u00e5de bak\u00e5tv\u00e4nda och fram\u00e5tv\u00e4nda bilbarnstolar. Krocktestad tillsammans med surfplatta i den genomskinliga fickan, f\u00f6r att garantera ditt barns s\u00e4kerhet. Den perfekta l\u00f6sningen f\u00f6r att skydda bilens kl\u00e4dsel och h\u00e5lla bilbarnstolen p\u00e5 plats.<\/p>\n","protected":false},"featured_media":3700000779444,"comment_status":"open","ping_status":"closed","template":"","meta":{"_acf_changed":false,"_seopress_robots_primary_cat":"436","_seopress_titles_title":"","_seopress_titles_desc":"","_seopress_robots_index":"","content-type":"","_relevanssi_hide_post":"","_relevanssi_hide_content":"","_relevanssi_pin_for_all":"","_relevanssi_pin_keywords":"","_relevanssi_unpin_keywords":"","_relevanssi_related_keywords":"","_relevanssi_related_include_ids":"","_relevanssi_related_exclude_ids":"","_relevanssi_related_no_append":"","_relevanssi_related_not_related":"","_relevanssi_related_posts":"","_relevanssi_noindex_reason":"","editor_notices":[]},"product_brand":[],"product_cat":[436,17],"product_tag":[],"class_list":{"0":"post-1088153","1":"product","2":"type-product","3":"status-publish","4":"has-post-thumbnail","6":"product_cat-satesskydd-forvaring","7":"product_cat-tillbehor","9":"first","10":"instock","11":"taxable","12":"shipping-taxable","13":"purchasable","14":"product-type-simple"},"bundled_by":[],"bundle_stock_status":"instock","bundle_stock_quantity":27,"bundle_virtual":false,"bundle_layout":"","bundle_add_to_cart_form_location":"","bundle_editable_in_cart":false,"bundle_sold_individually_context":"","bundle_item_grouping":"","bundle_min_size":"","bundle_max_size":"","bundle_price":[],"bundled_items":[],"bundle_sell_ids":[],"acf":[],"jetpack_sharing_enabled":true,"_links":{"self":[{"href":"https:\/\/axkid.com\/sv\/wp-json\/wp\/v2\/product\/1088153","targetHints":{"allow":["GET"]}}],"collection":[{"href":"https:\/\/axkid.com\/sv\/wp-json\/wp\/v2\/product"}],"about":[{"href":"https:\/\/axkid.com\/sv\/wp-json\/wp\/v2\/types\/product"}],"replies":[{"embeddable":true,"href":"https:\/\/axkid.com\/sv\/wp-json\/wp\/v2\/comments?post=1088153"}],"wp:featuredmedia":[{"embeddable":true,"href":"https:\/\/axkid.com\/sv\/wp-json\/"}],"wp:attachment":[{"href":"https:\/\/axkid.com\/sv\/wp-json\/wp\/v2\/media?parent=1088153"}],"wp:term":[{"taxonomy":"product_brand","embeddable":true,"href":"https:\/\/axkid.com\/sv\/wp-json\/wp\/v2\/product_brand?post=1088153"},{"taxonomy":"product_cat","embeddable":true,"href":"https:\/\/axkid.com\/sv\/wp-json\/wp\/v2\/product_cat?post=1088153"},{"taxonomy":"product_tag","embeddable":true,"href":"https:\/\/axkid.com\/sv\/wp-json\/wp\/v2\/product_tag?post=1088153"}],"curies":[{"name":"wp","href":"https:\/\/api.w.org\/{rel}","templated":true}]}}