{"id":1123697,"date":"2024-09-19T08:52:34","date_gmt":"2024-09-19T07:52:34","guid":{"rendered":"https:\/\/axkid.com\/sv\/?post_type=product&#038;p=1123697"},"modified":"2026-05-08T09:13:22","modified_gmt":"2026-05-08T08:13:22","slug":"axkid-baby-on-board-skylt","status":"publish","type":"product","link":"https:\/\/axkid.com\/sv\/product\/axkid-baby-on-board-skylt\/","title":{"rendered":"Axkid \u201cBaby On Board\u201d Skylt"},"content":{"rendered":"","protected":false},"excerpt":{"rendered":"<p>\u201cBaby On Board\u201d Skylten anv\u00e4nds f\u00f6r att uppm\u00e4rksamma andra f\u00f6rare att det finns barn ombord. Vid en kollision kan sjukv\u00e5rdspersonal enkelt identifiera att det finns barn i bilen och prioritera medicinsk hj\u00e4lp. Som en bonus bidrar du \u00e4ven till att sprida budskapet om s\u00e4kerhetsf\u00f6rdelarna med bak\u00e5tv\u00e4nt \u00e5kande.<\/p>\n","protected":false},"featured_media":3700000779437,"comment_status":"open","ping_status":"closed","template":"","meta":{"_acf_changed":false,"_seopress_robots_primary_cat":"17","_seopress_titles_title":"","_seopress_titles_desc":"","_seopress_robots_index":"","_seopress_analysis_target_kw":"","content-type":"","_relevanssi_hide_post":"","_relevanssi_hide_content":"","_relevanssi_pin_for_all":"","_relevanssi_pin_keywords":"","_relevanssi_unpin_keywords":"","_relevanssi_related_keywords":"","_relevanssi_related_include_ids":"","_relevanssi_related_exclude_ids":"","_relevanssi_related_no_append":"","_relevanssi_related_not_related":"","_relevanssi_related_posts":"","_relevanssi_noindex_reason":"","editor_notices":[]},"product_brand":[],"product_cat":[375,17],"product_tag":[],"class_list":{"0":"post-1123697","1":"product","2":"type-product","3":"status-publish","4":"has-post-thumbnail","6":"product_cat-ovrigt-reservdelar","7":"product_cat-tillbehor","9":"first","10":"instock","11":"taxable","12":"shipping-taxable","13":"purchasable","14":"product-type-simple"},"bundled_by":[],"bundle_stock_status":"instock","bundle_stock_quantity":23,"bundle_virtual":false,"bundle_layout":"","bundle_add_to_cart_form_location":"","bundle_editable_in_cart":false,"bundle_sold_individually_context":"","bundle_item_grouping":"","bundle_min_size":"","bundle_max_size":"","bundle_price":[],"bundled_items":[],"bundle_sell_ids":[],"acf":[],"jetpack_sharing_enabled":true,"_links":{"self":[{"href":"https:\/\/axkid.com\/sv\/wp-json\/wp\/v2\/product\/1123697","targetHints":{"allow":["GET"]}}],"collection":[{"href":"https:\/\/axkid.com\/sv\/wp-json\/wp\/v2\/product"}],"about":[{"href":"https:\/\/axkid.com\/sv\/wp-json\/wp\/v2\/types\/product"}],"replies":[{"embeddable":true,"href":"https:\/\/axkid.com\/sv\/wp-json\/wp\/v2\/comments?post=1123697"}],"wp:featuredmedia":[{"embeddable":true,"href":"https:\/\/axkid.com\/sv\/wp-json\/"}],"wp:attachment":[{"href":"https:\/\/axkid.com\/sv\/wp-json\/wp\/v2\/media?parent=1123697"}],"wp:term":[{"taxonomy":"product_brand","embeddable":true,"href":"https:\/\/axkid.com\/sv\/wp-json\/wp\/v2\/product_brand?post=1123697"},{"taxonomy":"product_cat","embeddable":true,"href":"https:\/\/axkid.com\/sv\/wp-json\/wp\/v2\/product_cat?post=1123697"},{"taxonomy":"product_tag","embeddable":true,"href":"https:\/\/axkid.com\/sv\/wp-json\/wp\/v2\/product_tag?post=1123697"}],"curies":[{"name":"wp","href":"https:\/\/api.w.org\/{rel}","templated":true}]}}