{"id":1126581,"date":"2025-11-19T08:52:41","date_gmt":"2025-11-19T07:52:41","guid":{"rendered":"https:\/\/axkid.com\/sv\/?post_type=product&#038;p=1126581"},"modified":"2026-04-08T22:07:16","modified_gmt":"2026-04-08T21:07:16","slug":"framatvant-sparkskydd-anti-sub","status":"publish","type":"product","link":"https:\/\/axkid.com\/sv\/product\/framatvant-sparkskydd-anti-sub\/","title":{"rendered":"Fram\u00e5tv\u00e4nt Sparkskydd: Anti-sub"},"content":{"rendered":"","protected":false},"excerpt":{"rendered":"<p>Designad f\u00f6r att h\u00e5lla bilbarnstolen stadigt p\u00e5 plats och f\u00f6rhindra att den r\u00f6r p\u00e5 sig under resan. Fram\u00e5tv\u00e4nt Sparkskydd Anti-sub \u00f6kar s\u00e4kerheten och komforten f\u00f6r ditt barn samtidigt som den skyddar bilens kl\u00e4dsel fr\u00e5n slitage. Kompatibel med b\u00e5de bak\u00e5tv\u00e4nda och fram\u00e5tv\u00e4nda bilbarnstolar.<\/p>\n","protected":false},"featured_media":3700000779441,"comment_status":"open","ping_status":"closed","template":"","meta":{"_acf_changed":false,"_seopress_robots_primary_cat":"436","_seopress_titles_title":"","_seopress_titles_desc":"","_seopress_robots_index":"","content-type":"","_relevanssi_hide_post":"","_relevanssi_hide_content":"","_relevanssi_pin_for_all":"","_relevanssi_pin_keywords":"","_relevanssi_unpin_keywords":"","_relevanssi_related_keywords":"","_relevanssi_related_include_ids":"","_relevanssi_related_exclude_ids":"","_relevanssi_related_no_append":"","_relevanssi_related_not_related":"","_relevanssi_related_posts":"","_relevanssi_noindex_reason":"","editor_notices":[]},"product_brand":[],"product_cat":[436,17],"product_tag":[],"class_list":{"0":"post-1126581","1":"product","2":"type-product","3":"status-publish","4":"has-post-thumbnail","6":"product_cat-satesskydd-forvaring","7":"product_cat-tillbehor","9":"first","10":"instock","11":"taxable","12":"shipping-taxable","13":"purchasable","14":"product-type-simple"},"bundled_by":[],"bundle_stock_status":"instock","bundle_stock_quantity":12,"bundle_virtual":false,"bundle_layout":"","bundle_add_to_cart_form_location":"","bundle_editable_in_cart":false,"bundle_sold_individually_context":"","bundle_item_grouping":"","bundle_min_size":"","bundle_max_size":"","bundle_price":[],"bundled_items":[],"bundle_sell_ids":[],"acf":[],"jetpack_sharing_enabled":true,"_links":{"self":[{"href":"https:\/\/axkid.com\/sv\/wp-json\/wp\/v2\/product\/1126581","targetHints":{"allow":["GET"]}}],"collection":[{"href":"https:\/\/axkid.com\/sv\/wp-json\/wp\/v2\/product"}],"about":[{"href":"https:\/\/axkid.com\/sv\/wp-json\/wp\/v2\/types\/product"}],"replies":[{"embeddable":true,"href":"https:\/\/axkid.com\/sv\/wp-json\/wp\/v2\/comments?post=1126581"}],"wp:featuredmedia":[{"embeddable":true,"href":"https:\/\/axkid.com\/sv\/wp-json\/"}],"wp:attachment":[{"href":"https:\/\/axkid.com\/sv\/wp-json\/wp\/v2\/media?parent=1126581"}],"wp:term":[{"taxonomy":"product_brand","embeddable":true,"href":"https:\/\/axkid.com\/sv\/wp-json\/wp\/v2\/product_brand?post=1126581"},{"taxonomy":"product_cat","embeddable":true,"href":"https:\/\/axkid.com\/sv\/wp-json\/wp\/v2\/product_cat?post=1126581"},{"taxonomy":"product_tag","embeddable":true,"href":"https:\/\/axkid.com\/sv\/wp-json\/wp\/v2\/product_tag?post=1126581"}],"curies":[{"name":"wp","href":"https:\/\/api.w.org\/{rel}","templated":true}]}}