{"id":1126746,"date":"2025-11-19T08:52:36","date_gmt":"2025-11-19T07:52:36","guid":{"rendered":"https:\/\/axkid.com\/sv\/?post_type=product&#038;p=1126746"},"modified":"2026-03-04T09:44:19","modified_gmt":"2026-03-04T08:44:19","slug":"skotunderlagg-nappy-change-duo","status":"publish","type":"product","link":"https:\/\/axkid.com\/sv\/product\/skotunderlagg-nappy-change-duo\/","title":{"rendered":"Sk\u00f6tunderl\u00e4gg: Nappy-Change Duo"},"content":{"rendered":"","protected":false},"excerpt":{"rendered":"<p>Fungerar som ett s\u00e4tesskydd under bilresan och ger en ren och bekv\u00e4m yta f\u00f6r bl\u00f6jbyten n\u00e4r och var som helst. H\u00e5ller bilens kl\u00e4dsel skyddad fr\u00e5n olyckor, l\u00e4ckage och fl\u00e4ckar, vilket underl\u00e4ttar n\u00e4r du \u00e4r p\u00e5 resande fot.<\/p>\n","protected":false},"featured_media":3700000779357,"comment_status":"open","ping_status":"closed","template":"","meta":{"_acf_changed":false,"_seopress_robots_primary_cat":"434","_seopress_titles_title":"","_seopress_titles_desc":"","_seopress_robots_index":"","_seopress_analysis_target_kw":"","content-type":"","_relevanssi_hide_post":"","_relevanssi_hide_content":"","_relevanssi_pin_for_all":"","_relevanssi_pin_keywords":"","_relevanssi_unpin_keywords":"","_relevanssi_related_keywords":"","_relevanssi_related_include_ids":"","_relevanssi_related_exclude_ids":"","_relevanssi_related_no_append":"","_relevanssi_related_not_related":"","_relevanssi_related_posts":"","_relevanssi_noindex_reason":"","editor_notices":[]},"product_brand":[],"product_cat":[434,17],"product_tag":[],"class_list":{"0":"post-1126746","1":"product","2":"type-product","3":"status-publish","4":"has-post-thumbnail","6":"product_cat-kladsel-och-overdrag","7":"product_cat-tillbehor","9":"first","10":"instock","11":"taxable","12":"shipping-taxable","13":"purchasable","14":"product-type-simple"},"bundled_by":[],"bundle_stock_status":"instock","bundle_stock_quantity":3,"bundle_virtual":false,"bundle_layout":"","bundle_add_to_cart_form_location":"","bundle_editable_in_cart":false,"bundle_sold_individually_context":"","bundle_item_grouping":"","bundle_min_size":"","bundle_max_size":"","bundle_price":[],"bundled_items":[],"bundle_sell_ids":[],"acf":[],"jetpack_sharing_enabled":true,"_links":{"self":[{"href":"https:\/\/axkid.com\/sv\/wp-json\/wp\/v2\/product\/1126746","targetHints":{"allow":["GET"]}}],"collection":[{"href":"https:\/\/axkid.com\/sv\/wp-json\/wp\/v2\/product"}],"about":[{"href":"https:\/\/axkid.com\/sv\/wp-json\/wp\/v2\/types\/product"}],"replies":[{"embeddable":true,"href":"https:\/\/axkid.com\/sv\/wp-json\/wp\/v2\/comments?post=1126746"}],"wp:featuredmedia":[{"embeddable":true,"href":"https:\/\/axkid.com\/sv\/wp-json\/"}],"wp:attachment":[{"href":"https:\/\/axkid.com\/sv\/wp-json\/wp\/v2\/media?parent=1126746"}],"wp:term":[{"taxonomy":"product_brand","embeddable":true,"href":"https:\/\/axkid.com\/sv\/wp-json\/wp\/v2\/product_brand?post=1126746"},{"taxonomy":"product_cat","embeddable":true,"href":"https:\/\/axkid.com\/sv\/wp-json\/wp\/v2\/product_cat?post=1126746"},{"taxonomy":"product_tag","embeddable":true,"href":"https:\/\/axkid.com\/sv\/wp-json\/wp\/v2\/product_tag?post=1126746"}],"curies":[{"name":"wp","href":"https:\/\/api.w.org\/{rel}","templated":true}]}}