{"id":1292121,"date":"2024-09-13T12:33:18","date_gmt":"2024-09-13T11:33:18","guid":{"rendered":"https:\/\/axkid.com\/sv\/?post_type=product&#038;p=1292121"},"modified":"2026-05-07T09:59:14","modified_gmt":"2026-05-07T08:59:14","slug":"mate-2","status":"publish","type":"product","link":"https:\/\/axkid.com\/sv\/product\/mate-2\/","title":{"rendered":"Mate 2"},"content":{"rendered":"<p>Mate 2 \u00e4r en l\u00e4tt och praktisk b\u00e4lteskudde, designad f\u00f6r barn mellan 125 och 150 cm. Bilbarnstolen ser till att s\u00e4kerhetsb\u00e4ltet sitter korrekt och bekv\u00e4mt under hela resan, s\u00e5 att ditt barn kan anv\u00e4nda bilens s\u00e4kerhetssystem p\u00e5 b\u00e4sta s\u00e4tt.<\/p>\n","protected":false},"excerpt":{"rendered":"<p>Mate 2 \u00e4r en l\u00e4tt och praktisk b\u00e4lteskudde, designad f\u00f6r barn mellan 125 och 150 cm. Bilbarnstolen ser till att s\u00e4kerhetsb\u00e4ltet sitter korrekt och bekv\u00e4mt under hela resan, s\u00e5 att ditt barn kan anv\u00e4nda bilens s\u00e4kerhetssystem p\u00e5 b\u00e4sta s\u00e4tt.<\/p>\n","protected":false},"featured_media":3700000848009,"comment_status":"open","ping_status":"closed","template":"","meta":{"_acf_changed":false,"_seopress_robots_primary_cat":"81","_seopress_titles_title":"Mate 2 | Axkid","_seopress_titles_desc":"Axkid Mate 2 \u2013 den perfekta f\u00f6ljeslagaren f\u00f6r dina resor. Enkel att anv\u00e4nda, praktisk design och s\u00e4kerhet i fokus.","_seopress_robots_index":"","content-type":"","_relevanssi_hide_post":"","_relevanssi_hide_content":"","_relevanssi_pin_for_all":"","_relevanssi_pin_keywords":"","_relevanssi_unpin_keywords":"","_relevanssi_related_keywords":"","_relevanssi_related_include_ids":"","_relevanssi_related_exclude_ids":"","_relevanssi_related_no_append":"","_relevanssi_related_not_related":"","_relevanssi_related_posts":"","_relevanssi_noindex_reason":"","editor_notices":[]},"product_brand":[],"product_cat":[18,81],"product_tag":[72],"class_list":{"0":"post-1292121","1":"product","2":"type-product","3":"status-publish","4":"has-post-thumbnail","6":"product_cat-bilbarnstolar","7":"product_cat-baltesstolar","8":"product_tag-forward-facing-car-seat","10":"first","11":"instock","12":"taxable","13":"shipping-taxable","14":"purchasable","15":"product-type-variable","16":"has-default-attributes"},"bundled_by":[],"bundle_stock_status":"instock","bundle_stock_quantity":null,"bundle_virtual":false,"bundle_layout":"","bundle_add_to_cart_form_location":"","bundle_editable_in_cart":false,"bundle_sold_individually_context":"","bundle_item_grouping":"","bundle_min_size":"","bundle_max_size":"","bundle_price":[],"bundled_items":[],"bundle_sell_ids":[],"acf":[],"jetpack_sharing_enabled":true,"_links":{"self":[{"href":"https:\/\/axkid.com\/sv\/wp-json\/wp\/v2\/product\/1292121","targetHints":{"allow":["GET"]}}],"collection":[{"href":"https:\/\/axkid.com\/sv\/wp-json\/wp\/v2\/product"}],"about":[{"href":"https:\/\/axkid.com\/sv\/wp-json\/wp\/v2\/types\/product"}],"replies":[{"embeddable":true,"href":"https:\/\/axkid.com\/sv\/wp-json\/wp\/v2\/comments?post=1292121"}],"wp:featuredmedia":[{"embeddable":true,"href":"https:\/\/axkid.com\/sv\/wp-json\/"}],"wp:attachment":[{"href":"https:\/\/axkid.com\/sv\/wp-json\/wp\/v2\/media?parent=1292121"}],"wp:term":[{"taxonomy":"product_brand","embeddable":true,"href":"https:\/\/axkid.com\/sv\/wp-json\/wp\/v2\/product_brand?post=1292121"},{"taxonomy":"product_cat","embeddable":true,"href":"https:\/\/axkid.com\/sv\/wp-json\/wp\/v2\/product_cat?post=1292121"},{"taxonomy":"product_tag","embeddable":true,"href":"https:\/\/axkid.com\/sv\/wp-json\/wp\/v2\/product_tag?post=1292121"}],"curies":[{"name":"wp","href":"https:\/\/api.w.org\/{rel}","templated":true}]}}