{"id":1292646,"date":"2025-07-11T16:14:41","date_gmt":"2025-07-11T15:14:41","guid":{"rendered":"https:\/\/axkid.com\/sv\/?post_type=product&#038;p=1292646"},"modified":"2026-05-03T19:05:28","modified_gmt":"2026-05-03T18:05:28","slug":"swedish-safety-kit-premium","status":"publish","type":"product","link":"https:\/\/axkid.com\/sv\/product\/swedish-safety-kit-premium\/","title":{"rendered":"Swedish Safety Kit Premium"},"content":{"rendered":"","protected":false},"excerpt":{"rendered":"<p>Krocktestade tillbeh\u00f6r designade f\u00f6r att h\u00e5lla. Swedish Safety Kit Premium inneh\u00e5ller tillbeh\u00f6r tillverkade av h\u00f6gkvalitativa och slitstarka material.<br \/>\nSwedish Safety Kit Premium best\u00e5r av:<\/p>\n<ul>\n<li>Bak\u00e5tv\u00e4nt Sparkskydd: 3-i-1 Premium<\/li>\n<li>Bilspegel \u2013 LED<\/li>\n<li>Solskydd f\u00f6r bilf\u00f6nster &#8211; Strech (3-pack)<\/li>\n<\/ul>\n","protected":false},"featured_media":3700000845195,"comment_status":"open","ping_status":"closed","template":"","meta":{"_acf_changed":false,"_seopress_robots_primary_cat":"17","_seopress_titles_title":"","_seopress_titles_desc":"","_seopress_robots_index":"","content-type":"","_relevanssi_hide_post":"","_relevanssi_hide_content":"","_relevanssi_pin_for_all":"","_relevanssi_pin_keywords":"","_relevanssi_unpin_keywords":"","_relevanssi_related_keywords":"","_relevanssi_related_include_ids":"","_relevanssi_related_exclude_ids":"","_relevanssi_related_no_append":"","_relevanssi_related_not_related":"","_relevanssi_related_posts":"","_relevanssi_noindex_reason":"","editor_notices":[]},"product_brand":[],"product_cat":[436,437,17],"product_tag":[94],"class_list":{"0":"post-1292646","1":"product","2":"type-product","3":"status-publish","4":"has-post-thumbnail","6":"product_cat-satesskydd-forvaring","7":"product_cat-solskydd","8":"product_cat-tillbehor","9":"product_tag-accessories-comfort-and-protection","11":"first","12":"instock","13":"taxable","14":"shipping-taxable","15":"purchasable","16":"product-type-simple"},"bundled_by":["1307779"],"bundle_stock_status":"instock","bundle_stock_quantity":6,"bundle_virtual":false,"bundle_layout":"","bundle_add_to_cart_form_location":"","bundle_editable_in_cart":false,"bundle_sold_individually_context":"","bundle_item_grouping":"","bundle_min_size":"","bundle_max_size":"","bundle_price":[],"bundled_items":[],"bundle_sell_ids":[],"acf":[],"jetpack_sharing_enabled":true,"_links":{"self":[{"href":"https:\/\/axkid.com\/sv\/wp-json\/wp\/v2\/product\/1292646","targetHints":{"allow":["GET"]}}],"collection":[{"href":"https:\/\/axkid.com\/sv\/wp-json\/wp\/v2\/product"}],"about":[{"href":"https:\/\/axkid.com\/sv\/wp-json\/wp\/v2\/types\/product"}],"replies":[{"embeddable":true,"href":"https:\/\/axkid.com\/sv\/wp-json\/wp\/v2\/comments?post=1292646"}],"wp:featuredmedia":[{"embeddable":true,"href":"https:\/\/axkid.com\/sv\/wp-json\/"}],"wp:attachment":[{"href":"https:\/\/axkid.com\/sv\/wp-json\/wp\/v2\/media?parent=1292646"}],"wp:term":[{"taxonomy":"product_brand","embeddable":true,"href":"https:\/\/axkid.com\/sv\/wp-json\/wp\/v2\/product_brand?post=1292646"},{"taxonomy":"product_cat","embeddable":true,"href":"https:\/\/axkid.com\/sv\/wp-json\/wp\/v2\/product_cat?post=1292646"},{"taxonomy":"product_tag","embeddable":true,"href":"https:\/\/axkid.com\/sv\/wp-json\/wp\/v2\/product_tag?post=1292646"}],"curies":[{"name":"wp","href":"https:\/\/api.w.org\/{rel}","templated":true}]}}