{"id":1292802,"date":"2026-02-03T13:13:35","date_gmt":"2026-02-03T12:13:35","guid":{"rendered":"https:\/\/axkid.com\/sv\/?post_type=product&#038;p=1292802"},"modified":"2026-05-05T22:12:20","modified_gmt":"2026-05-05T21:12:20","slug":"axkid-care-one-3","status":"publish","type":"product","link":"https:\/\/axkid.com\/sv\/product\/axkid-care-one-3\/","title":{"rendered":"Axkid Care &#8211; ONE 3"},"content":{"rendered":"<p>Axkid ONE 2 is the only ISOFIX car seat on the market allowing rear-facing travel up to approx. 7 years of age (61-125 cm\/23kg). Easy and secure installation in 30sec. Provides the best legroom on the market, yet the flexibility to become one of the most compact rear-facing car seats on the market.<\/p>\n<p><strong>The safest car seat we ever built<\/strong> \u2013 Only rear-facing ISOFIX car seat on the market that is i-Size approved up to 125 cm\/23kg or approx. 7 years of age. The car seat has also passed one of the world\u2019s toughest crash tests \u2013 the Swedish Plus test.<\/p>\n<p><strong>One car seat through childhood<\/strong> \u2013 Axkid ONE 2 can be used from day one all the way up to 7 years of age (Requires extra cushion \u2013 Axkid ONE+ 2).<\/p>\n<p><strong>Best legroom on the market<\/strong> \u2013 The dynamic legroom system gives your child the best legroom on the market as well as easy access to your child. Thanks to the sliding seat technology it can also be one of the most compact rear-facing car seats on the market \u2013 fitting even in the smallest cars.<\/p>\n<p><strong>Easy to use<\/strong><strong> and adapts to you child<\/strong> \u2013 The sliding seat technology and the advanced sleep well system makes it easy to adapt the car seat for your child\u2019s needs.<\/p>\n<p><strong>Quick &amp; secure 30sec installation Guarantee<\/strong>\u2013 Just click in the ISOFIX connectors, fold out the support leg and release the automatic rebound bar and you are all set.<\/p>\n<p><strong>Innovative lightweight design<\/strong> \u2013 Weighs 30% less than other car seats on the market and built with less plastic.<\/p>\n<p><strong>A sustainable choice \u2013 <\/strong>The Axkid ONE 2 has a huge benefit in the lifecycle as it can be used for up to 7 years. The innovative seat itself is easy to disassemble and consists of materials with a high grade of recyclability.<\/p>\n<h3>A new generation rear-facing car seat<\/h3>\n<p>Axkid ONE 2 sets a new standard of car-seat safety. It is, together with its predecessor Axkid ONE, the only rear-facing ISOFIX seat on the market that is i-Size approved up to 125 cm\/23 kg, meaning your child can travel rear-facing for up to 3 years longer than in existing ISOFIX car seats on the market. \u00a0Traveling rear-facing is up to 5 times safer for children all the way up to 6-7 years of age. Which is why the Axkid ONE 2 is included in the Axkid\u2019s long range safety programme, providing rear-facing safety for as long as possible.<\/p>\n<p><a href=\"https:\/\/axkid.com\/sv\/safety\/launching-axkid-one-2\/\">Read more about the difference here \u00bb<\/a><\/p>\n<h3>Strong and lightweight design innovated in Sweden<\/h3>\n<p>Axkid ONE 2 is built with a new and innovative design that uses aluminium and hardened steel to form a protective frame technology that acts like a protective cocoon. The seat itself is built in shock-absorbing materials to minimise crash-forces upon impact. Ventilation holes were added in the seat to keep a child cool during the hot summer months. The whole seat weighs less than 10 kg allowing older and heavier children to travel rearward all the way up to 7 years of age.<\/p>\n<h3>Best legroom on the market<\/h3>\n<p>The Axkid ONE 2 is mounted on rails allowing the car seat to be adjusted back and forth with just one hand up to 30 cm. The sliding seat technology offers the front seat passenger additional space when needed without removing the seat from the car, just push the seat backwards towards the back seat. No other seat on the market benefits from these features, which is why Axkid ONE 2 provides the best legroom on the market for your child yet can be one of the most compact rear-facing car seats on the market fitting even in the smallest cars, allowing enormous flexibility for your family and your needs.<\/p>\n<p>This unique feature also solves the past drawbacks with rear-facing seats. It is easier to install your child into the seat as the angle is wider. For older children, the protective frame technology can act as a handle so they may easily climb in and out of the seat themselves. No need for swivel functions that devour space and thus results in children outgrowing the seat prematurely. Older children can travel comfortably up to 7 years or 125 cm\/23 kg and the oversize design of the anti-rotation bar allows for extra legroom when compared to other seats on the market.<\/p>\n<h3>Quick and secure installation in 30 seconds<\/h3>\n<p>Many car seats, both forward-facing and rear-facing are to some extent installed incorrectly, impeding the safety of the seat. Therefore, Axkid ONE 2 features an easy installation system with 6 self-explanatory installation steps and an automatic rebound bar with a built\u2013in audio informing you if the seat is in an optimal position. Combined with ISOFIX connectors and the lightweight construction which makes handling easy, we guarantee that you can install the seat in less than 30 seconds.<\/p>\n<h3>Comfort from 0-7 years of age<\/h3>\n<p>Axkid ONE 2 comes equipped with the Advanced Sleep Well System allowing the seat angle to be reclined all the way to 42 degrees. This means the car seat can be positioned to act as an infant carrier, but remember the infant cushion is only included with the Axkid ONE+ 2 car seat.\u00a0 However, older children will also appreciate the Advanced Sleep Well System which will allow them to fall asleep comfortably on road trips.<\/p>\n<h3>World-leading safety system from Sweden<\/h3>\n<p>Axkid ONE 2 is equipped with a premium harness and safety system from the Swedish technology provider Holmbergs\u00ae. Every component, through buckle to belt, is tested beyond regulations to ensure superior quality and a performance that distinguishes a world leader<\/p>\n<h3>Axkid One+ 2<\/h3>\n<p>With the soft inlays as extra support and the possibility to adjust the seat angle, your infant can travel safely in this seat from day one. The extra inlay for infants is <u>only<\/u> included in the Axkid ONE+ car seat. <a href=\"https:\/\/axkid.com\/sv\/product\/axkid-one-plus-2\/\">Read more Axkid ONE + 2 here \u00bb<\/a><\/p>\n<p>ASIP is included<\/p>\n","protected":false},"excerpt":{"rendered":"<p>Det enda plusgodk\u00e4nda ISOFIX-s\u00e4tet p\u00e5 marknaden som till\u00e5ter bak\u00e5tv\u00e4nt \u00e5kande upp till 7 \u00e5rs \u00e5lder (61-125 cm\/23 kg). S\u00e4ker installation p\u00e5 mindre \u00e4n 30 sekunder. Justerbart benutrymme efter montering upp till 30 cm.<\/p>\n","protected":false},"featured_media":3700000844636,"comment_status":"open","ping_status":"closed","template":"","meta":{"_acf_changed":false,"_seopress_robots_primary_cat":"none","_seopress_titles_title":"Axkid Care ONE 3 | Innovativ s\u00e4kerhet f\u00f6r sm\u00e5 & stora barn | Axkid","_seopress_titles_desc":"Axkid Care ONE 3 \u2013 bekv\u00e4mt bak\u00e5tv\u00e4nd bilstol f\u00f6r barn upp till 7 \u00e5r. Maximera s\u00e4kerheten med smart design och enkel installation.","_seopress_robots_index":"","content-type":"","_relevanssi_hide_post":"","_relevanssi_hide_content":"","_relevanssi_pin_for_all":"","_relevanssi_pin_keywords":"","_relevanssi_unpin_keywords":"","_relevanssi_related_keywords":"","_relevanssi_related_include_ids":"","_relevanssi_related_exclude_ids":"","_relevanssi_related_no_append":"","_relevanssi_related_not_related":"","_relevanssi_related_posts":"","_relevanssi_noindex_reason":"","editor_notices":[]},"product_brand":[],"product_cat":[495],"product_tag":[],"class_list":{"0":"post-1292802","1":"product","2":"type-product","3":"status-publish","4":"has-post-thumbnail","6":"product_cat-hyra-bilbarnstol","7":"product_shipping_class-axkid-care-free-shipping","9":"first","10":"instock","11":"taxable","12":"shipping-taxable","13":"purchasable","14":"product-type-subscription"},"bundled_by":[],"bundle_stock_status":"instock","bundle_stock_quantity":7,"bundle_virtual":false,"bundle_layout":"","bundle_add_to_cart_form_location":"","bundle_editable_in_cart":false,"bundle_sold_individually_context":"","bundle_item_grouping":"","bundle_min_size":"","bundle_max_size":"","bundle_price":[],"bundled_items":[],"bundle_sell_ids":[],"acf":[],"jetpack_sharing_enabled":true,"_links":{"self":[{"href":"https:\/\/axkid.com\/sv\/wp-json\/wp\/v2\/product\/1292802","targetHints":{"allow":["GET"]}}],"collection":[{"href":"https:\/\/axkid.com\/sv\/wp-json\/wp\/v2\/product"}],"about":[{"href":"https:\/\/axkid.com\/sv\/wp-json\/wp\/v2\/types\/product"}],"replies":[{"embeddable":true,"href":"https:\/\/axkid.com\/sv\/wp-json\/wp\/v2\/comments?post=1292802"}],"version-history":[{"count":3,"href":"https:\/\/axkid.com\/sv\/wp-json\/wp\/v2\/product\/1292802\/revisions"}],"predecessor-version":[{"id":1311720,"href":"https:\/\/axkid.com\/sv\/wp-json\/wp\/v2\/product\/1292802\/revisions\/1311720"}],"wp:featuredmedia":[{"embeddable":true,"href":"https:\/\/axkid.com\/sv\/wp-json\/"}],"wp:attachment":[{"href":"https:\/\/axkid.com\/sv\/wp-json\/wp\/v2\/media?parent=1292802"}],"wp:term":[{"taxonomy":"product_brand","embeddable":true,"href":"https:\/\/axkid.com\/sv\/wp-json\/wp\/v2\/product_brand?post=1292802"},{"taxonomy":"product_cat","embeddable":true,"href":"https:\/\/axkid.com\/sv\/wp-json\/wp\/v2\/product_cat?post=1292802"},{"taxonomy":"product_tag","embeddable":true,"href":"https:\/\/axkid.com\/sv\/wp-json\/wp\/v2\/product_tag?post=1292802"}],"curies":[{"name":"wp","href":"https:\/\/api.w.org\/{rel}","templated":true}]}}