{"id":1298776,"date":"2025-02-05T07:00:01","date_gmt":"2025-02-05T06:00:01","guid":{"rendered":"https:\/\/axkid.com\/sv\/?post_type=product&#038;p=1298776"},"modified":"2026-04-25T09:44:23","modified_gmt":"2026-04-25T08:44:23","slug":"spinkid-2","status":"publish","type":"product","link":"https:\/\/axkid.com\/sv\/product\/spinkid-2\/","title":{"rendered":"Spinkid 2"},"content":{"rendered":"","protected":false},"excerpt":{"rendered":"<p>Spinkid 2 &#8211; en flexibel bilbarnstol som roterar 180\u00b0 och kan anv\u00e4ndas fr\u00e5n nyf\u00f6dd upp till 4 \u00e5r (40-105 cm\/18 kg). Utrustad med ett justerbart nackst\u00f6d, 42\u00b0 lutningsfunktion och en magnetisk sele f\u00f6r optimal anv\u00e4ndarv\u00e4nlighet. Bilbarnstolen roteras enkelt med EasyClimb\u2122 handtaget och ett enda knapptryck.<\/p>\n","protected":false},"featured_media":3700000853893,"comment_status":"open","ping_status":"closed","template":"","meta":{"_acf_changed":false,"_seopress_robots_primary_cat":"80","_seopress_titles_title":"Axkid Spinkid 2 \u2013 Roterande bak\u00e5tv\u00e4nd bilbarnstol 0-4 \u00e5r | Axkid","_seopress_titles_desc":"Spinkid 2 fr\u00e5n Axkid \u2013 bak\u00e5tv\u00e4nd, roterbar 180\u00b0 och Plus Test-godk\u00e4nd bilbarnstol f\u00f6r barn 0\u20134 \u00e5r. Enkel och trygg f\u00f6r b\u00e5de barn och f\u00f6r\u00e4ldrar.","_seopress_robots_index":"","content-type":"","_relevanssi_hide_post":"","_relevanssi_hide_content":"","_relevanssi_pin_for_all":"","_relevanssi_pin_keywords":"","_relevanssi_unpin_keywords":"","_relevanssi_related_keywords":"","_relevanssi_related_include_ids":"","_relevanssi_related_exclude_ids":"","_relevanssi_related_no_append":"","_relevanssi_related_not_related":"","_relevanssi_related_posts":"","_relevanssi_noindex_reason":"","editor_notices":[]},"product_brand":[],"product_cat":[18,79,80],"product_tag":[56,71],"class_list":{"0":"post-1298776","1":"product","2":"type-product","3":"status-publish","4":"has-post-thumbnail","6":"product_cat-bilbarnstolar","7":"product_cat-babyskydd","8":"product_cat-bakatvanda-bilbarnstolar","9":"product_tag-baby-car-seats","10":"product_tag-rf-car-seats","12":"first","13":"instock","14":"taxable","15":"shipping-taxable","16":"purchasable","17":"product-type-variable","18":"has-default-attributes"},"bundled_by":[],"bundle_stock_status":"instock","bundle_stock_quantity":null,"bundle_virtual":false,"bundle_layout":"","bundle_add_to_cart_form_location":"","bundle_editable_in_cart":false,"bundle_sold_individually_context":"","bundle_item_grouping":"","bundle_min_size":"","bundle_max_size":"","bundle_price":[],"bundled_items":[],"bundle_sell_ids":[],"acf":[],"jetpack_sharing_enabled":true,"_links":{"self":[{"href":"https:\/\/axkid.com\/sv\/wp-json\/wp\/v2\/product\/1298776","targetHints":{"allow":["GET"]}}],"collection":[{"href":"https:\/\/axkid.com\/sv\/wp-json\/wp\/v2\/product"}],"about":[{"href":"https:\/\/axkid.com\/sv\/wp-json\/wp\/v2\/types\/product"}],"replies":[{"embeddable":true,"href":"https:\/\/axkid.com\/sv\/wp-json\/wp\/v2\/comments?post=1298776"}],"wp:featuredmedia":[{"embeddable":true,"href":"https:\/\/axkid.com\/sv\/wp-json\/"}],"wp:attachment":[{"href":"https:\/\/axkid.com\/sv\/wp-json\/wp\/v2\/media?parent=1298776"}],"wp:term":[{"taxonomy":"product_brand","embeddable":true,"href":"https:\/\/axkid.com\/sv\/wp-json\/wp\/v2\/product_brand?post=1298776"},{"taxonomy":"product_cat","embeddable":true,"href":"https:\/\/axkid.com\/sv\/wp-json\/wp\/v2\/product_cat?post=1298776"},{"taxonomy":"product_tag","embeddable":true,"href":"https:\/\/axkid.com\/sv\/wp-json\/wp\/v2\/product_tag?post=1298776"}],"curies":[{"name":"wp","href":"https:\/\/api.w.org\/{rel}","templated":true}]}}