{"id":1298904,"date":"2026-01-31T06:35:23","date_gmt":"2026-01-31T05:35:23","guid":{"rendered":"https:\/\/axkid.com\/sv\/?post_type=product&#038;p=1298904"},"modified":"2026-04-21T06:52:36","modified_gmt":"2026-04-21T05:52:36","slug":"minikid-4-max","status":"publish","type":"product","link":"https:\/\/axkid.com\/sv\/product\/minikid-4-max\/","title":{"rendered":"Minikid 4 Max"},"content":{"rendered":"","protected":false},"excerpt":{"rendered":"<p>Axkid Minikid 4 Max \u00e4r den mest utvecklade bak\u00e5tv\u00e4nda bilbarnstolen \u2013 framtagen f\u00f6r att ge ditt barn marknadens h\u00f6gsta s\u00e4kerhet, o\u00f6vertr\u00e4ffad komfort och en installation som \u00e4r b\u00e5de snabb och flexibel. Med \u00f6ver 15 \u00e5rs innovation och utveckling \u00e4r den utformad f\u00f6r familjer som vill ha en premiuml\u00f6sning som f\u00f6ljer barnet genom hela uppv\u00e4xten. Den m\u00f6jligg\u00f6r snabb och s\u00e4ker installation p\u00e5 mindre \u00e4n 60 sekunder och har en smart CompactFit\u2122-design.<\/p>\n","protected":false},"featured_media":3700000853075,"comment_status":"open","ping_status":"closed","template":"","meta":{"_acf_changed":false,"_seopress_robots_primary_cat":"80","_seopress_titles_title":"Minikid 4 Max | Axkid","_seopress_titles_desc":"Bak\u00e5tv\u00e4nd bilbarnstol upp till 7 \u00e5r (36 kg). Axkid Minikid 4 Max \u00e4r Plus Test-godk\u00e4nd, s\u00e4ker och enkel att installera.","_seopress_robots_index":"","content-type":"","_relevanssi_hide_post":"","_relevanssi_hide_content":"","_relevanssi_pin_for_all":"","_relevanssi_pin_keywords":"","_relevanssi_unpin_keywords":"","_relevanssi_related_keywords":"","_relevanssi_related_include_ids":"","_relevanssi_related_exclude_ids":"","_relevanssi_related_no_append":"","_relevanssi_related_not_related":"","_relevanssi_related_posts":"","_relevanssi_noindex_reason":"","editor_notices":[]},"product_brand":[],"product_cat":[18,80],"product_tag":[56],"class_list":{"0":"post-1298904","1":"product","2":"type-product","3":"status-publish","4":"has-post-thumbnail","6":"product_cat-bilbarnstolar","7":"product_cat-bakatvanda-bilbarnstolar","8":"product_tag-baby-car-seats","10":"first","11":"instock","12":"taxable","13":"shipping-taxable","14":"purchasable","15":"product-type-variable","16":"has-default-attributes"},"bundled_by":["1304287"],"bundle_stock_status":"instock","bundle_stock_quantity":null,"bundle_virtual":false,"bundle_layout":"","bundle_add_to_cart_form_location":"","bundle_editable_in_cart":false,"bundle_sold_individually_context":"","bundle_item_grouping":"","bundle_min_size":"","bundle_max_size":"","bundle_price":[],"bundled_items":[],"bundle_sell_ids":[],"acf":[],"jetpack_sharing_enabled":true,"_links":{"self":[{"href":"https:\/\/axkid.com\/sv\/wp-json\/wp\/v2\/product\/1298904","targetHints":{"allow":["GET"]}}],"collection":[{"href":"https:\/\/axkid.com\/sv\/wp-json\/wp\/v2\/product"}],"about":[{"href":"https:\/\/axkid.com\/sv\/wp-json\/wp\/v2\/types\/product"}],"replies":[{"embeddable":true,"href":"https:\/\/axkid.com\/sv\/wp-json\/wp\/v2\/comments?post=1298904"}],"wp:featuredmedia":[{"embeddable":true,"href":"https:\/\/axkid.com\/sv\/wp-json\/"}],"wp:attachment":[{"href":"https:\/\/axkid.com\/sv\/wp-json\/wp\/v2\/media?parent=1298904"}],"wp:term":[{"taxonomy":"product_brand","embeddable":true,"href":"https:\/\/axkid.com\/sv\/wp-json\/wp\/v2\/product_brand?post=1298904"},{"taxonomy":"product_cat","embeddable":true,"href":"https:\/\/axkid.com\/sv\/wp-json\/wp\/v2\/product_cat?post=1298904"},{"taxonomy":"product_tag","embeddable":true,"href":"https:\/\/axkid.com\/sv\/wp-json\/wp\/v2\/product_tag?post=1298904"}],"curies":[{"name":"wp","href":"https:\/\/api.w.org\/{rel}","templated":true}]}}