{"id":1303875,"date":"2025-07-03T11:05:03","date_gmt":"2025-07-03T10:05:03","guid":{"rendered":"https:\/\/axkid.com\/sv\/?post_type=product&#038;p=1303875"},"modified":"2026-04-20T19:33:38","modified_gmt":"2026-04-20T18:33:38","slug":"one-3-toddler-insert-0-105-cm","status":"publish","type":"product","link":"https:\/\/axkid.com\/sv\/product\/one-3-toddler-insert-0-105-cm\/","title":{"rendered":"One 3 &#8211; Sm\u00e5barnsinl\u00e4gg 61\u2013105 cm"},"content":{"rendered":"<p>Sm\u00e5barnsinl\u00e4gget ger mindre barn mellan 0\u2013105 cm en mer stabil och trygg position i bilbarnstolen. Ing\u00e5r vid k\u00f6p av Axkid ONE 3 och ONE+ 3. Kompatibel \u00e4ven med Axkid ONE 2, Axkid ONE+ 2, Axkid ONE samt Axkid ONE+.<\/p>\n","protected":false},"excerpt":{"rendered":"<p>Sm\u00e5barnsinl\u00e4gget ger mindre barn mellan 61\u2013105 cm en mer stabil och trygg position i bilbarnstolen. Ing\u00e5r vid k\u00f6p av Axkid ONE 3 och ONE+ 3. Kompatibel \u00e4ven med Axkid ONE 2, Axkid ONE+ 2, Axkid ONE samt Axkid ONE+.<\/p>\n","protected":false},"featured_media":1303930,"comment_status":"open","ping_status":"closed","template":"","meta":{"_acf_changed":false,"_seopress_robots_primary_cat":"none","_seopress_titles_title":"","_seopress_titles_desc":"","_seopress_robots_index":"","content-type":"","_relevanssi_hide_post":"","_relevanssi_hide_content":"","_relevanssi_pin_for_all":"","_relevanssi_pin_keywords":"","_relevanssi_unpin_keywords":"","_relevanssi_related_keywords":"","_relevanssi_related_include_ids":"","_relevanssi_related_exclude_ids":"","_relevanssi_related_no_append":"","_relevanssi_related_not_related":"","_relevanssi_related_posts":"","_relevanssi_noindex_reason":"","editor_notices":[]},"product_brand":[],"product_cat":[375,435],"product_tag":[],"class_list":{"0":"post-1303875","1":"product","2":"type-product","3":"status-publish","4":"has-post-thumbnail","6":"product_cat-ovrigt-reservdelar","7":"product_cat-spadbarnsinlagg-dynor","9":"first","10":"instock","11":"taxable","12":"shipping-taxable","13":"purchasable","14":"product-type-simple"},"bundled_by":[],"bundle_stock_status":"instock","bundle_stock_quantity":4,"bundle_virtual":false,"bundle_layout":"","bundle_add_to_cart_form_location":"","bundle_editable_in_cart":false,"bundle_sold_individually_context":"","bundle_item_grouping":"","bundle_min_size":"","bundle_max_size":"","bundle_price":[],"bundled_items":[],"bundle_sell_ids":[],"acf":[],"jetpack_sharing_enabled":true,"_links":{"self":[{"href":"https:\/\/axkid.com\/sv\/wp-json\/wp\/v2\/product\/1303875","targetHints":{"allow":["GET"]}}],"collection":[{"href":"https:\/\/axkid.com\/sv\/wp-json\/wp\/v2\/product"}],"about":[{"href":"https:\/\/axkid.com\/sv\/wp-json\/wp\/v2\/types\/product"}],"replies":[{"embeddable":true,"href":"https:\/\/axkid.com\/sv\/wp-json\/wp\/v2\/comments?post=1303875"}],"wp:featuredmedia":[{"embeddable":true,"href":"https:\/\/axkid.com\/sv\/wp-json\/wp\/v2\/media\/1303930"}],"wp:attachment":[{"href":"https:\/\/axkid.com\/sv\/wp-json\/wp\/v2\/media?parent=1303875"}],"wp:term":[{"taxonomy":"product_brand","embeddable":true,"href":"https:\/\/axkid.com\/sv\/wp-json\/wp\/v2\/product_brand?post=1303875"},{"taxonomy":"product_cat","embeddable":true,"href":"https:\/\/axkid.com\/sv\/wp-json\/wp\/v2\/product_cat?post=1303875"},{"taxonomy":"product_tag","embeddable":true,"href":"https:\/\/axkid.com\/sv\/wp-json\/wp\/v2\/product_tag?post=1303875"}],"curies":[{"name":"wp","href":"https:\/\/api.w.org\/{rel}","templated":true}]}}