{"id":1303877,"date":"2025-06-26T11:05:11","date_gmt":"2025-06-26T10:05:11","guid":{"rendered":"https:\/\/axkid.com\/sv\/?post_type=product&#038;p=1303877"},"modified":"2026-04-27T18:13:48","modified_gmt":"2026-04-27T17:13:48","slug":"eps-wings-toddler-insert","status":"publish","type":"product","link":"https:\/\/axkid.com\/sv\/product\/eps-wings-toddler-insert\/","title":{"rendered":"EPS Wings toddler insert"},"content":{"rendered":"<p>EPS vingarna, ofta ben\u00e4mnt som frigolit, till sm\u00e5barnsinl\u00e4gget, b\u00e5de h\u00f6ger och v\u00e4nster sida ing\u00e5r. Ing\u00e5r i k\u00f6p av bilbarnstolen och passar ONE 2\/ONE 3, ONE+ 2\/ONE+ 3<\/p>\n","protected":false},"excerpt":{"rendered":"<p>EPS vingarna, ofta ben\u00e4mnt som frigolit, till sm\u00e5barnsinl\u00e4gget, b\u00e5de h\u00f6ger och v\u00e4nster sida ing\u00e5r. Ing\u00e5r i k\u00f6p av bilbarnstolen och passar ONE 2\/ONE 3, ONE+ 2\/ONE+ 3, Minikid 4 Max, Minikid 4 Pro, Minikid 4, Movekid<\/p>\n","protected":false},"featured_media":3700000851230,"comment_status":"open","ping_status":"closed","template":"","meta":{"_acf_changed":false,"_seopress_robots_primary_cat":"none","_seopress_titles_title":"","_seopress_titles_desc":"","_seopress_robots_index":"","content-type":"","_relevanssi_hide_post":"","_relevanssi_hide_content":"","_relevanssi_pin_for_all":"","_relevanssi_pin_keywords":"","_relevanssi_unpin_keywords":"","_relevanssi_related_keywords":"","_relevanssi_related_include_ids":"","_relevanssi_related_exclude_ids":"","_relevanssi_related_no_append":"","_relevanssi_related_not_related":"","_relevanssi_related_posts":"","_relevanssi_noindex_reason":"","editor_notices":[]},"product_brand":[],"product_cat":[375],"product_tag":[],"class_list":{"0":"post-1303877","1":"product","2":"type-product","3":"status-publish","4":"has-post-thumbnail","6":"product_cat-ovrigt-reservdelar","8":"first","9":"instock","10":"taxable","11":"shipping-taxable","12":"purchasable","13":"product-type-simple"},"bundled_by":[],"bundle_stock_status":"instock","bundle_stock_quantity":8,"bundle_virtual":false,"bundle_layout":"","bundle_add_to_cart_form_location":"","bundle_editable_in_cart":false,"bundle_sold_individually_context":"","bundle_item_grouping":"","bundle_min_size":"","bundle_max_size":"","bundle_price":[],"bundled_items":[],"bundle_sell_ids":[],"acf":[],"jetpack_sharing_enabled":true,"_links":{"self":[{"href":"https:\/\/axkid.com\/sv\/wp-json\/wp\/v2\/product\/1303877","targetHints":{"allow":["GET"]}}],"collection":[{"href":"https:\/\/axkid.com\/sv\/wp-json\/wp\/v2\/product"}],"about":[{"href":"https:\/\/axkid.com\/sv\/wp-json\/wp\/v2\/types\/product"}],"replies":[{"embeddable":true,"href":"https:\/\/axkid.com\/sv\/wp-json\/wp\/v2\/comments?post=1303877"}],"wp:featuredmedia":[{"embeddable":true,"href":"https:\/\/axkid.com\/sv\/wp-json\/"}],"wp:attachment":[{"href":"https:\/\/axkid.com\/sv\/wp-json\/wp\/v2\/media?parent=1303877"}],"wp:term":[{"taxonomy":"product_brand","embeddable":true,"href":"https:\/\/axkid.com\/sv\/wp-json\/wp\/v2\/product_brand?post=1303877"},{"taxonomy":"product_cat","embeddable":true,"href":"https:\/\/axkid.com\/sv\/wp-json\/wp\/v2\/product_cat?post=1303877"},{"taxonomy":"product_tag","embeddable":true,"href":"https:\/\/axkid.com\/sv\/wp-json\/wp\/v2\/product_tag?post=1303877"}],"curies":[{"name":"wp","href":"https:\/\/api.w.org\/{rel}","templated":true}]}}