{"id":1303879,"date":"2025-07-01T11:02:18","date_gmt":"2025-07-01T10:02:18","guid":{"rendered":"https:\/\/axkid.com\/sv\/?post_type=product&#038;p=1303879"},"modified":"2026-03-26T15:48:51","modified_gmt":"2026-03-26T14:48:51","slug":"textile-headrest-cover-minikid-4-movekid","status":"publish","type":"product","link":"https:\/\/axkid.com\/sv\/product\/textile-headrest-cover-minikid-4-movekid\/","title":{"rendered":"Textil\u00f6verdrag till nackst\u00f6d Minikid 4"},"content":{"rendered":"<p>Skydda nackst\u00f6det p\u00e5 din bilbarnstol med detta specialanpassade \u00f6verdrag, designat f\u00f6r modellerna Minikid och Movekid. Tillverkat i mjukt och slitstarkt textilmaterial som hj\u00e4lper till att f\u00f6rl\u00e4nga stolens livsl\u00e4ngd och h\u00e5lla den ren och fr\u00e4sch. Enkel att ta av och maskintv\u00e4tta \u2013 perfekt f\u00f6r att bibeh\u00e5lla komfort och hygien, \u00e4ven under l\u00e4ngre resor.<\/p>\n","protected":false},"excerpt":{"rendered":"<p>Skydda nackst\u00f6det p\u00e5 din bilbarnstol med detta specialanpassade \u00f6verdrag, designat f\u00f6r modellerna Minikid 4. Tillverkat i mjukt och slitstarkt textilmaterial som hj\u00e4lper till att f\u00f6rl\u00e4nga stolens livsl\u00e4ngd och h\u00e5lla den ren och fr\u00e4sch. Enkel att ta av och maskintv\u00e4tta \u2013 perfekt f\u00f6r att bibeh\u00e5lla komfort och hygien, \u00e4ven under l\u00e4ngre resor.<\/p>\n","protected":false},"featured_media":1303880,"comment_status":"open","ping_status":"closed","template":"","meta":{"_acf_changed":false,"_seopress_robots_primary_cat":"none","_seopress_titles_title":"","_seopress_titles_desc":"","_seopress_robots_index":"","content-type":"","_relevanssi_hide_post":"","_relevanssi_hide_content":"","_relevanssi_pin_for_all":"","_relevanssi_pin_keywords":"","_relevanssi_unpin_keywords":"","_relevanssi_related_keywords":"","_relevanssi_related_include_ids":"","_relevanssi_related_exclude_ids":"","_relevanssi_related_no_append":"","_relevanssi_related_not_related":"","_relevanssi_related_posts":"","_relevanssi_noindex_reason":"","editor_notices":[]},"product_brand":[],"product_cat":[434,375,17],"product_tag":[],"class_list":{"0":"post-1303879","1":"product","2":"type-product","3":"status-publish","4":"has-post-thumbnail","6":"product_cat-kladsel-och-overdrag","7":"product_cat-ovrigt-reservdelar","8":"product_cat-tillbehor","10":"first","11":"instock","12":"taxable","13":"shipping-taxable","14":"purchasable","15":"product-type-variable","16":"has-default-attributes"},"bundled_by":["1306825"],"bundle_stock_status":"instock","bundle_stock_quantity":null,"bundle_virtual":false,"bundle_layout":"","bundle_add_to_cart_form_location":"","bundle_editable_in_cart":false,"bundle_sold_individually_context":"","bundle_item_grouping":"","bundle_min_size":"","bundle_max_size":"","bundle_price":[],"bundled_items":[],"bundle_sell_ids":[],"acf":[],"jetpack_sharing_enabled":true,"_links":{"self":[{"href":"https:\/\/axkid.com\/sv\/wp-json\/wp\/v2\/product\/1303879","targetHints":{"allow":["GET"]}}],"collection":[{"href":"https:\/\/axkid.com\/sv\/wp-json\/wp\/v2\/product"}],"about":[{"href":"https:\/\/axkid.com\/sv\/wp-json\/wp\/v2\/types\/product"}],"replies":[{"embeddable":true,"href":"https:\/\/axkid.com\/sv\/wp-json\/wp\/v2\/comments?post=1303879"}],"wp:featuredmedia":[{"embeddable":true,"href":"https:\/\/axkid.com\/sv\/wp-json\/wp\/v2\/media\/1303880"}],"wp:attachment":[{"href":"https:\/\/axkid.com\/sv\/wp-json\/wp\/v2\/media?parent=1303879"}],"wp:term":[{"taxonomy":"product_brand","embeddable":true,"href":"https:\/\/axkid.com\/sv\/wp-json\/wp\/v2\/product_brand?post=1303879"},{"taxonomy":"product_cat","embeddable":true,"href":"https:\/\/axkid.com\/sv\/wp-json\/wp\/v2\/product_cat?post=1303879"},{"taxonomy":"product_tag","embeddable":true,"href":"https:\/\/axkid.com\/sv\/wp-json\/wp\/v2\/product_tag?post=1303879"}],"curies":[{"name":"wp","href":"https:\/\/api.w.org\/{rel}","templated":true}]}}