{"id":1303881,"date":"2025-06-26T11:01:56","date_gmt":"2025-06-26T10:01:56","guid":{"rendered":"https:\/\/axkid.com\/sv\/?post_type=product&#038;p=1303881"},"modified":"2026-03-23T21:43:41","modified_gmt":"2026-03-23T20:43:41","slug":"comfort-back-padded-cover","status":"publish","type":"product","link":"https:\/\/axkid.com\/sv\/product\/comfort-back-padded-cover\/","title":{"rendered":"Komfort ryggkl\u00e4dsel med extra vaddering Minikid 4"},"content":{"rendered":"<p>\u00d6ka ditt barns komfort med Comfort Ryggkl\u00e4dsel med extra vaddering, designad f\u00f6r Minikid 4. Tillverkad i mjukt, vadderat textilmaterial som ger extra d\u00e4mpning mot ryggst\u00f6det samtidigt som det skyddar stolen mot slitage. Enkel att f\u00e4sta, ta av och maskintv\u00e4tta \u2013 f\u00f6r en renare och mer bekv\u00e4m resa varje dag.<\/p>\n","protected":false},"excerpt":{"rendered":"<p>\u00d6ka ditt barns komfort med Comfort Ryggkl\u00e4dsel med extra vaddering, designad f\u00f6r Minikid 4. Tillverkad i mjukt, vadderat textilmaterial som ger extra d\u00e4mpning mot ryggst\u00f6det samtidigt som det skyddar stolen mot slitage. Enkel att f\u00e4sta, ta av och maskintv\u00e4tta \u2013 f\u00f6r en renare och mer bekv\u00e4m resa varje dag.<\/p>\n","protected":false},"featured_media":1303882,"comment_status":"open","ping_status":"closed","template":"","meta":{"_acf_changed":false,"_seopress_robots_primary_cat":"none","_seopress_titles_title":"","_seopress_titles_desc":"","_seopress_robots_index":"","content-type":"","_relevanssi_hide_post":"","_relevanssi_hide_content":"","_relevanssi_pin_for_all":"","_relevanssi_pin_keywords":"","_relevanssi_unpin_keywords":"","_relevanssi_related_keywords":"","_relevanssi_related_include_ids":"","_relevanssi_related_exclude_ids":"","_relevanssi_related_no_append":"","_relevanssi_related_not_related":"","_relevanssi_related_posts":"","_relevanssi_noindex_reason":"","editor_notices":[]},"product_brand":[],"product_cat":[375,17],"product_tag":[],"class_list":{"0":"post-1303881","1":"product","2":"type-product","3":"status-publish","4":"has-post-thumbnail","6":"product_cat-ovrigt-reservdelar","7":"product_cat-tillbehor","9":"first","10":"instock","11":"taxable","12":"shipping-taxable","13":"purchasable","14":"product-type-variable","15":"has-default-attributes"},"bundled_by":["1306825"],"bundle_stock_status":"instock","bundle_stock_quantity":null,"bundle_virtual":false,"bundle_layout":"","bundle_add_to_cart_form_location":"","bundle_editable_in_cart":false,"bundle_sold_individually_context":"","bundle_item_grouping":"","bundle_min_size":"","bundle_max_size":"","bundle_price":[],"bundled_items":[],"bundle_sell_ids":[],"acf":[],"jetpack_sharing_enabled":true,"_links":{"self":[{"href":"https:\/\/axkid.com\/sv\/wp-json\/wp\/v2\/product\/1303881","targetHints":{"allow":["GET"]}}],"collection":[{"href":"https:\/\/axkid.com\/sv\/wp-json\/wp\/v2\/product"}],"about":[{"href":"https:\/\/axkid.com\/sv\/wp-json\/wp\/v2\/types\/product"}],"replies":[{"embeddable":true,"href":"https:\/\/axkid.com\/sv\/wp-json\/wp\/v2\/comments?post=1303881"}],"wp:featuredmedia":[{"embeddable":true,"href":"https:\/\/axkid.com\/sv\/wp-json\/wp\/v2\/media\/1303882"}],"wp:attachment":[{"href":"https:\/\/axkid.com\/sv\/wp-json\/wp\/v2\/media?parent=1303881"}],"wp:term":[{"taxonomy":"product_brand","embeddable":true,"href":"https:\/\/axkid.com\/sv\/wp-json\/wp\/v2\/product_brand?post=1303881"},{"taxonomy":"product_cat","embeddable":true,"href":"https:\/\/axkid.com\/sv\/wp-json\/wp\/v2\/product_cat?post=1303881"},{"taxonomy":"product_tag","embeddable":true,"href":"https:\/\/axkid.com\/sv\/wp-json\/wp\/v2\/product_tag?post=1303881"}],"curies":[{"name":"wp","href":"https:\/\/api.w.org\/{rel}","templated":true}]}}