{"id":1303968,"date":"2013-06-17T13:36:34","date_gmt":"2013-06-17T12:36:34","guid":{"rendered":"https:\/\/axkid.com\/sv\/?post_type=product&#038;p=1303968"},"modified":"2026-04-15T12:29:25","modified_gmt":"2026-04-15T11:29:25","slug":"minikid-4-max-textile-headrest-cover","status":"publish","type":"product","link":"https:\/\/axkid.com\/sv\/product\/minikid-4-max-textile-headrest-cover\/","title":{"rendered":"Textil\u00f6verdrag f\u00f6r nackst\u00f6d Minikid 4 Max"},"content":{"rendered":"<p class=\"\" data-start=\"155\" data-end=\"442\">H\u00e5ll din bilbarnstol fr\u00e4sch och bekv\u00e4m med Minikid 4 Max Textil\u00f6verdrag f\u00f6r nackst\u00f6det. \u00d6verdraget \u00e4r specialdesignat f\u00f6r perfekt passform p\u00e5 Minikid 4 Max och ger mjukt, ventilerande skydd f\u00f6r nackst\u00f6det \u2013 den del som uts\u00e4tts mest f\u00f6r dagligt slitage. Oavsett om du vill f\u00f6rl\u00e4nga livsl\u00e4ngden p\u00e5 din bilbarnstol eller bara ge ditt barn en renare och mer ombonad upplevelse \u00e4r detta \u00f6verdrag den perfekta l\u00f6sningen. Det \u00e4r enkelt att s\u00e4tta p\u00e5, ta av och maskintv\u00e4tta, vilket g\u00f6r underh\u00e5llet smidigt f\u00f6r stressade familjer. En smart och stilren uppgradering som h\u00e5ller komfort och renlighet i fokus \u2013 varje resa, varje dag.<\/p>\n","protected":false},"excerpt":{"rendered":"<p>H\u00e5ll din bilbarnstol fr\u00e4sch och bekv\u00e4m med Minikid 4 Max Textil\u00f6verdrag f\u00f6r nackst\u00f6det. \u00d6verdraget \u00e4r specialdesignat f\u00f6r perfekt passform p\u00e5 Minikid 4 Max och ger mjukt, ventilerande skydd f\u00f6r nackst\u00f6det \u2013 den del som uts\u00e4tts mest f\u00f6r dagligt slitage. Oavsett om du vill f\u00f6rl\u00e4nga livsl\u00e4ngden p\u00e5 din bilbarnstol eller bara ge ditt barn en renare och mer ombonad upplevelse \u00e4r detta \u00f6verdrag den perfekta l\u00f6sningen. Det \u00e4r enkelt att s\u00e4tta p\u00e5, ta av och maskintv\u00e4tta, vilket g\u00f6r underh\u00e5llet smidigt f\u00f6r stressade familjer. En smart och stilren uppgradering som h\u00e5ller komfort och renlighet i fokus \u2013 varje resa, varje dag.<\/p>\n","protected":false},"featured_media":1304008,"comment_status":"open","ping_status":"closed","template":"","meta":{"_acf_changed":false,"_seopress_robots_primary_cat":"none","_seopress_titles_title":"","_seopress_titles_desc":"","_seopress_robots_index":"","content-type":"","_relevanssi_hide_post":"","_relevanssi_hide_content":"","_relevanssi_pin_for_all":"","_relevanssi_pin_keywords":"","_relevanssi_unpin_keywords":"","_relevanssi_related_keywords":"","_relevanssi_related_include_ids":"","_relevanssi_related_exclude_ids":"","_relevanssi_related_no_append":"","_relevanssi_related_not_related":"","_relevanssi_related_posts":"","_relevanssi_noindex_reason":"","editor_notices":[]},"product_brand":[],"product_cat":[434,17],"product_tag":[],"class_list":{"0":"post-1303968","1":"product","2":"type-product","3":"status-publish","4":"has-post-thumbnail","6":"product_cat-kladsel-och-overdrag","7":"product_cat-tillbehor","9":"first","10":"instock","11":"taxable","12":"shipping-taxable","13":"purchasable","14":"product-type-variable","15":"has-default-attributes"},"bundled_by":[],"bundle_stock_status":"instock","bundle_stock_quantity":null,"bundle_virtual":false,"bundle_layout":"","bundle_add_to_cart_form_location":"","bundle_editable_in_cart":false,"bundle_sold_individually_context":"","bundle_item_grouping":"","bundle_min_size":"","bundle_max_size":"","bundle_price":[],"bundled_items":[],"bundle_sell_ids":[],"acf":[],"jetpack_sharing_enabled":true,"_links":{"self":[{"href":"https:\/\/axkid.com\/sv\/wp-json\/wp\/v2\/product\/1303968","targetHints":{"allow":["GET"]}}],"collection":[{"href":"https:\/\/axkid.com\/sv\/wp-json\/wp\/v2\/product"}],"about":[{"href":"https:\/\/axkid.com\/sv\/wp-json\/wp\/v2\/types\/product"}],"replies":[{"embeddable":true,"href":"https:\/\/axkid.com\/sv\/wp-json\/wp\/v2\/comments?post=1303968"}],"wp:featuredmedia":[{"embeddable":true,"href":"https:\/\/axkid.com\/sv\/wp-json\/wp\/v2\/media\/1304008"}],"wp:attachment":[{"href":"https:\/\/axkid.com\/sv\/wp-json\/wp\/v2\/media?parent=1303968"}],"wp:term":[{"taxonomy":"product_brand","embeddable":true,"href":"https:\/\/axkid.com\/sv\/wp-json\/wp\/v2\/product_brand?post=1303968"},{"taxonomy":"product_cat","embeddable":true,"href":"https:\/\/axkid.com\/sv\/wp-json\/wp\/v2\/product_cat?post=1303968"},{"taxonomy":"product_tag","embeddable":true,"href":"https:\/\/axkid.com\/sv\/wp-json\/wp\/v2\/product_tag?post=1303968"}],"curies":[{"name":"wp","href":"https:\/\/api.w.org\/{rel}","templated":true}]}}