{"id":1303976,"date":"2013-06-17T13:43:03","date_gmt":"2013-06-17T12:43:03","guid":{"rendered":"https:\/\/axkid.com\/sv\/?post_type=product&#038;p=1303976"},"modified":"2026-05-06T12:44:20","modified_gmt":"2026-05-06T11:44:20","slug":"minikid-4-max-pro-textile-shoulder-pads","status":"publish","type":"product","link":"https:\/\/axkid.com\/sv\/product\/minikid-4-max-pro-textile-shoulder-pads\/","title":{"rendered":"Textile Shoulder Pads Minikid 4 Max"},"content":{"rendered":"<p class=\"\" data-start=\"171\" data-end=\"437\">Axelmuddarna erbjuder extra komfort och skydd f\u00f6r ditt barn. De \u00e4r utformade f\u00f6r att s\u00e4kerst\u00e4lla att b\u00e4ltet sitter mjukt och bekv\u00e4mt mot barnets axlar och br\u00f6st, vilket minskar risken f\u00f6r irritation under resan. Ing\u00e5r vid k\u00f6p av Minikid 4 Max men passar \u00e4ven p\u00e5 Minikid 4 Pro &amp; Minikid 4 men man beh\u00f6ver k\u00f6pa till Minikid 4 Max nackst\u00f6dskl\u00e4dsel f\u00f6r att kunna utnyttja de inkluderade magneterna<\/p>\n","protected":false},"excerpt":{"rendered":"<p>Axelmuddarna erbjuder extra komfort och skydd f\u00f6r ditt barn. De \u00e4r utformade f\u00f6r att s\u00e4kerst\u00e4lla att b\u00e4ltet sitter mjukt och bekv\u00e4mt mot barnets axlar och br\u00f6st, vilket minskar risken f\u00f6r irritation under resan. Ing\u00e5r vid k\u00f6p av Minikid 4 Max men passar \u00e4ven p\u00e5 Minikid 4 Pro &amp; Minikid 4 men man beh\u00f6ver k\u00f6pa till Minikid 4 Max nackst\u00f6dskl\u00e4dsel f\u00f6r att kunna utnyttja de inkluderade magneterna<\/p>\n","protected":false},"featured_media":3700000851386,"comment_status":"open","ping_status":"closed","template":"","meta":{"_acf_changed":false,"_seopress_robots_primary_cat":"none","_seopress_titles_title":"","_seopress_titles_desc":"","_seopress_robots_index":"","content-type":"","_relevanssi_hide_post":"","_relevanssi_hide_content":"","_relevanssi_pin_for_all":"","_relevanssi_pin_keywords":"","_relevanssi_unpin_keywords":"","_relevanssi_related_keywords":"","_relevanssi_related_include_ids":"","_relevanssi_related_exclude_ids":"","_relevanssi_related_no_append":"","_relevanssi_related_not_related":"","_relevanssi_related_posts":"","_relevanssi_noindex_reason":"","editor_notices":[]},"product_brand":[],"product_cat":[375,17],"product_tag":[],"class_list":{"0":"post-1303976","1":"product","2":"type-product","3":"status-publish","4":"has-post-thumbnail","6":"product_cat-ovrigt-reservdelar","7":"product_cat-tillbehor","9":"first","10":"instock","11":"taxable","12":"shipping-taxable","13":"purchasable","14":"product-type-variable","15":"has-default-attributes"},"bundled_by":[],"bundle_stock_status":"instock","bundle_stock_quantity":null,"bundle_virtual":false,"bundle_layout":"","bundle_add_to_cart_form_location":"","bundle_editable_in_cart":false,"bundle_sold_individually_context":"","bundle_item_grouping":"","bundle_min_size":"","bundle_max_size":"","bundle_price":[],"bundled_items":[],"bundle_sell_ids":[],"acf":[],"jetpack_sharing_enabled":true,"_links":{"self":[{"href":"https:\/\/axkid.com\/sv\/wp-json\/wp\/v2\/product\/1303976","targetHints":{"allow":["GET"]}}],"collection":[{"href":"https:\/\/axkid.com\/sv\/wp-json\/wp\/v2\/product"}],"about":[{"href":"https:\/\/axkid.com\/sv\/wp-json\/wp\/v2\/types\/product"}],"replies":[{"embeddable":true,"href":"https:\/\/axkid.com\/sv\/wp-json\/wp\/v2\/comments?post=1303976"}],"wp:featuredmedia":[{"embeddable":true,"href":"https:\/\/axkid.com\/sv\/wp-json\/"}],"wp:attachment":[{"href":"https:\/\/axkid.com\/sv\/wp-json\/wp\/v2\/media?parent=1303976"}],"wp:term":[{"taxonomy":"product_brand","embeddable":true,"href":"https:\/\/axkid.com\/sv\/wp-json\/wp\/v2\/product_brand?post=1303976"},{"taxonomy":"product_cat","embeddable":true,"href":"https:\/\/axkid.com\/sv\/wp-json\/wp\/v2\/product_cat?post=1303976"},{"taxonomy":"product_tag","embeddable":true,"href":"https:\/\/axkid.com\/sv\/wp-json\/wp\/v2\/product_tag?post=1303976"}],"curies":[{"name":"wp","href":"https:\/\/api.w.org\/{rel}","templated":true}]}}