{"id":1303983,"date":"2013-06-17T13:59:00","date_gmt":"2013-06-17T12:59:00","guid":{"rendered":"https:\/\/axkid.com\/sv\/?post_type=product&#038;p=1303983"},"modified":"2026-04-15T12:29:29","modified_gmt":"2026-04-15T11:29:29","slug":"minikid-4-max-textile-main-cover","status":"publish","type":"product","link":"https:\/\/axkid.com\/sv\/product\/minikid-4-max-textile-main-cover\/","title":{"rendered":"Minikid 4 Max &#8211; textilkl\u00e4dsel"},"content":{"rendered":"<p class=\"\" data-start=\"193\" data-end=\"553\">Give your Axkid Minikid 4 Max a fresh and clean look with the original <strong data-start=\"264\" data-end=\"286\">Textile Main Cover<\/strong>, designed exclusively for the Minikid 4 Max car seat. This high-quality replacement cover is ideal for parents who want to <strong data-start=\"410\" data-end=\"439\">replace a used seat cover<\/strong>, <strong data-start=\"441\" data-end=\"473\">have a spare for quick swaps<\/strong>, or simply <strong data-start=\"485\" data-end=\"517\">maintain hygiene and comfort<\/strong> for their child on every journey. Made from durable, child-safe materials, the Minikid 4 Max cover is both easy to remove and machine washable \u2013 perfect for busy family life.<\/p>\n","protected":false},"excerpt":{"rendered":"<p>Ge din Minikid 4 Max ett fr\u00e4scht och rent utseende med det textil\u00f6verdraget, speciellt utformat f\u00f6r bilbarnstolen Minikid 4 Max. Detta h\u00f6gkvalitativa ers\u00e4ttnings\u00f6verdrag \u00e4r perfekt f\u00f6r f\u00f6r\u00e4ldrar som vill byta ut ett anv\u00e4nt \u00f6verdrag, ha ett extra tillg\u00e4ngligt f\u00f6r snabba byten eller helt enkelt s\u00e4kerst\u00e4lla god hygien och komfort f\u00f6r sitt barn under varje resa. Tillverkat av slitstarka och barnv\u00e4nliga material \u00e4r Minikid 4 Max-\u00f6verdraget b\u00e5de l\u00e4tt att ta av och maskintv\u00e4ttbart \u2013 en smidig l\u00f6sning f\u00f6r den aktiva familjen.<\/p>\n","protected":false},"featured_media":3700000851361,"comment_status":"open","ping_status":"closed","template":"","meta":{"_acf_changed":false,"_seopress_robots_primary_cat":"none","_seopress_titles_title":"","_seopress_titles_desc":"","_seopress_robots_index":"","content-type":"","_relevanssi_hide_post":"","_relevanssi_hide_content":"","_relevanssi_pin_for_all":"","_relevanssi_pin_keywords":"","_relevanssi_unpin_keywords":"","_relevanssi_related_keywords":"","_relevanssi_related_include_ids":"","_relevanssi_related_exclude_ids":"","_relevanssi_related_no_append":"","_relevanssi_related_not_related":"","_relevanssi_related_posts":"","_relevanssi_noindex_reason":"","editor_notices":[]},"product_brand":[],"product_cat":[434,17],"product_tag":[],"class_list":{"0":"post-1303983","1":"product","2":"type-product","3":"status-publish","4":"has-post-thumbnail","6":"product_cat-kladsel-och-overdrag","7":"product_cat-tillbehor","9":"first","10":"instock","11":"taxable","12":"shipping-taxable","13":"purchasable","14":"product-type-variable","15":"has-default-attributes"},"bundled_by":[],"bundle_stock_status":"instock","bundle_stock_quantity":null,"bundle_virtual":false,"bundle_layout":"","bundle_add_to_cart_form_location":"","bundle_editable_in_cart":false,"bundle_sold_individually_context":"","bundle_item_grouping":"","bundle_min_size":"","bundle_max_size":"","bundle_price":[],"bundled_items":[],"bundle_sell_ids":[],"acf":[],"jetpack_sharing_enabled":true,"_links":{"self":[{"href":"https:\/\/axkid.com\/sv\/wp-json\/wp\/v2\/product\/1303983","targetHints":{"allow":["GET"]}}],"collection":[{"href":"https:\/\/axkid.com\/sv\/wp-json\/wp\/v2\/product"}],"about":[{"href":"https:\/\/axkid.com\/sv\/wp-json\/wp\/v2\/types\/product"}],"replies":[{"embeddable":true,"href":"https:\/\/axkid.com\/sv\/wp-json\/wp\/v2\/comments?post=1303983"}],"wp:featuredmedia":[{"embeddable":true,"href":"https:\/\/axkid.com\/sv\/wp-json\/"}],"wp:attachment":[{"href":"https:\/\/axkid.com\/sv\/wp-json\/wp\/v2\/media?parent=1303983"}],"wp:term":[{"taxonomy":"product_brand","embeddable":true,"href":"https:\/\/axkid.com\/sv\/wp-json\/wp\/v2\/product_brand?post=1303983"},{"taxonomy":"product_cat","embeddable":true,"href":"https:\/\/axkid.com\/sv\/wp-json\/wp\/v2\/product_cat?post=1303983"},{"taxonomy":"product_tag","embeddable":true,"href":"https:\/\/axkid.com\/sv\/wp-json\/wp\/v2\/product_tag?post=1303983"}],"curies":[{"name":"wp","href":"https:\/\/api.w.org\/{rel}","templated":true}]}}