{"id":1303996,"date":"2013-06-17T15:29:10","date_gmt":"2013-06-17T14:29:10","guid":{"rendered":"https:\/\/axkid.com\/sv\/?post_type=product&#038;p=1303996"},"modified":"2026-04-01T12:33:25","modified_gmt":"2026-04-01T11:33:25","slug":"textile-main-cover","status":"publish","type":"product","link":"https:\/\/axkid.com\/sv\/product\/textile-main-cover\/","title":{"rendered":"Textilhuvudkl\u00e4dsel till ONE 3"},"content":{"rendered":"<p>Textilkl\u00e4dsel till Axkid ONE 3, passar b\u00e5de som reservdel eller extra kl\u00e4dsel. Kl\u00e4dseln passar Axkid ONE\/ONE 2\/ONE 3 samt Axkid ONE+\/ONE+ 2\/ONE+ 3. Kl\u00e4dsel till sp\u00e4nne, muddar och nackst\u00f6d s\u00e4ljs separat och ing\u00e5r ej.<\/p>\n","protected":false},"excerpt":{"rendered":"<p>Textilkl\u00e4dsel till Axkid ONE 3, passar b\u00e5de som reservdel eller extra kl\u00e4dsel. Kl\u00e4dseln passar Axkid ONE\/ONE 2\/ONE 3 samt Axkid ONE+\/ONE+ 2\/ONE+ 3. Kl\u00e4dsel till sp\u00e4nne, muddar och nackst\u00f6d s\u00e4ljs separat och ing\u00e5r ej.<\/p>\n","protected":false},"featured_media":1304044,"comment_status":"open","ping_status":"closed","template":"","meta":{"_acf_changed":false,"_seopress_robots_primary_cat":"none","_seopress_titles_title":"","_seopress_titles_desc":"","_seopress_robots_index":"","content-type":"","_relevanssi_hide_post":"","_relevanssi_hide_content":"","_relevanssi_pin_for_all":"","_relevanssi_pin_keywords":"","_relevanssi_unpin_keywords":"","_relevanssi_related_keywords":"","_relevanssi_related_include_ids":"","_relevanssi_related_exclude_ids":"","_relevanssi_related_no_append":"","_relevanssi_related_not_related":"","_relevanssi_related_posts":"","_relevanssi_noindex_reason":"","editor_notices":[]},"product_brand":[],"product_cat":[434,375,17],"product_tag":[],"class_list":{"0":"post-1303996","1":"product","2":"type-product","3":"status-publish","4":"has-post-thumbnail","6":"product_cat-kladsel-och-overdrag","7":"product_cat-ovrigt-reservdelar","8":"product_cat-tillbehor","10":"first","11":"instock","12":"taxable","13":"shipping-taxable","14":"purchasable","15":"product-type-variable","16":"has-default-attributes"},"bundled_by":[],"bundle_stock_status":"instock","bundle_stock_quantity":null,"bundle_virtual":false,"bundle_layout":"","bundle_add_to_cart_form_location":"","bundle_editable_in_cart":false,"bundle_sold_individually_context":"","bundle_item_grouping":"","bundle_min_size":"","bundle_max_size":"","bundle_price":[],"bundled_items":[],"bundle_sell_ids":[],"acf":[],"jetpack_sharing_enabled":true,"_links":{"self":[{"href":"https:\/\/axkid.com\/sv\/wp-json\/wp\/v2\/product\/1303996","targetHints":{"allow":["GET"]}}],"collection":[{"href":"https:\/\/axkid.com\/sv\/wp-json\/wp\/v2\/product"}],"about":[{"href":"https:\/\/axkid.com\/sv\/wp-json\/wp\/v2\/types\/product"}],"replies":[{"embeddable":true,"href":"https:\/\/axkid.com\/sv\/wp-json\/wp\/v2\/comments?post=1303996"}],"wp:featuredmedia":[{"embeddable":true,"href":"https:\/\/axkid.com\/sv\/wp-json\/wp\/v2\/media\/1304044"}],"wp:attachment":[{"href":"https:\/\/axkid.com\/sv\/wp-json\/wp\/v2\/media?parent=1303996"}],"wp:term":[{"taxonomy":"product_brand","embeddable":true,"href":"https:\/\/axkid.com\/sv\/wp-json\/wp\/v2\/product_brand?post=1303996"},{"taxonomy":"product_cat","embeddable":true,"href":"https:\/\/axkid.com\/sv\/wp-json\/wp\/v2\/product_cat?post=1303996"},{"taxonomy":"product_tag","embeddable":true,"href":"https:\/\/axkid.com\/sv\/wp-json\/wp\/v2\/product_tag?post=1303996"}],"curies":[{"name":"wp","href":"https:\/\/api.w.org\/{rel}","templated":true}]}}