{"id":1304026,"date":"2025-06-17T15:14:04","date_gmt":"2025-06-17T14:14:04","guid":{"rendered":"https:\/\/axkid.com\/sv\/?post_type=product&#038;p=1304026"},"modified":"2026-04-26T08:36:16","modified_gmt":"2026-04-26T07:36:16","slug":"axkid-one-3-textile-headrest-cover","status":"publish","type":"product","link":"https:\/\/axkid.com\/sv\/product\/axkid-one-3-textile-headrest-cover\/","title":{"rendered":"ONE 3 Nackst\u00f6dskl\u00e4dsel"},"content":{"rendered":"<p>Nackst\u00f6dskl\u00e4dsel till Axkid ONE 3 &amp; ONE+ 3. Ing\u00e5r vid k\u00f6p av ONE 3 &amp; ONE+ 3 men passar \u00e4ven p\u00e5 ONE 2 &amp; ONE+ 2 men man beh\u00f6ver k\u00f6pa till axelmuddar till ONE 3 &amp; ONE+3 f\u00f6r att kunna utnytja de inkluderade magneterna.<\/p>\n","protected":false},"excerpt":{"rendered":"<p>Nackst\u00f6dskl\u00e4dsel till Axkid ONE 3 &amp; ONE+ 3. Ing\u00e5r vid k\u00f6p av ONE 3 &amp; ONE+ 3 men passar \u00e4ven p\u00e5 ONE 2 &amp; ONE+ 2 men man beh\u00f6ver k\u00f6pa till axelmuddar till ONE 3 &amp; ONE+3 f\u00f6r att kunna utnytja de inkluderade magneterna.<\/p>\n","protected":false},"featured_media":1304034,"comment_status":"open","ping_status":"closed","template":"","meta":{"_acf_changed":false,"_seopress_robots_primary_cat":"none","_seopress_titles_title":"","_seopress_titles_desc":"","_seopress_robots_index":"","content-type":"","_relevanssi_hide_post":"","_relevanssi_hide_content":"","_relevanssi_pin_for_all":"","_relevanssi_pin_keywords":"","_relevanssi_unpin_keywords":"","_relevanssi_related_keywords":"","_relevanssi_related_include_ids":"","_relevanssi_related_exclude_ids":"","_relevanssi_related_no_append":"","_relevanssi_related_not_related":"","_relevanssi_related_posts":"","_relevanssi_noindex_reason":"","editor_notices":[]},"product_brand":[],"product_cat":[375,17],"product_tag":[],"class_list":{"0":"post-1304026","1":"product","2":"type-product","3":"status-publish","4":"has-post-thumbnail","6":"product_cat-ovrigt-reservdelar","7":"product_cat-tillbehor","9":"first","10":"instock","11":"taxable","12":"shipping-taxable","13":"purchasable","14":"product-type-variable","15":"has-default-attributes"},"bundled_by":[],"bundle_stock_status":"instock","bundle_stock_quantity":null,"bundle_virtual":false,"bundle_layout":"","bundle_add_to_cart_form_location":"","bundle_editable_in_cart":false,"bundle_sold_individually_context":"","bundle_item_grouping":"","bundle_min_size":"","bundle_max_size":"","bundle_price":[],"bundled_items":[],"bundle_sell_ids":[],"acf":[],"jetpack_sharing_enabled":true,"_links":{"self":[{"href":"https:\/\/axkid.com\/sv\/wp-json\/wp\/v2\/product\/1304026","targetHints":{"allow":["GET"]}}],"collection":[{"href":"https:\/\/axkid.com\/sv\/wp-json\/wp\/v2\/product"}],"about":[{"href":"https:\/\/axkid.com\/sv\/wp-json\/wp\/v2\/types\/product"}],"replies":[{"embeddable":true,"href":"https:\/\/axkid.com\/sv\/wp-json\/wp\/v2\/comments?post=1304026"}],"wp:featuredmedia":[{"embeddable":true,"href":"https:\/\/axkid.com\/sv\/wp-json\/wp\/v2\/media\/1304034"}],"wp:attachment":[{"href":"https:\/\/axkid.com\/sv\/wp-json\/wp\/v2\/media?parent=1304026"}],"wp:term":[{"taxonomy":"product_brand","embeddable":true,"href":"https:\/\/axkid.com\/sv\/wp-json\/wp\/v2\/product_brand?post=1304026"},{"taxonomy":"product_cat","embeddable":true,"href":"https:\/\/axkid.com\/sv\/wp-json\/wp\/v2\/product_cat?post=1304026"},{"taxonomy":"product_tag","embeddable":true,"href":"https:\/\/axkid.com\/sv\/wp-json\/wp\/v2\/product_tag?post=1304026"}],"curies":[{"name":"wp","href":"https:\/\/api.w.org\/{rel}","templated":true}]}}