{"id":1310340,"date":"2026-02-08T13:58:51","date_gmt":"2026-02-08T12:58:51","guid":{"rendered":"https:\/\/axkid.com\/sv\/?post_type=product&#038;p=1310340"},"modified":"2026-04-07T08:49:38","modified_gmt":"2026-04-07T07:49:38","slug":"up","status":"publish","type":"product","link":"https:\/\/axkid.com\/sv\/product\/up\/","title":{"rendered":"Up"},"content":{"rendered":"","protected":false},"excerpt":{"rendered":"<p>Axkid Up\u2122 \u00e4r v\u00e5r mest avancerade b\u00e4ltesstol n\u00e5gonsin, utvecklad f\u00f6r barn mellan 4 och 12 \u00e5r (100\u2013150 cm, upp till 50 kg). Den unika, h\u00f6jbara sitsen anpassas efter ditt barns l\u00e4ngd f\u00f6r att s\u00e4kerst\u00e4lla optimal b\u00e4ltesplacering. Den stabila st\u00e5lramen och det integrerade st\u00f6dbenet bidrar till \u00f6kad stabilitet och maximal s\u00e4kerhet.<\/p>\n","protected":false},"featured_media":3700000853093,"comment_status":"open","ping_status":"closed","template":"","meta":{"_acf_changed":false,"_seopress_robots_primary_cat":"81","_seopress_titles_title":"Up | B\u00e4ltesstol med ryggst\u00f6d | Axkid","_seopress_titles_desc":"Axkid Up\u2122 | en b\u00e4ltesstol med h\u00f6g rygg f\u00f6r barn 4\u201312 \u00e5r (100\u2013150 cm).\r\nMed patenterad h\u00f6j- och s\u00e4nkbar sits, stabil st\u00e5lkonstruktion och ISOFIX f\u00f6r s\u00e4kerhet, komfort och enkel f\u00f6rvaring.","_seopress_robots_index":"","content-type":"","_relevanssi_hide_post":"","_relevanssi_hide_content":"","_relevanssi_pin_for_all":"","_relevanssi_pin_keywords":"","_relevanssi_unpin_keywords":"","_relevanssi_related_keywords":"","_relevanssi_related_include_ids":"","_relevanssi_related_exclude_ids":"","_relevanssi_related_no_append":"","_relevanssi_related_not_related":"","_relevanssi_related_posts":"","_relevanssi_noindex_reason":"","editor_notices":[]},"product_brand":[],"product_cat":[18,81],"product_tag":[],"class_list":{"0":"post-1310340","1":"product","2":"type-product","3":"status-publish","4":"has-post-thumbnail","6":"product_cat-bilbarnstolar","7":"product_cat-baltesstolar","9":"first","10":"instock","11":"taxable","12":"shipping-taxable","13":"purchasable","14":"product-type-bundle"},"bundled_by":[],"bundle_stock_status":"instock","bundle_stock_quantity":"","bundle_virtual":false,"bundle_layout":"default","bundle_add_to_cart_form_location":"default","bundle_editable_in_cart":false,"bundle_sold_individually_context":"product","bundle_item_grouping":"parent","bundle_min_size":"","bundle_max_size":"","bundle_price":{"price":{"min":{"incl_tax":"4999","excl_tax":"3999.2"},"max":{"incl_tax":"4999","excl_tax":"3999.2"}},"regular_price":{"min":{"incl_tax":"4999","excl_tax":"3999.2"},"max":{"incl_tax":"4999","excl_tax":"3999.2"}}},"bundled_items":[{"bundled_item_id":67,"product_id":1300706,"menu_order":0,"quantity_min":1,"quantity_max":1,"quantity_default":1,"priced_individually":true,"shipped_individually":false,"override_title":false,"title":"Up","override_description":true,"description":"","optional":false,"hide_thumbnail":false,"discount":"","override_variations":true,"allowed_variations":[1300707,1300708,1300709,1300710,1310933,1310934],"override_default_variation_attributes":true,"default_variation_attributes":[{"id":1,"name":"F\u00e4rg","option":"nordic-bloom-green"}],"single_product_visibility":"visible","cart_visibility":"visible","order_visibility":"visible","single_product_price_visibility":"visible","cart_price_visibility":"visible","order_price_visibility":"visible","stock_status":"in_stock"},{"bundled_item_id":68,"product_id":1301403,"menu_order":1,"quantity_min":1,"quantity_max":1,"quantity_default":1,"priced_individually":false,"shipped_individually":false,"override_title":false,"title":"Up Fotst\u00f6d","override_description":true,"description":"Nyhet 2026. Up\u2122 fotst\u00f6d ing\u00e5r utan extra kostnad.","optional":false,"hide_thumbnail":false,"discount":"","override_variations":false,"allowed_variations":[],"override_default_variation_attributes":false,"default_variation_attributes":[],"single_product_visibility":"visible","cart_visibility":"visible","order_visibility":"visible","single_product_price_visibility":"visible","cart_price_visibility":"visible","order_price_visibility":"visible","stock_status":"in_stock"}],"bundle_sell_ids":[],"acf":[],"jetpack_sharing_enabled":true,"_links":{"self":[{"href":"https:\/\/axkid.com\/sv\/wp-json\/wp\/v2\/product\/1310340","targetHints":{"allow":["GET"]}}],"collection":[{"href":"https:\/\/axkid.com\/sv\/wp-json\/wp\/v2\/product"}],"about":[{"href":"https:\/\/axkid.com\/sv\/wp-json\/wp\/v2\/types\/product"}],"replies":[{"embeddable":true,"href":"https:\/\/axkid.com\/sv\/wp-json\/wp\/v2\/comments?post=1310340"}],"wp:featuredmedia":[{"embeddable":true,"href":"https:\/\/axkid.com\/sv\/wp-json\/"}],"wp:attachment":[{"href":"https:\/\/axkid.com\/sv\/wp-json\/wp\/v2\/media?parent=1310340"}],"wp:term":[{"taxonomy":"product_brand","embeddable":true,"href":"https:\/\/axkid.com\/sv\/wp-json\/wp\/v2\/product_brand?post=1310340"},{"taxonomy":"product_cat","embeddable":true,"href":"https:\/\/axkid.com\/sv\/wp-json\/wp\/v2\/product_cat?post=1310340"},{"taxonomy":"product_tag","embeddable":true,"href":"https:\/\/axkid.com\/sv\/wp-json\/wp\/v2\/product_tag?post=1310340"}],"curies":[{"name":"wp","href":"https:\/\/api.w.org\/{rel}","templated":true}]}}