{"id":1310478,"date":"2026-01-14T13:56:52","date_gmt":"2026-01-14T12:56:52","guid":{"rendered":"https:\/\/axkid.com\/sv\/?post_type=product&#038;p=1310478"},"modified":"2026-04-19T17:43:11","modified_gmt":"2026-04-19T16:43:11","slug":"axkid-care-gokid-base","status":"publish","type":"product","link":"https:\/\/axkid.com\/sv\/product\/axkid-care-gokid-base\/","title":{"rendered":"Axkid Care &#8211; Gokid Base"},"content":{"rendered":"","protected":false},"excerpt":{"rendered":"<p>Basen \u00e4r kompatibel med v\u00e5rt babyskydd Gokid. Snabb och s\u00e4ker installation med ISOFIX-anslutningar och s\u00e4kerhetsindikatorer som garanterar korrekt installation. Babyskyddet monteras sedan enkelt p\u00e5 basen med ett klick.<\/p>\n","protected":false},"featured_media":3700000848624,"comment_status":"open","ping_status":"closed","template":"","meta":{"_acf_changed":false,"_seopress_robots_primary_cat":"none","_seopress_titles_title":"Gokid bas | Axkid","_seopress_titles_desc":"Denna bas \u00e4r kompatibel med babyskyddet Gokid. ISOFIX-anslutningarna g\u00f6r installationen snabb och s\u00e4ker.","_seopress_robots_index":"","content-type":"","_relevanssi_hide_post":"","_relevanssi_hide_content":"","_relevanssi_pin_for_all":"","_relevanssi_pin_keywords":"","_relevanssi_unpin_keywords":"","_relevanssi_related_keywords":"","_relevanssi_related_include_ids":"","_relevanssi_related_exclude_ids":"","_relevanssi_related_no_append":"","_relevanssi_related_not_related":"","_relevanssi_related_posts":"","_relevanssi_noindex_reason":"","editor_notices":[]},"product_brand":[],"product_cat":[495],"product_tag":[],"class_list":{"0":"post-1310478","1":"product","2":"type-product","3":"status-publish","4":"has-post-thumbnail","6":"product_cat-hyra-bilbarnstol","7":"product_shipping_class-axkid-care-free-shipping","9":"first","10":"instock","11":"taxable","12":"shipping-taxable","13":"purchasable","14":"product-type-subscription"},"bundled_by":["1310587"],"bundle_stock_status":"instock","bundle_stock_quantity":5,"bundle_virtual":false,"bundle_layout":"","bundle_add_to_cart_form_location":"","bundle_editable_in_cart":false,"bundle_sold_individually_context":"","bundle_item_grouping":"","bundle_min_size":"","bundle_max_size":"","bundle_price":[],"bundled_items":[],"bundle_sell_ids":[],"acf":[],"jetpack_sharing_enabled":true,"_links":{"self":[{"href":"https:\/\/axkid.com\/sv\/wp-json\/wp\/v2\/product\/1310478","targetHints":{"allow":["GET"]}}],"collection":[{"href":"https:\/\/axkid.com\/sv\/wp-json\/wp\/v2\/product"}],"about":[{"href":"https:\/\/axkid.com\/sv\/wp-json\/wp\/v2\/types\/product"}],"replies":[{"embeddable":true,"href":"https:\/\/axkid.com\/sv\/wp-json\/wp\/v2\/comments?post=1310478"}],"wp:featuredmedia":[{"embeddable":true,"href":"https:\/\/axkid.com\/sv\/wp-json\/"}],"wp:attachment":[{"href":"https:\/\/axkid.com\/sv\/wp-json\/wp\/v2\/media?parent=1310478"}],"wp:term":[{"taxonomy":"product_brand","embeddable":true,"href":"https:\/\/axkid.com\/sv\/wp-json\/wp\/v2\/product_brand?post=1310478"},{"taxonomy":"product_cat","embeddable":true,"href":"https:\/\/axkid.com\/sv\/wp-json\/wp\/v2\/product_cat?post=1310478"},{"taxonomy":"product_tag","embeddable":true,"href":"https:\/\/axkid.com\/sv\/wp-json\/wp\/v2\/product_tag?post=1310478"}],"curies":[{"name":"wp","href":"https:\/\/api.w.org\/{rel}","templated":true}]}}