{"id":1311407,"date":"2026-02-24T11:52:34","date_gmt":"2026-02-24T10:52:34","guid":{"rendered":"https:\/\/axkid.com\/sv\/?post_type=product&#038;p=1311407"},"modified":"2026-04-16T09:44:52","modified_gmt":"2026-04-16T08:44:52","slug":"kneeguardkids-4","status":"publish","type":"product","link":"https:\/\/axkid.com\/sv\/product\/kneeguardkids-4\/","title":{"rendered":"KneeGuardKids 4"},"content":{"rendered":"","protected":false},"excerpt":{"rendered":"<p>KneeGuardKids 4 \u00e4r ett justerbart fotst\u00f6d f\u00f6r fram\u00e5tv\u00e4nda bilbarnstolar. Det \u00e4r s\u00e4rskilt utvecklat f\u00f6r att ge barnens ben r\u00e4tt st\u00f6d under bilresan, vilket f\u00f6rb\u00e4ttrar b\u00e5de komfort och s\u00e4kerhet. Produkten passar barn upp till cirka 9\u201310 \u00e5r, beroende p\u00e5 barnets l\u00e4ngd.<\/p>\n","protected":false},"featured_media":1311413,"comment_status":"open","ping_status":"closed","template":"","meta":{"_acf_changed":false,"_seopress_robots_primary_cat":"none","_seopress_titles_title":"KneeGuardKids 4 | Fotst\u00f6d | Axkid","_seopress_titles_desc":"KneeGuardKids 4 \u00e4r ett justerbart fotst\u00f6d f\u00f6r fram\u00e5tv\u00e4nda bilbarnstolar, utvecklat f\u00f6r att \u00f6ka komfort och st\u00f6d under bilresor.","_seopress_robots_index":"","content-type":"","_relevanssi_hide_post":"","_relevanssi_hide_content":"","_relevanssi_pin_for_all":"","_relevanssi_pin_keywords":"","_relevanssi_unpin_keywords":"","_relevanssi_related_keywords":"","_relevanssi_related_include_ids":"","_relevanssi_related_exclude_ids":"","_relevanssi_related_no_append":"","_relevanssi_related_not_related":"","_relevanssi_related_posts":"","_relevanssi_noindex_reason":"","editor_notices":[]},"product_brand":[],"product_cat":[17],"product_tag":[],"class_list":{"0":"post-1311407","1":"product","2":"type-product","3":"status-publish","4":"has-post-thumbnail","6":"product_cat-tillbehor","8":"first","9":"instock","10":"taxable","11":"shipping-taxable","12":"purchasable","13":"product-type-simple"},"bundled_by":[],"bundle_stock_status":"instock","bundle_stock_quantity":8,"bundle_virtual":false,"bundle_layout":"","bundle_add_to_cart_form_location":"","bundle_editable_in_cart":false,"bundle_sold_individually_context":"","bundle_item_grouping":"","bundle_min_size":"","bundle_max_size":"","bundle_price":[],"bundled_items":[],"bundle_sell_ids":[],"acf":[],"jetpack_sharing_enabled":true,"_links":{"self":[{"href":"https:\/\/axkid.com\/sv\/wp-json\/wp\/v2\/product\/1311407","targetHints":{"allow":["GET"]}}],"collection":[{"href":"https:\/\/axkid.com\/sv\/wp-json\/wp\/v2\/product"}],"about":[{"href":"https:\/\/axkid.com\/sv\/wp-json\/wp\/v2\/types\/product"}],"replies":[{"embeddable":true,"href":"https:\/\/axkid.com\/sv\/wp-json\/wp\/v2\/comments?post=1311407"}],"wp:featuredmedia":[{"embeddable":true,"href":"https:\/\/axkid.com\/sv\/wp-json\/wp\/v2\/media\/1311413"}],"wp:attachment":[{"href":"https:\/\/axkid.com\/sv\/wp-json\/wp\/v2\/media?parent=1311407"}],"wp:term":[{"taxonomy":"product_brand","embeddable":true,"href":"https:\/\/axkid.com\/sv\/wp-json\/wp\/v2\/product_brand?post=1311407"},{"taxonomy":"product_cat","embeddable":true,"href":"https:\/\/axkid.com\/sv\/wp-json\/wp\/v2\/product_cat?post=1311407"},{"taxonomy":"product_tag","embeddable":true,"href":"https:\/\/axkid.com\/sv\/wp-json\/wp\/v2\/product_tag?post=1311407"}],"curies":[{"name":"wp","href":"https:\/\/api.w.org\/{rel}","templated":true}]}}