{"id":1311769,"date":"2026-03-06T11:05:43","date_gmt":"2026-03-06T10:05:43","guid":{"rendered":"https:\/\/axkid.com\/sv\/?post_type=product&#038;p=1311769"},"modified":"2026-05-02T14:14:04","modified_gmt":"2026-05-02T13:14:04","slug":"minikid-core","status":"publish","type":"product","link":"https:\/\/axkid.com\/sv\/product\/minikid-core\/","title":{"rendered":"Minikid Core"},"content":{"rendered":"","protected":false},"excerpt":{"rendered":"<p>Minikid Core \u00e4r en b\u00e4ltesmonterad, bak\u00e5tv\u00e4nd bilbarnstol (ERF) f\u00f6r barn fr\u00e5n nyf\u00f6dd upp till cirka 7 \u00e5r, godk\u00e4nd f\u00f6r 40\u2013125 cm och upp till 28 kg. Den erbjuder bak\u00e5tv\u00e4nd s\u00e4kerhet fr\u00e5n f\u00f6rsta dagen, med f\u00f6renklad b\u00e4ltesmontering utan f\u00f6rankringsband och en kompakt design som fungerar i alla typer av fordon. Bilbarnstolen \u00e4r Plustest-godk\u00e4nd och certifierad enligt UN R129, vilket ger familjer en trygg och enkel start p\u00e5 varje resa.<\/p>\n","protected":false},"featured_media":1311691,"comment_status":"open","ping_status":"closed","template":"","meta":{"_acf_changed":false,"_seopress_robots_primary_cat":"80","_seopress_titles_title":"","_seopress_titles_desc":"","_seopress_robots_index":"","content-type":"","_relevanssi_hide_post":"","_relevanssi_hide_content":"","_relevanssi_pin_for_all":"","_relevanssi_pin_keywords":"","_relevanssi_unpin_keywords":"","_relevanssi_related_keywords":"","_relevanssi_related_include_ids":"","_relevanssi_related_exclude_ids":"","_relevanssi_related_no_append":"","_relevanssi_related_not_related":"","_relevanssi_related_posts":"","_relevanssi_noindex_reason":"","editor_notices":[]},"product_brand":[],"product_cat":[18,79,80],"product_tag":[],"class_list":{"0":"post-1311769","1":"product","2":"type-product","3":"status-publish","4":"has-post-thumbnail","6":"product_cat-bilbarnstolar","7":"product_cat-babyskydd","8":"product_cat-bakatvanda-bilbarnstolar","10":"first","11":"onbackorder","12":"taxable","13":"shipping-taxable","14":"purchasable","15":"product-type-variable","16":"has-default-attributes"},"bundled_by":[],"bundle_stock_status":"onbackorder","bundle_stock_quantity":null,"bundle_virtual":false,"bundle_layout":"","bundle_add_to_cart_form_location":"","bundle_editable_in_cart":false,"bundle_sold_individually_context":"","bundle_item_grouping":"","bundle_min_size":"","bundle_max_size":"","bundle_price":[],"bundled_items":[],"bundle_sell_ids":[],"acf":[],"jetpack_sharing_enabled":true,"_links":{"self":[{"href":"https:\/\/axkid.com\/sv\/wp-json\/wp\/v2\/product\/1311769","targetHints":{"allow":["GET"]}}],"collection":[{"href":"https:\/\/axkid.com\/sv\/wp-json\/wp\/v2\/product"}],"about":[{"href":"https:\/\/axkid.com\/sv\/wp-json\/wp\/v2\/types\/product"}],"replies":[{"embeddable":true,"href":"https:\/\/axkid.com\/sv\/wp-json\/wp\/v2\/comments?post=1311769"}],"wp:featuredmedia":[{"embeddable":true,"href":"https:\/\/axkid.com\/sv\/wp-json\/wp\/v2\/media\/1311691"}],"wp:attachment":[{"href":"https:\/\/axkid.com\/sv\/wp-json\/wp\/v2\/media?parent=1311769"}],"wp:term":[{"taxonomy":"product_brand","embeddable":true,"href":"https:\/\/axkid.com\/sv\/wp-json\/wp\/v2\/product_brand?post=1311769"},{"taxonomy":"product_cat","embeddable":true,"href":"https:\/\/axkid.com\/sv\/wp-json\/wp\/v2\/product_cat?post=1311769"},{"taxonomy":"product_tag","embeddable":true,"href":"https:\/\/axkid.com\/sv\/wp-json\/wp\/v2\/product_tag?post=1311769"}],"curies":[{"name":"wp","href":"https:\/\/api.w.org\/{rel}","templated":true}]}}