{"id":1312895,"date":"2026-04-22T07:39:00","date_gmt":"2026-04-22T06:39:00","guid":{"rendered":"https:\/\/axkid.com\/sv\/?post_type=product&#038;p=1312895"},"modified":"2026-04-24T08:42:38","modified_gmt":"2026-04-24T07:42:38","slug":"zero-pro","status":"publish","type":"product","link":"https:\/\/axkid.com\/sv\/product\/zero-pro\/","title":{"rendered":"Zero Pro"},"content":{"rendered":"","protected":false},"excerpt":{"rendered":"<p>Zero Pro \u00e4r ett babyskydd utvecklat f\u00f6r att ge ditt barn en trygg start fr\u00e5n f\u00f6rsta dagen. Det \u00e4r l\u00e4tt att b\u00e4ra och utformat f\u00f6r att ge sm\u00e5 barn r\u00e4tt st\u00f6d redan fr\u00e5n den f\u00f6rsta resan hem. Godk\u00e4nt f\u00f6r barn mellan 40\u201387 cm och upp till 13 kg. Zero Pro \u00e4r R129 i-Size-godk\u00e4nt och kan installeras med Zero Pro Base eller med bilens 3-punktsb\u00e4lte.<\/p>\n","protected":false},"featured_media":1312900,"comment_status":"open","ping_status":"closed","template":"","meta":{"_acf_changed":false,"_seopress_robots_primary_cat":"18","_seopress_titles_title":"Zero Pro - Babyskydd | S\u00e4kerhet f\u00f6r nyf\u00f6dda fr\u00e5n f\u00f6rsta dagen","_seopress_titles_desc":"Zero Pro \u00e4r ett l\u00e4tt babyskydd f\u00f6r nyf\u00f6dda upp till 15 m\u00e5nader (40\u201387 cm, 0\u201313 kg). R129 i-Size-godk\u00e4nt och travel system-kompatibelt.","_seopress_robots_index":"","content-type":"","_relevanssi_hide_post":"","_relevanssi_hide_content":"","_relevanssi_pin_for_all":"","_relevanssi_pin_keywords":"","_relevanssi_unpin_keywords":"","_relevanssi_related_keywords":"","_relevanssi_related_include_ids":"","_relevanssi_related_exclude_ids":"","_relevanssi_related_no_append":"","_relevanssi_related_not_related":"","_relevanssi_related_posts":"","_relevanssi_noindex_reason":"","editor_notices":[]},"product_brand":[],"product_cat":[18,79],"product_tag":[],"class_list":{"0":"post-1312895","1":"product","2":"type-product","3":"status-publish","4":"has-post-thumbnail","6":"product_cat-bilbarnstolar","7":"product_cat-babyskydd","9":"first","10":"onbackorder","11":"taxable","12":"shipping-taxable","13":"purchasable","14":"product-type-variable","15":"has-default-attributes"},"bundled_by":["1312909"],"bundle_stock_status":"onbackorder","bundle_stock_quantity":null,"bundle_virtual":false,"bundle_layout":"","bundle_add_to_cart_form_location":"","bundle_editable_in_cart":false,"bundle_sold_individually_context":"","bundle_item_grouping":"","bundle_min_size":"","bundle_max_size":"","bundle_price":[],"bundled_items":[],"bundle_sell_ids":[],"acf":[],"jetpack_sharing_enabled":true,"_links":{"self":[{"href":"https:\/\/axkid.com\/sv\/wp-json\/wp\/v2\/product\/1312895","targetHints":{"allow":["GET"]}}],"collection":[{"href":"https:\/\/axkid.com\/sv\/wp-json\/wp\/v2\/product"}],"about":[{"href":"https:\/\/axkid.com\/sv\/wp-json\/wp\/v2\/types\/product"}],"replies":[{"embeddable":true,"href":"https:\/\/axkid.com\/sv\/wp-json\/wp\/v2\/comments?post=1312895"}],"wp:featuredmedia":[{"embeddable":true,"href":"https:\/\/axkid.com\/sv\/wp-json\/wp\/v2\/media\/1312900"}],"wp:attachment":[{"href":"https:\/\/axkid.com\/sv\/wp-json\/wp\/v2\/media?parent=1312895"}],"wp:term":[{"taxonomy":"product_brand","embeddable":true,"href":"https:\/\/axkid.com\/sv\/wp-json\/wp\/v2\/product_brand?post=1312895"},{"taxonomy":"product_cat","embeddable":true,"href":"https:\/\/axkid.com\/sv\/wp-json\/wp\/v2\/product_cat?post=1312895"},{"taxonomy":"product_tag","embeddable":true,"href":"https:\/\/axkid.com\/sv\/wp-json\/wp\/v2\/product_tag?post=1312895"}],"curies":[{"name":"wp","href":"https:\/\/api.w.org\/{rel}","templated":true}]}}