{"id":1312909,"date":"2026-04-22T09:37:01","date_gmt":"2026-04-22T08:37:01","guid":{"rendered":"https:\/\/axkid.com\/sv\/?post_type=product&#038;p=1312909"},"modified":"2026-04-24T14:19:39","modified_gmt":"2026-04-24T13:19:39","slug":"paket-zero-med-bas","status":"publish","type":"product","link":"https:\/\/axkid.com\/sv\/product\/paket-zero-med-bas\/","title":{"rendered":"Paket: Zero med bas"},"content":{"rendered":"","protected":false},"excerpt":{"rendered":"<p>Zero Pro + Bas \u00e4r ett paket med babyskydd och ISOFIX-bas, utformat f\u00f6r s\u00e4kra och enkla resor fr\u00e5n f\u00f6rsta dagen. Genom att kombinera den l\u00e4tta Zero Pro med en vridbar ISOFIX-bas f\u00e5r du s\u00e4ker installation, fasts\u00e4ttning med ett klick och smidigare hantering i vardagen f\u00f6r familjer med en nyf\u00f6dd. Passar f\u00f6r barn fr\u00e5n 40\u201387 cm och 0\u201313 kg. Zero Pro \u00e4r R129 i-Size-certifierad och byggd f\u00f6r att ge st\u00f6d \u00e5t sm\u00e5 bebisar redan fr\u00e5n den allra f\u00f6rsta resan hem.<\/p>\n","protected":false},"featured_media":1312928,"comment_status":"open","ping_status":"closed","template":"","meta":{"_acf_changed":false,"_seopress_robots_primary_cat":"18","_seopress_titles_title":"Zero Pro + Bas | Babyskydd med ISOFIX-bas | Axkid","_seopress_titles_desc":"Zero Pro-paketet kombinerar ett l\u00e4tt babyskydd med en ISOFIX-bas f\u00f6r s\u00e4kra och smidiga resor fr\u00e5n dag ett.","_seopress_robots_index":"","content-type":"","_relevanssi_hide_post":"","_relevanssi_hide_content":"","_relevanssi_pin_for_all":"","_relevanssi_pin_keywords":"","_relevanssi_unpin_keywords":"","_relevanssi_related_keywords":"","_relevanssi_related_include_ids":"","_relevanssi_related_exclude_ids":"","_relevanssi_related_no_append":"","_relevanssi_related_not_related":"","_relevanssi_related_posts":"","_relevanssi_noindex_reason":"","editor_notices":[]},"product_brand":[],"product_cat":[18,175],"product_tag":[],"class_list":{"0":"post-1312909","1":"product","2":"type-product","3":"status-publish","4":"has-post-thumbnail","6":"product_cat-bilbarnstolar","7":"product_cat-paket-bilbarnstol","9":"first","10":"onbackorder","11":"sale","12":"taxable","13":"shipping-taxable","14":"purchasable","15":"product-type-bundle"},"bundled_by":[],"bundle_stock_status":"instock","bundle_stock_quantity":"","bundle_virtual":false,"bundle_layout":"default","bundle_add_to_cart_form_location":"default","bundle_editable_in_cart":false,"bundle_sold_individually_context":"product","bundle_item_grouping":"parent","bundle_min_size":"","bundle_max_size":"","bundle_price":{"price":{"min":{"incl_tax":"3999","excl_tax":"3199.2"},"max":{"incl_tax":"3999","excl_tax":"3199.2"}},"regular_price":{"min":{"incl_tax":"4498","excl_tax":"3598.4"},"max":{"incl_tax":"4498","excl_tax":"3598.4"}}},"bundled_items":[{"bundled_item_id":99,"product_id":1312895,"menu_order":0,"quantity_min":1,"quantity_max":1,"quantity_default":1,"priced_individually":true,"shipped_individually":false,"override_title":false,"title":"Zero Pro","override_description":false,"description":"","optional":false,"hide_thumbnail":false,"discount":"","override_variations":false,"allowed_variations":[],"override_default_variation_attributes":false,"default_variation_attributes":[],"single_product_visibility":"visible","cart_visibility":"visible","order_visibility":"visible","single_product_price_visibility":"visible","cart_price_visibility":"visible","order_price_visibility":"visible","stock_status":"on_backorder"},{"bundled_item_id":100,"product_id":1312959,"menu_order":1,"quantity_min":1,"quantity_max":1,"quantity_default":1,"priced_individually":true,"shipped_individually":false,"override_title":false,"title":"Zero bas","override_description":false,"description":"","optional":false,"hide_thumbnail":false,"discount":"24.962481","override_variations":false,"allowed_variations":[],"override_default_variation_attributes":false,"default_variation_attributes":[],"single_product_visibility":"visible","cart_visibility":"visible","order_visibility":"visible","single_product_price_visibility":"visible","cart_price_visibility":"visible","order_price_visibility":"visible","stock_status":"on_backorder"}],"bundle_sell_ids":[],"acf":[],"jetpack_sharing_enabled":true,"_links":{"self":[{"href":"https:\/\/axkid.com\/sv\/wp-json\/wp\/v2\/product\/1312909","targetHints":{"allow":["GET"]}}],"collection":[{"href":"https:\/\/axkid.com\/sv\/wp-json\/wp\/v2\/product"}],"about":[{"href":"https:\/\/axkid.com\/sv\/wp-json\/wp\/v2\/types\/product"}],"replies":[{"embeddable":true,"href":"https:\/\/axkid.com\/sv\/wp-json\/wp\/v2\/comments?post=1312909"}],"wp:featuredmedia":[{"embeddable":true,"href":"https:\/\/axkid.com\/sv\/wp-json\/wp\/v2\/media\/1312928"}],"wp:attachment":[{"href":"https:\/\/axkid.com\/sv\/wp-json\/wp\/v2\/media?parent=1312909"}],"wp:term":[{"taxonomy":"product_brand","embeddable":true,"href":"https:\/\/axkid.com\/sv\/wp-json\/wp\/v2\/product_brand?post=1312909"},{"taxonomy":"product_cat","embeddable":true,"href":"https:\/\/axkid.com\/sv\/wp-json\/wp\/v2\/product_cat?post=1312909"},{"taxonomy":"product_tag","embeddable":true,"href":"https:\/\/axkid.com\/sv\/wp-json\/wp\/v2\/product_tag?post=1312909"}],"curies":[{"name":"wp","href":"https:\/\/api.w.org\/{rel}","templated":true}]}}