{"id":1312959,"date":"2026-04-22T07:54:56","date_gmt":"2026-04-22T06:54:56","guid":{"rendered":"https:\/\/axkid.com\/sv\/?post_type=product&#038;p=1312959"},"modified":"2026-04-24T13:47:15","modified_gmt":"2026-04-24T12:47:15","slug":"zero-base","status":"publish","type":"product","link":"https:\/\/axkid.com\/sv\/product\/zero-base\/","title":{"rendered":"Zero bas"},"content":{"rendered":"","protected":false},"excerpt":{"rendered":"<p>Zero Base \u00e4r utvecklad f\u00f6r att ge en trygg och enkel start p\u00e5 varje resa med Zero Pro. Med ISOFIX-f\u00e4sten, justerbart st\u00f6dben och tydliga s\u00e4kerhetsindikatorer skapas en s\u00e4ker installation fr\u00e5n f\u00f6rsta dagen. Enkel fasts\u00e4ttning och 180 graders rotation g\u00f6r vardagen smidigare.<\/p>\n","protected":false},"featured_media":1312961,"comment_status":"open","ping_status":"closed","template":"","meta":{"_acf_changed":false,"_seopress_robots_primary_cat":"18","_seopress_titles_title":"Zero Base | Axkid","_seopress_titles_desc":"Zero Base \u00e4r utvecklad f\u00f6r att ge en trygg och enkel start p\u00e5 varje resa med Zero Pro. Med ISOFIX-f\u00e4sten, justerbart st\u00f6dben och tydliga s\u00e4kerhetsindikatorer.","_seopress_robots_index":"","content-type":"","_relevanssi_hide_post":"","_relevanssi_hide_content":"","_relevanssi_pin_for_all":"","_relevanssi_pin_keywords":"","_relevanssi_unpin_keywords":"","_relevanssi_related_keywords":"","_relevanssi_related_include_ids":"","_relevanssi_related_exclude_ids":"","_relevanssi_related_no_append":"","_relevanssi_related_not_related":"","_relevanssi_related_posts":"","_relevanssi_noindex_reason":"","editor_notices":[]},"product_brand":[],"product_cat":[18,79],"product_tag":[],"class_list":{"0":"post-1312959","1":"product","2":"type-product","3":"status-publish","4":"has-post-thumbnail","6":"product_cat-bilbarnstolar","7":"product_cat-babyskydd","9":"first","10":"onbackorder","11":"taxable","12":"shipping-taxable","13":"purchasable","14":"product-type-simple"},"bundled_by":["1312909"],"bundle_stock_status":"onbackorder","bundle_stock_quantity":0,"bundle_virtual":false,"bundle_layout":"","bundle_add_to_cart_form_location":"","bundle_editable_in_cart":false,"bundle_sold_individually_context":"","bundle_item_grouping":"","bundle_min_size":"","bundle_max_size":"","bundle_price":[],"bundled_items":[],"bundle_sell_ids":[],"acf":[],"jetpack_sharing_enabled":true,"_links":{"self":[{"href":"https:\/\/axkid.com\/sv\/wp-json\/wp\/v2\/product\/1312959","targetHints":{"allow":["GET"]}}],"collection":[{"href":"https:\/\/axkid.com\/sv\/wp-json\/wp\/v2\/product"}],"about":[{"href":"https:\/\/axkid.com\/sv\/wp-json\/wp\/v2\/types\/product"}],"replies":[{"embeddable":true,"href":"https:\/\/axkid.com\/sv\/wp-json\/wp\/v2\/comments?post=1312959"}],"wp:featuredmedia":[{"embeddable":true,"href":"https:\/\/axkid.com\/sv\/wp-json\/wp\/v2\/media\/1312961"}],"wp:attachment":[{"href":"https:\/\/axkid.com\/sv\/wp-json\/wp\/v2\/media?parent=1312959"}],"wp:term":[{"taxonomy":"product_brand","embeddable":true,"href":"https:\/\/axkid.com\/sv\/wp-json\/wp\/v2\/product_brand?post=1312959"},{"taxonomy":"product_cat","embeddable":true,"href":"https:\/\/axkid.com\/sv\/wp-json\/wp\/v2\/product_cat?post=1312959"},{"taxonomy":"product_tag","embeddable":true,"href":"https:\/\/axkid.com\/sv\/wp-json\/wp\/v2\/product_tag?post=1312959"}],"curies":[{"name":"wp","href":"https:\/\/api.w.org\/{rel}","templated":true}]}}