{"id":15267,"date":"2025-02-06T06:00:24","date_gmt":"2025-02-06T05:00:24","guid":{"rendered":"https:\/\/axkid.com\/?post_type=product&#038;p=15267"},"modified":"2026-04-20T19:00:19","modified_gmt":"2026-04-20T18:00:19","slug":"spinkid","status":"publish","type":"product","link":"https:\/\/axkid.com\/sv\/product\/spinkid\/","title":{"rendered":"Spinkid"},"content":{"rendered":"","protected":false},"excerpt":{"rendered":"<p><strong>K\u00f6p Spinkid, f\u00e5 \u00f6verdrag p\u00e5 k\u00f6pet. L\u00e4gg till b\u00e5de Spinkid och <a href=\"https:\/\/axkid.com\/sv\/product\/overdrag-minikid-wolmax-move\/\">\u00f6verdrag <\/a>i varukorgen &#8211; anv\u00e4nd sedan rabattkod: BAMBU.<\/strong><\/p>\n<p><em>G\u00e4ller s\u00e5 l\u00e5ngt lagret r\u00e4cker<\/em><\/p>\n<p>Spinkid erbjuder enkel flexibilitet \u00e5t alla h\u00e5ll. En s\u00e4ker och bekv\u00e4m roterande stol som kan vridas 180 grader. Kan anv\u00e4ndas fr\u00e5n f\u00f6dseln upp till cirka 4 \u00e5r. Har ett 12-stegs nackst\u00f6d, flera lutningsl\u00e4gen och en kompakt design.<\/p>\n","protected":false},"featured_media":370000015297,"comment_status":"open","ping_status":"closed","template":"","meta":{"_acf_changed":false,"_seopress_robots_primary_cat":"80","_seopress_titles_title":"","_seopress_titles_desc":"Spinkid erbjuder enkel flexibilitet \u00e5t alla h\u00e5ll. En s\u00e4ker och bekv\u00e4m roterande stol som kan vridas 180 grader.","_seopress_robots_index":"","content-type":"","_relevanssi_hide_post":"","_relevanssi_hide_content":"","_relevanssi_pin_for_all":"","_relevanssi_pin_keywords":"","_relevanssi_unpin_keywords":"","_relevanssi_related_keywords":"","_relevanssi_related_include_ids":"","_relevanssi_related_exclude_ids":"","_relevanssi_related_no_append":"","_relevanssi_related_not_related":"","_relevanssi_related_posts":"","_relevanssi_noindex_reason":"","editor_notices":[]},"product_brand":[],"product_cat":[18,79,80,412],"product_tag":[],"class_list":{"0":"post-15267","1":"product","2":"type-product","3":"status-publish","4":"has-post-thumbnail","6":"product_cat-bilbarnstolar","7":"product_cat-babyskydd","8":"product_cat-bakatvanda-bilbarnstolar","9":"product_cat-outlet","11":"first","12":"instock","13":"sale","14":"taxable","15":"shipping-taxable","16":"purchasable","17":"product-type-variable","18":"has-default-attributes"},"bundled_by":[],"bundle_stock_status":"instock","bundle_stock_quantity":null,"bundle_virtual":false,"bundle_layout":"","bundle_add_to_cart_form_location":"","bundle_editable_in_cart":false,"bundle_sold_individually_context":"","bundle_item_grouping":"","bundle_min_size":"","bundle_max_size":"","bundle_price":[],"bundled_items":[],"bundle_sell_ids":[],"acf":[],"jetpack_sharing_enabled":true,"_links":{"self":[{"href":"https:\/\/axkid.com\/sv\/wp-json\/wp\/v2\/product\/15267","targetHints":{"allow":["GET"]}}],"collection":[{"href":"https:\/\/axkid.com\/sv\/wp-json\/wp\/v2\/product"}],"about":[{"href":"https:\/\/axkid.com\/sv\/wp-json\/wp\/v2\/types\/product"}],"replies":[{"embeddable":true,"href":"https:\/\/axkid.com\/sv\/wp-json\/wp\/v2\/comments?post=15267"}],"wp:featuredmedia":[{"embeddable":true,"href":"https:\/\/axkid.com\/sv\/wp-json\/"}],"wp:attachment":[{"href":"https:\/\/axkid.com\/sv\/wp-json\/wp\/v2\/media?parent=15267"}],"wp:term":[{"taxonomy":"product_brand","embeddable":true,"href":"https:\/\/axkid.com\/sv\/wp-json\/wp\/v2\/product_brand?post=15267"},{"taxonomy":"product_cat","embeddable":true,"href":"https:\/\/axkid.com\/sv\/wp-json\/wp\/v2\/product_cat?post=15267"},{"taxonomy":"product_tag","embeddable":true,"href":"https:\/\/axkid.com\/sv\/wp-json\/wp\/v2\/product_tag?post=15267"}],"curies":[{"name":"wp","href":"https:\/\/api.w.org\/{rel}","templated":true}]}}