{"id":15345,"date":"2023-04-28T09:00:58","date_gmt":"2023-04-28T08:00:58","guid":{"rendered":"https:\/\/axkid.com\/?post_type=product&#038;p=15345"},"modified":"2026-03-27T07:13:23","modified_gmt":"2026-03-27T06:13:23","slug":"modukid-spadbarnsinlagg","status":"publish","type":"product","link":"https:\/\/axkid.com\/sv\/product\/modukid-spadbarnsinlagg\/","title":{"rendered":"Modukid Sp\u00e4dbarnsinl\u00e4gg"},"content":{"rendered":"<p>This insert gives the smaller child a more stable positioning in the carrier. Included when purchasing Modukid Infant.<\/p>\n","protected":false},"excerpt":{"rendered":"<p>Sp\u00e4dbarnsinl\u00e4gg som ger det mindre barnet extra stabilitet i babyskyddet. Genom att s\u00e4kerst\u00e4lla en b\u00e4ttre positionering bidrar inl\u00e4gget till \u00f6kad s\u00e4kerhet och bekv\u00e4mlighet under resan. Detta inl\u00e4gg ing\u00e5r vid k\u00f6p av Modukid Infant 2.<\/p>\n","protected":false},"featured_media":15346,"comment_status":"closed","ping_status":"closed","template":"","meta":{"_acf_changed":false,"_seopress_robots_primary_cat":"435","_seopress_titles_title":"Modukid sp\u00e4dbarnsinl\u00e4gg | AXKID","_seopress_titles_desc":"Ger en b\u00e4ttre positionering med \u00f6kad s\u00e4kerhet och bekv\u00e4mlighet under resan. Detta inl\u00e4gg ing\u00e5r vid k\u00f6p av Modukid Infant.","_seopress_robots_index":"","content-type":"","_relevanssi_hide_post":"","_relevanssi_hide_content":"","_relevanssi_pin_for_all":"","_relevanssi_pin_keywords":"","_relevanssi_unpin_keywords":"","_relevanssi_related_keywords":"","_relevanssi_related_include_ids":"","_relevanssi_related_exclude_ids":"","_relevanssi_related_no_append":"","_relevanssi_related_not_related":"","_relevanssi_related_posts":"","_relevanssi_noindex_reason":"","editor_notices":[]},"product_brand":[],"product_cat":[375,435],"product_tag":[],"class_list":{"0":"post-15345","1":"product","2":"type-product","3":"status-publish","4":"has-post-thumbnail","6":"product_cat-ovrigt-reservdelar","7":"product_cat-spadbarnsinlagg-dynor","9":"first","10":"instock","11":"taxable","12":"shipping-taxable","13":"purchasable","14":"product-type-simple"},"bundled_by":[],"bundle_stock_status":"instock","bundle_stock_quantity":1,"bundle_virtual":false,"bundle_layout":"","bundle_add_to_cart_form_location":"","bundle_editable_in_cart":false,"bundle_sold_individually_context":"","bundle_item_grouping":"","bundle_min_size":"","bundle_max_size":"","bundle_price":[],"bundled_items":[],"bundle_sell_ids":[],"acf":[],"jetpack_sharing_enabled":true,"_links":{"self":[{"href":"https:\/\/axkid.com\/sv\/wp-json\/wp\/v2\/product\/15345","targetHints":{"allow":["GET"]}}],"collection":[{"href":"https:\/\/axkid.com\/sv\/wp-json\/wp\/v2\/product"}],"about":[{"href":"https:\/\/axkid.com\/sv\/wp-json\/wp\/v2\/types\/product"}],"replies":[{"embeddable":true,"href":"https:\/\/axkid.com\/sv\/wp-json\/wp\/v2\/comments?post=15345"}],"wp:featuredmedia":[{"embeddable":true,"href":"https:\/\/axkid.com\/sv\/wp-json\/wp\/v2\/media\/15346"}],"wp:attachment":[{"href":"https:\/\/axkid.com\/sv\/wp-json\/wp\/v2\/media?parent=15345"}],"wp:term":[{"taxonomy":"product_brand","embeddable":true,"href":"https:\/\/axkid.com\/sv\/wp-json\/wp\/v2\/product_brand?post=15345"},{"taxonomy":"product_cat","embeddable":true,"href":"https:\/\/axkid.com\/sv\/wp-json\/wp\/v2\/product_cat?post=15345"},{"taxonomy":"product_tag","embeddable":true,"href":"https:\/\/axkid.com\/sv\/wp-json\/wp\/v2\/product_tag?post=15345"}],"curies":[{"name":"wp","href":"https:\/\/api.w.org\/{rel}","templated":true}]}}