{"id":15351,"date":"2023-04-28T08:28:17","date_gmt":"2023-04-28T07:28:17","guid":{"rendered":"https:\/\/axkid.com\/?post_type=product&#038;p=15351"},"modified":"2025-12-04T06:18:23","modified_gmt":"2025-12-04T05:18:23","slug":"minikid-3-smabarnsinlagg","status":"publish","type":"product","link":"https:\/\/axkid.com\/sv\/product\/minikid-3-smabarnsinlagg\/","title":{"rendered":"Minikid 3 sm\u00e5barnsinl\u00e4gg"},"content":{"rendered":"<p>The insert cushion gives the smaller child between 61-105 cm a more stable seating position. Included when purchasing Axkid Minikid 3 and Minikid 3 Premium.<\/p>\n","protected":false},"excerpt":{"rendered":"<p>Sm\u00e5barnsinl\u00e4gget ger det mindre barnet mellan 61-105 cm en mer stabil sittposition. Ing\u00e5r vid k\u00f6p av Axkid Minikid 3 och Minikid 3 Premium.<\/p>\n","protected":false},"featured_media":15352,"comment_status":"closed","ping_status":"closed","template":"","meta":{"_acf_changed":false,"_seopress_robots_primary_cat":"435","_seopress_titles_title":"Minikid 3 sm\u00e5barnsinl\u00e4gg | AXKID","_seopress_titles_desc":"","_seopress_robots_index":"","content-type":"","_relevanssi_hide_post":"","_relevanssi_hide_content":"","_relevanssi_pin_for_all":"","_relevanssi_pin_keywords":"","_relevanssi_unpin_keywords":"","_relevanssi_related_keywords":"","_relevanssi_related_include_ids":"","_relevanssi_related_exclude_ids":"","_relevanssi_related_no_append":"","_relevanssi_related_not_related":"","_relevanssi_related_posts":"","_relevanssi_noindex_reason":"","editor_notices":[]},"product_brand":[],"product_cat":[375,435],"product_tag":[],"class_list":{"0":"post-15351","1":"product","2":"type-product","3":"status-publish","4":"has-post-thumbnail","6":"product_cat-ovrigt-reservdelar","7":"product_cat-spadbarnsinlagg-dynor","9":"first","10":"instock","11":"taxable","12":"shipping-taxable","13":"purchasable","14":"product-type-simple"},"bundled_by":[],"bundle_stock_status":"instock","bundle_stock_quantity":3,"bundle_virtual":false,"bundle_layout":"","bundle_add_to_cart_form_location":"","bundle_editable_in_cart":false,"bundle_sold_individually_context":"","bundle_item_grouping":"","bundle_min_size":"","bundle_max_size":"","bundle_price":[],"bundled_items":[],"bundle_sell_ids":[],"acf":[],"jetpack_sharing_enabled":true,"_links":{"self":[{"href":"https:\/\/axkid.com\/sv\/wp-json\/wp\/v2\/product\/15351","targetHints":{"allow":["GET"]}}],"collection":[{"href":"https:\/\/axkid.com\/sv\/wp-json\/wp\/v2\/product"}],"about":[{"href":"https:\/\/axkid.com\/sv\/wp-json\/wp\/v2\/types\/product"}],"replies":[{"embeddable":true,"href":"https:\/\/axkid.com\/sv\/wp-json\/wp\/v2\/comments?post=15351"}],"wp:featuredmedia":[{"embeddable":true,"href":"https:\/\/axkid.com\/sv\/wp-json\/wp\/v2\/media\/15352"}],"wp:attachment":[{"href":"https:\/\/axkid.com\/sv\/wp-json\/wp\/v2\/media?parent=15351"}],"wp:term":[{"taxonomy":"product_brand","embeddable":true,"href":"https:\/\/axkid.com\/sv\/wp-json\/wp\/v2\/product_brand?post=15351"},{"taxonomy":"product_cat","embeddable":true,"href":"https:\/\/axkid.com\/sv\/wp-json\/wp\/v2\/product_cat?post=15351"},{"taxonomy":"product_tag","embeddable":true,"href":"https:\/\/axkid.com\/sv\/wp-json\/wp\/v2\/product_tag?post=15351"}],"curies":[{"name":"wp","href":"https:\/\/api.w.org\/{rel}","templated":true}]}}