{"id":15353,"date":"2023-04-28T08:50:27","date_gmt":"2023-04-28T07:50:27","guid":{"rendered":"https:\/\/axkid.com\/?post_type=product&#038;p=15353"},"modified":"2026-05-04T15:11:22","modified_gmt":"2026-05-04T14:11:22","slug":"one-spadbarnsinlagg","status":"publish","type":"product","link":"https:\/\/axkid.com\/sv\/product\/one-spadbarnsinlagg\/","title":{"rendered":"ONE \/ ONE 2 &amp; ONE 3 sp\u00e4dbarnsinl\u00e4gg"},"content":{"rendered":"<p>Convert your Axkid ONE car seat to a baby car seat. The insert allows a newborn child between up to 60 cm to travel in an Axkid ONE. Included when purchasing Axkid ONE+ 2. Fits all Axkid ONE and ONE 2 models.<\/p>\n","protected":false},"excerpt":{"rendered":"<p>Sp\u00e4dbarnsinl\u00e4gget ger din baby en stabilare positionering i bilbarnstolen. F\u00f6r barn mellan 0-60 cm. Ing\u00e5r vid k\u00f6p av Axkid ONE+ 3. Passar Axkid ONE, Axkid ONE+, Axkid ONE 2, Axkid ONE+ 2, Axkid ONE 3 &amp; Axkid ONE+ 3<\/p>\n","protected":false},"featured_media":15354,"comment_status":"closed","ping_status":"closed","template":"","meta":{"_acf_changed":false,"_seopress_robots_primary_cat":"435","_seopress_titles_title":"ONE Sm\u00e5barnsinl\u00e4gg | AXKID","_seopress_titles_desc":"Sp\u00e4dbarnsinl\u00e4gget ger din baby en stabilare positionering i bilbarnstolen. F\u00f6r barn mellan 0-105 cm.","_seopress_robots_index":"","content-type":"","_relevanssi_hide_post":"","_relevanssi_hide_content":"","_relevanssi_pin_for_all":"","_relevanssi_pin_keywords":"","_relevanssi_unpin_keywords":"","_relevanssi_related_keywords":"","_relevanssi_related_include_ids":"","_relevanssi_related_exclude_ids":"","_relevanssi_related_no_append":"","_relevanssi_related_not_related":"","_relevanssi_related_posts":"","_relevanssi_noindex_reason":"","editor_notices":[]},"product_brand":[],"product_cat":[375,435],"product_tag":[],"class_list":{"0":"post-15353","1":"product","2":"type-product","3":"status-publish","4":"has-post-thumbnail","6":"product_cat-ovrigt-reservdelar","7":"product_cat-spadbarnsinlagg-dynor","9":"first","10":"instock","11":"taxable","12":"shipping-taxable","13":"purchasable","14":"product-type-simple"},"bundled_by":[],"bundle_stock_status":"instock","bundle_stock_quantity":6,"bundle_virtual":false,"bundle_layout":"","bundle_add_to_cart_form_location":"","bundle_editable_in_cart":false,"bundle_sold_individually_context":"","bundle_item_grouping":"","bundle_min_size":"","bundle_max_size":"","bundle_price":[],"bundled_items":[],"bundle_sell_ids":[],"acf":[],"jetpack_sharing_enabled":true,"_links":{"self":[{"href":"https:\/\/axkid.com\/sv\/wp-json\/wp\/v2\/product\/15353","targetHints":{"allow":["GET"]}}],"collection":[{"href":"https:\/\/axkid.com\/sv\/wp-json\/wp\/v2\/product"}],"about":[{"href":"https:\/\/axkid.com\/sv\/wp-json\/wp\/v2\/types\/product"}],"replies":[{"embeddable":true,"href":"https:\/\/axkid.com\/sv\/wp-json\/wp\/v2\/comments?post=15353"}],"wp:featuredmedia":[{"embeddable":true,"href":"https:\/\/axkid.com\/sv\/wp-json\/wp\/v2\/media\/15354"}],"wp:attachment":[{"href":"https:\/\/axkid.com\/sv\/wp-json\/wp\/v2\/media?parent=15353"}],"wp:term":[{"taxonomy":"product_brand","embeddable":true,"href":"https:\/\/axkid.com\/sv\/wp-json\/wp\/v2\/product_brand?post=15353"},{"taxonomy":"product_cat","embeddable":true,"href":"https:\/\/axkid.com\/sv\/wp-json\/wp\/v2\/product_cat?post=15353"},{"taxonomy":"product_tag","embeddable":true,"href":"https:\/\/axkid.com\/sv\/wp-json\/wp\/v2\/product_tag?post=15353"}],"curies":[{"name":"wp","href":"https:\/\/api.w.org\/{rel}","templated":true}]}}